{"id":852,"date":"2016-06-28T20:43:49","date_gmt":"2016-06-28T18:43:49","guid":{"rendered":"http:\/\/develop.tews-diabetes.de\/tr\/service\/nuetzliche-links\/"},"modified":"2023-11-23T10:30:25","modified_gmt":"2023-11-23T09:30:25","slug":"gerekli-linkler","status":"publish","type":"page","link":"https:\/\/www.tews-diabetes.de\/tr\/service\/gerekli-linkler\/","title":{"rendered":"Gerekli Linkler"},"content":{"rendered":"<div id=\"pl-852\"  class=\"panel-layout\" ><div id=\"pg-852-0\"  class=\"panel-grid panel-no-style\" ><div id=\"pgc-852-0-0\"  class=\"panel-grid-cell\" ><div id=\"panel-852-0-0-0\" class=\"so-panel widget widget_sow-editor panel-first-child panel-last-child\" data-index=\"0\" ><div\n\t\t\t\n\t\t\tclass=\"so-widget-sow-editor so-widget-sow-editor-base\"\n\t\t\t\n\t\t><h2 class=\"widget-title\">Gerekli Linkler\/Internet Baglantilari<\/h2>\n<div class=\"siteorigin-widget-tinymce textwidget\">\n\t<h3>Saygideger hastalarimizin bilgisine, t\u00fcm Downloads ve Service Link leri Almanca olacaktir.<\/h3>\n<h3>Diyabet ile ilgili \u00f6nerdigimiz Internet Sayfalarini Asagidaki Baglantilardan bulabilirsiniz:<\/h3>\n<p><a href=\"http:\/\/www.diabetesde.org\" target=\"blank\" rel=\"noopener\">www.diabetesde.org<\/a> Diyabet ile ilgili \u00f6nerdigimiz Internet Sayfalarini Asagidaki Baglantilardan bulabilirsiniz:<\/p>\n<p><a href=\"http:\/\/www.diabetes-deutschland.de\" target=\"blank\" rel=\"noopener\">www.diabetes-deutschland.de<\/a> Diyabet ile ilgili t\u00fcm Bilgiler<\/p>\n<p><a href=\"http:\/\/www.diabetikerbund.de\" target=\"blank\" rel=\"noopener\">www.diabetikerbund.de<\/a>\u00a0 Alman Diyabet Kurumu (kendi kendine yardim Grubu)<\/p>\n<p><a href=\"http:\/\/www.diabetologen-hessen.de\" target=\"blank\" rel=\"noopener\">www.diabetologen-hessen.de<\/a> Diabetologen eG Hessen<\/p>\n<p><a href=\"http:\/\/www.diabetes-forum.de\" target=\"blank\" rel=\"noopener\">www.diabetes-forum.de<\/a> 1. ve 2. Tip Diyabet icin Bilgi Portali<\/p>\n<p><a href=\"http:\/\/www.dge.de\" target=\"blank\" rel=\"noopener\">www.dge.de<\/a>\u00a0 Alman Beslenme Toplulugu<\/p>\n<p><a href=\"https:\/\/sekosgelnhausen.de\/selbsthilfe-finden\/gruppe-finden\/\" target=\"_blank\" rel=\"noopener\">www.sekosgelnhausen.de<\/a>\u00a0<span class=\"Y2IQFc\" lang=\"tr\">\u015eeker hastalar\u0131 ve di\u011fer hastal\u0131klar i\u00e7in kendi kendine yard\u0131m gruplar\u0131<\/span><\/p>\n<p><a href=\"http:\/\/www.augen.de\" target=\"blank\" rel=\"noopener\">www.augen.de<\/a> G\u00f6z ve G\u00f6rme Konusuna Bilgi Servisi<\/p>\n<p><a href=\"http:\/\/www.hdg-info.de\/\" target=\"_blank\" rel=\"noopener\">www.hdg-info.de<\/a> Hessische Diabetesgesellschaft der DDG<\/p>\n<p><a href=\"https:\/\/www.aerzteblatt.de\/archiv\/210802\/Arzneimittelbehandlung-der-Schwangeren\">www.aerzteblatt.de<\/a> <span class=\"Y2IQFc\" lang=\"tr\">Hamile kad\u0131nlar\u0131n ila\u00e7 tedavisi<\/span><\/p>\n<p><a href=\"https:\/\/www.deutsche-diabetes-gesellschaft.de\/presse\/ob-gestationsdiabetes-typ-1-oder-typ-2-schwangere-frauen-mit-diabetes-benoetigen-engmaschige-betreuung\" target=\"_blank\" rel=\"noopener\">www.gestationsdiabetes.de<\/a> <span class=\"Y2IQFc\" lang=\"tr\">Hamile kad\u0131nlar i\u00e7in bilgi portal\u0131<\/span><\/p>\n<\/div>\n<\/div><\/div><\/div><\/div><\/div>","protected":false},"excerpt":{"rendered":"<p>Saygideger hastalarimizin bilgisine, t\u00fcm Downloads ve Service Link leri Almanca olacaktir. Diyabet ile ilgili \u00f6nerdigimiz Internet Sayfalarini Asagidaki Baglantilardan bulabilirsiniz: www.diabetesde.org Diyabet ile ilgili \u00f6nerdigimiz Internet Sayfalarini Asagidaki Baglantilardan bulabilirsiniz: www.diabetes-deutschland.de Diyabet ile ilgili t\u00fcm Bilgiler www.diabetikerbund.de\u00a0 Alman Diyabet Kurumu (kendi kendine yardim Grubu) www.diabetologen-hessen.de Diabetologen eG Hessen www.diabetes-forum.de 1. ve 2. Tip Diyabet icin &hellip;<\/p>\n","protected":false},"author":1,"featured_media":0,"parent":776,"menu_order":0,"comment_status":"closed","ping_status":"closed","template":"template-builder-page.php","meta":{"_acf_changed":false,"footnotes":""},"class_list":["post-852","page","type-page","status-publish","hentry"],"acf":[],"yoast_head":"<!-- This site is optimized with the Yoast SEO plugin v27.5 - https:\/\/yoast.com\/product\/yoast-seo-wordpress\/ -->\n<title>Gerekli Linkler - MVZ Diabeteszentrum Dr. Tews GmbH<\/title>\n<meta name=\"robots\" content=\"index, follow, max-snippet:-1, max-image-preview:large, max-video-preview:-1\" \/>\n<link rel=\"canonical\" href=\"https:\/\/www.tews-diabetes.de\/tr\/service\/gerekli-linkler\/\" \/>\n<meta property=\"og:locale\" content=\"tr_TR\" \/>\n<meta property=\"og:type\" content=\"article\" \/>\n<meta property=\"og:title\" content=\"Gerekli Linkler - MVZ Diabeteszentrum Dr. Tews GmbH\" \/>\n<meta property=\"og:description\" content=\"Saygideger hastalarimizin bilgisine, t\u00fcm Downloads ve Service Link leri Almanca olacaktir. Diyabet ile ilgili \u00f6nerdigimiz Internet Sayfalarini Asagidaki Baglantilardan bulabilirsiniz: www.diabetesde.org Diyabet ile ilgili \u00f6nerdigimiz Internet Sayfalarini Asagidaki Baglantilardan bulabilirsiniz: www.diabetes-deutschland.de Diyabet ile ilgili t\u00fcm Bilgiler www.diabetikerbund.de\u00a0 Alman Diyabet Kurumu (kendi kendine yardim Grubu) www.diabetologen-hessen.de Diabetologen eG Hessen www.diabetes-forum.de 1. ve 2. Tip Diyabet icin &hellip;\" \/>\n<meta property=\"og:url\" content=\"https:\/\/www.tews-diabetes.de\/tr\/service\/gerekli-linkler\/\" \/>\n<meta property=\"og:site_name\" content=\"MVZ Diabeteszentrum Dr. Tews GmbH\" \/>\n<meta property=\"article:modified_time\" content=\"2023-11-23T09:30:25+00:00\" \/>\n<meta name=\"twitter:card\" content=\"summary_large_image\" \/>\n<meta name=\"twitter:label1\" content=\"Tahmini okuma s\u00fcresi\" \/>\n\t<meta name=\"twitter:data1\" content=\"1 dakika\" \/>\n<script type=\"application\/ld+json\" class=\"yoast-schema-graph\">{\"@context\":\"https:\\\/\\\/schema.org\",\"@graph\":[{\"@type\":\"WebPage\",\"@id\":\"https:\\\/\\\/www.tews-diabetes.de\\\/tr\\\/service\\\/gerekli-linkler\\\/\",\"url\":\"https:\\\/\\\/www.tews-diabetes.de\\\/tr\\\/service\\\/gerekli-linkler\\\/\",\"name\":\"Gerekli Linkler - MVZ Diabeteszentrum Dr. Tews GmbH\",\"isPartOf\":{\"@id\":\"https:\\\/\\\/www.tews-diabetes.de\\\/tr\\\/#website\"},\"datePublished\":\"2016-06-28T18:43:49+00:00\",\"dateModified\":\"2023-11-23T09:30:25+00:00\",\"breadcrumb\":{\"@id\":\"https:\\\/\\\/www.tews-diabetes.de\\\/tr\\\/service\\\/gerekli-linkler\\\/#breadcrumb\"},\"inLanguage\":\"tr\",\"potentialAction\":[{\"@type\":\"ReadAction\",\"target\":[\"https:\\\/\\\/www.tews-diabetes.de\\\/tr\\\/service\\\/gerekli-linkler\\\/\"]}]},{\"@type\":\"BreadcrumbList\",\"@id\":\"https:\\\/\\\/www.tews-diabetes.de\\\/tr\\\/service\\\/gerekli-linkler\\\/#breadcrumb\",\"itemListElement\":[{\"@type\":\"ListItem\",\"position\":1,\"name\":\"Startseite\",\"item\":\"https:\\\/\\\/www.tews-diabetes.de\\\/tr\\\/\"},{\"@type\":\"ListItem\",\"position\":2,\"name\":\"Service\",\"item\":\"https:\\\/\\\/www.tews-diabetes.de\\\/tr\\\/service\\\/\"},{\"@type\":\"ListItem\",\"position\":3,\"name\":\"Gerekli Linkler\"}]},{\"@type\":\"WebSite\",\"@id\":\"https:\\\/\\\/www.tews-diabetes.de\\\/tr\\\/#website\",\"url\":\"https:\\\/\\\/www.tews-diabetes.de\\\/tr\\\/\",\"name\":\"MVZ Diabeteszentrum Dr. Tews GmbH\",\"description\":\"\",\"potentialAction\":[{\"@type\":\"SearchAction\",\"target\":{\"@type\":\"EntryPoint\",\"urlTemplate\":\"https:\\\/\\\/www.tews-diabetes.de\\\/tr\\\/?s={search_term_string}\"},\"query-input\":{\"@type\":\"PropertyValueSpecification\",\"valueRequired\":true,\"valueName\":\"search_term_string\"}}],\"inLanguage\":\"tr\"}]}<\/script>\n<!-- \/ Yoast SEO plugin. -->","yoast_head_json":{"title":"Gerekli Linkler - MVZ Diabeteszentrum Dr. Tews GmbH","robots":{"index":"index","follow":"follow","max-snippet":"max-snippet:-1","max-image-preview":"max-image-preview:large","max-video-preview":"max-video-preview:-1"},"canonical":"https:\/\/www.tews-diabetes.de\/tr\/service\/gerekli-linkler\/","og_locale":"tr_TR","og_type":"article","og_title":"Gerekli Linkler - MVZ Diabeteszentrum Dr. Tews GmbH","og_description":"Saygideger hastalarimizin bilgisine, t\u00fcm Downloads ve Service Link leri Almanca olacaktir. Diyabet ile ilgili \u00f6nerdigimiz Internet Sayfalarini Asagidaki Baglantilardan bulabilirsiniz: www.diabetesde.org Diyabet ile ilgili \u00f6nerdigimiz Internet Sayfalarini Asagidaki Baglantilardan bulabilirsiniz: www.diabetes-deutschland.de Diyabet ile ilgili t\u00fcm Bilgiler www.diabetikerbund.de\u00a0 Alman Diyabet Kurumu (kendi kendine yardim Grubu) www.diabetologen-hessen.de Diabetologen eG Hessen www.diabetes-forum.de 1. ve 2. Tip Diyabet icin &hellip;","og_url":"https:\/\/www.tews-diabetes.de\/tr\/service\/gerekli-linkler\/","og_site_name":"MVZ Diabeteszentrum Dr. Tews GmbH","article_modified_time":"2023-11-23T09:30:25+00:00","twitter_card":"summary_large_image","twitter_misc":{"Tahmini okuma s\u00fcresi":"1 dakika"},"schema":{"@context":"https:\/\/schema.org","@graph":[{"@type":"WebPage","@id":"https:\/\/www.tews-diabetes.de\/tr\/service\/gerekli-linkler\/","url":"https:\/\/www.tews-diabetes.de\/tr\/service\/gerekli-linkler\/","name":"Gerekli Linkler - MVZ Diabeteszentrum Dr. Tews GmbH","isPartOf":{"@id":"https:\/\/www.tews-diabetes.de\/tr\/#website"},"datePublished":"2016-06-28T18:43:49+00:00","dateModified":"2023-11-23T09:30:25+00:00","breadcrumb":{"@id":"https:\/\/www.tews-diabetes.de\/tr\/service\/gerekli-linkler\/#breadcrumb"},"inLanguage":"tr","potentialAction":[{"@type":"ReadAction","target":["https:\/\/www.tews-diabetes.de\/tr\/service\/gerekli-linkler\/"]}]},{"@type":"BreadcrumbList","@id":"https:\/\/www.tews-diabetes.de\/tr\/service\/gerekli-linkler\/#breadcrumb","itemListElement":[{"@type":"ListItem","position":1,"name":"Startseite","item":"https:\/\/www.tews-diabetes.de\/tr\/"},{"@type":"ListItem","position":2,"name":"Service","item":"https:\/\/www.tews-diabetes.de\/tr\/service\/"},{"@type":"ListItem","position":3,"name":"Gerekli Linkler"}]},{"@type":"WebSite","@id":"https:\/\/www.tews-diabetes.de\/tr\/#website","url":"https:\/\/www.tews-diabetes.de\/tr\/","name":"MVZ Diabeteszentrum Dr. Tews GmbH","description":"","potentialAction":[{"@type":"SearchAction","target":{"@type":"EntryPoint","urlTemplate":"https:\/\/www.tews-diabetes.de\/tr\/?s={search_term_string}"},"query-input":{"@type":"PropertyValueSpecification","valueRequired":true,"valueName":"search_term_string"}}],"inLanguage":"tr"}]}},"_links":{"self":[{"href":"https:\/\/www.tews-diabetes.de\/tr\/wp-json\/wp\/v2\/pages\/852","targetHints":{"allow":["GET"]}}],"collection":[{"href":"https:\/\/www.tews-diabetes.de\/tr\/wp-json\/wp\/v2\/pages"}],"about":[{"href":"https:\/\/www.tews-diabetes.de\/tr\/wp-json\/wp\/v2\/types\/page"}],"author":[{"embeddable":true,"href":"https:\/\/www.tews-diabetes.de\/tr\/wp-json\/wp\/v2\/users\/1"}],"replies":[{"embeddable":true,"href":"https:\/\/www.tews-diabetes.de\/tr\/wp-json\/wp\/v2\/comments?post=852"}],"version-history":[{"count":4,"href":"https:\/\/www.tews-diabetes.de\/tr\/wp-json\/wp\/v2\/pages\/852\/revisions"}],"predecessor-version":[{"id":6385,"href":"https:\/\/www.tews-diabetes.de\/tr\/wp-json\/wp\/v2\/pages\/852\/revisions\/6385"}],"up":[{"embeddable":true,"href":"https:\/\/www.tews-diabetes.de\/tr\/wp-json\/wp\/v2\/pages\/776"}],"wp:attachment":[{"href":"https:\/\/www.tews-diabetes.de\/tr\/wp-json\/wp\/v2\/media?parent=852"}],"curies":[{"name":"wp","href":"https:\/\/api.w.org\/{rel}","templated":true}]}}