{"id":846,"date":"2016-07-09T18:03:09","date_gmt":"2016-07-09T16:03:09","guid":{"rendered":"http:\/\/develop.tews-diabetes.de\/tr\/diyabetologjy\/studien\/"},"modified":"2017-01-04T21:31:02","modified_gmt":"2017-01-04T20:31:02","slug":"arastirma","status":"publish","type":"page","link":"https:\/\/www.tews-diabetes.de\/tr\/arastirma\/","title":{"rendered":"Arastirma"},"content":{"rendered":"<div id=\"pl-846\"  class=\"panel-layout\" ><div id=\"pg-846-0\"  class=\"panel-grid panel-no-style\" ><div id=\"pgc-846-0-0\"  class=\"panel-grid-cell\" ><div id=\"panel-846-0-0-0\" class=\"so-panel widget widget_sow-editor panel-first-child panel-last-child\" data-index=\"0\" ><div\n\t\t\t\n\t\t\tclass=\"so-widget-sow-editor so-widget-sow-editor-base\"\n\t\t\t\n\t\t><h2 class=\"widget-title\">Diyabet ile ilgili Arastirma <\/h2>\n<div class=\"siteorigin-widget-tinymce textwidget\">\n\t<h3>Diabetes mellitus Teshisi<br \/> d\u00fczenli arastirmalarla daha iyi bir yasam kalitesi sunuyor!<\/h3>\n<\/div>\n<\/div><\/div><\/div><\/div><div id=\"pg-846-1\"  class=\"panel-grid panel-no-style\" ><div id=\"pgc-846-1-0\"  class=\"panel-grid-cell\" ><div id=\"panel-846-1-0-0\" class=\"so-panel widget widget_sow-editor panel-first-child panel-last-child\" data-index=\"1\" ><div\n\t\t\t\n\t\t\tclass=\"so-widget-sow-editor so-widget-sow-editor-base\"\n\t\t\t\n\t\t>\n<div class=\"siteorigin-widget-tinymce textwidget\">\n\t<p>Almanya\u00b4da yaklasik 7-8 milyon insan Diyabetle yasiyor. Bu hastalarin iyi, saglikli ve kapsamli bir sekilde bakimi sadece ilac kullanimi ile saglanamaz. Kurslarimizda g\u00fcnl\u00fck hayatiniza y\u00f6nelik pratik bilgilerin yani sira, ilaclarinizin etkileri ve kullanimlari hakkinda bilgileri sizlerle paylasiyoruz. Son yillarda Diyabet tedavi y\u00f6ntemleri kullanilan yeni ilaclarin etkisiyle gelisme g\u00f6steriyor. Bu gelismeyi, arastirmalara katilarak yasam kalitelerini arttirmak isteyen hastalarla desteklemek istiyoruz. Muayenehanemizde farkli ilac firmalari ile isbirligi yaparak diyabetoloji alanlarinda cesitli klinik calismalar yapiyoruz. Bu arastirmalarin amaci b\u00fcy\u00fck \u00f6lc\u00fcde yeni tedavi y\u00f6ntemleri gelistirerek arastirmaya katilan kisilerin saglik kosullarini yeni acilan y\u00f6ntemlerle d\u00fczeltebilmektir. Bu arastirma ayni zamanda diyabet arastirmasina da yardimci olacaktir. Arastirmaya katilabilmek icin, simdiye kadar yapilan tedaviniz ve gizli sekerinizin (HbA1c-Degeri) ne kadar y\u00fcksek oldugu \u00f6nemlidir.<\/p>\n<p>\u00a0<\/p>\n<\/div>\n<\/div><\/div><\/div><div id=\"pgc-846-1-1\"  class=\"panel-grid-cell\" ><div id=\"panel-846-1-1-0\" class=\"so-panel widget widget_sow-image panel-first-child panel-last-child\" data-index=\"2\" ><div\n\t\t\t\n\t\t\tclass=\"so-widget-sow-image so-widget-sow-image-default-dbf295114b96-846\"\n\t\t\t\n\t\t>\n<div class=\"sow-image-container\">\n\t\t<img \n\tsrc=\"https:\/\/www.tews-diabetes.de\/wp-content\/uploads\/tews-diabetes-didi-studie.jpg\" width=\"1280\" height=\"853\" srcset=\"https:\/\/www.tews-diabetes.de\/wp-content\/uploads\/tews-diabetes-didi-studie.jpg 1280w, https:\/\/www.tews-diabetes.de\/wp-content\/uploads\/tews-diabetes-didi-studie-300x200.jpg 300w, https:\/\/www.tews-diabetes.de\/wp-content\/uploads\/tews-diabetes-didi-studie-1030x686.jpg 1030w, https:\/\/www.tews-diabetes.de\/wp-content\/uploads\/tews-diabetes-didi-studie-360x240.jpg 360w, https:\/\/www.tews-diabetes.de\/wp-content\/uploads\/tews-diabetes-didi-studie-555x370.jpg 555w, https:\/\/www.tews-diabetes.de\/wp-content\/uploads\/tews-diabetes-didi-studie-272x182.jpg 272w\" sizes=\"(max-width: 1280px) 100vw, 1280px\" alt=\"\" \t\tclass=\"so-widget-image\"\/>\n\t<\/div>\n\n<\/div><\/div><\/div><\/div><div id=\"pg-846-2\"  class=\"panel-grid panel-no-style\" ><div id=\"pgc-846-2-0\"  class=\"panel-grid-cell\" ><div id=\"panel-846-2-0-0\" class=\"so-panel widget widget_sow-editor panel-first-child panel-last-child\" data-index=\"3\" ><div\n\t\t\t\n\t\t\tclass=\"so-widget-sow-editor so-widget-sow-editor-base\"\n\t\t\t\n\t\t><h2 class=\"widget-title\">Arastirmalara Katilim- Katilimci olarak Avantajlariniz<\/h2>\n<div class=\"siteorigin-widget-tinymce textwidget\">\n\t<\/div>\n<\/div><\/div><\/div><\/div><div id=\"pg-846-3\"  class=\"panel-grid panel-no-style\" ><div id=\"pgc-846-3-0\"  class=\"panel-grid-cell\" ><div id=\"panel-846-3-0-0\" class=\"so-panel widget widget_sow-editor panel-first-child panel-last-child\" data-index=\"4\" ><div\n\t\t\t\n\t\t\tclass=\"so-widget-sow-editor so-widget-sow-editor-base\"\n\t\t\t\n\t\t>\n<div class=\"siteorigin-widget-tinymce textwidget\">\n\t<p>Arastirmalara katiliminizla birlikte yeni tedavi imkanlarinin gelistirilmesine ve Tip biliminin ilerlemesine yardimci olabilirsiniz. Yeni tedavi ve terapi imkanlarinin lansmanini yaparak yeni gelistirilen ilaclari piyasaya cikmadan deneme imkanina sahipsiniz. B\u00f6ylece belki Insulin tedavisine baslamaktan kendinizi koruyabilirsiniz.\u00a0<\/p>\n<p>Arastirmaya katildiginiz s\u00fcre icerisinde \u00f6zel egitimli ve alaninda uzman personelimiz sizinle ilgilenecektir. Deneyim esnasindaki arastirma ve tedaviler icin sizden veya sigortanizdan herhangi bir \u00fccret talep edilmemektedir.<\/p>\n<p>Gerekli t\u00fcm ekipmanlar ve Kan sekeri \u00f6lcme seritleri de sizlere \u00fccretsiz verilecektir. Arastirmaya katildiginiz icin size de cabalariniz ve harcadiginiz zamandan dolayi arastirma kapsanina g\u00f6re \u00fccret verilecektir<\/p>\n<p><strong>Eger ilginizi cektiyse l\u00fctfen bir sonraki randevunuzda bizimle irtibata geciniz<br \/><\/strong><\/p>\n<\/div>\n<\/div><\/div><\/div><div id=\"pgc-846-3-1\"  class=\"panel-grid-cell\" ><div id=\"panel-846-3-1-0\" class=\"so-panel widget widget_sow-image panel-first-child panel-last-child\" data-index=\"5\" ><div\n\t\t\t\n\t\t\tclass=\"so-widget-sow-image so-widget-sow-image-default-dbf295114b96-846\"\n\t\t\t\n\t\t>\n<div class=\"sow-image-container\">\n\t\t<img \n\tsrc=\"https:\/\/www.tews-diabetes.de\/wp-content\/uploads\/tews-diabetes-blutzucker.jpg\" width=\"1280\" height=\"853\" srcset=\"https:\/\/www.tews-diabetes.de\/wp-content\/uploads\/tews-diabetes-blutzucker.jpg 1280w, https:\/\/www.tews-diabetes.de\/wp-content\/uploads\/tews-diabetes-blutzucker-300x200.jpg 300w, https:\/\/www.tews-diabetes.de\/wp-content\/uploads\/tews-diabetes-blutzucker-1030x686.jpg 1030w, https:\/\/www.tews-diabetes.de\/wp-content\/uploads\/tews-diabetes-blutzucker-360x240.jpg 360w, https:\/\/www.tews-diabetes.de\/wp-content\/uploads\/tews-diabetes-blutzucker-555x370.jpg 555w, https:\/\/www.tews-diabetes.de\/wp-content\/uploads\/tews-diabetes-blutzucker-272x182.jpg 272w\" sizes=\"(max-width: 1280px) 100vw, 1280px\" alt=\"\" \t\tclass=\"so-widget-image\"\/>\n\t<\/div>\n\n<\/div><\/div><\/div><\/div><div id=\"pg-846-4\"  class=\"panel-grid panel-no-style\" ><div id=\"pgc-846-4-0\"  class=\"panel-grid-cell\" ><div id=\"panel-846-4-0-0\" class=\"so-panel widget widget_sow-editor panel-first-child panel-last-child\" data-index=\"6\" ><div\n\t\t\t\n\t\t\tclass=\"so-widget-sow-editor so-widget-sow-editor-base\"\n\t\t\t\n\t\t><h2 class=\"widget-title\">Arastirma D\u00f6nemleri <\/h2>\n<div class=\"siteorigin-widget-tinymce textwidget\">\n\t<h3>1. Arastirma D\u00f6nemi :<\/h3>\n<p>Incelenecek olan ilaclar saglik durumu elverisli kisilere verilmektedir. Bu\u00a0 arastirmalar Almanya\u00b4da hen\u00fcz piyasaya cikmis ya da cikmak \u00fczere olan ilaclarla yapilmakta ve g\u00f6n\u00fcll\u00fc kisiler tarafindan test edilmektedir. Birinci Arastirma d\u00f6nemindeki hedefimiz; test edilen ilacin g\u00fcvenilir ve uygun olup olmadigini arastirmak, ne zaman etkisini g\u00f6sterdigi ve etkisinin ne zaman bittigi bilgisine ulasmaktir.<\/p>\n<h3>2. Arastirma D\u00f6nemi:<\/h3>\n<p>Ikinci arastirma faslinda ilaclar hastalik belirtileri g\u00f6steren kisilerde, yani o hastaliga yakalanmis olan hastalarda denenmektedir. Bu arastirma d\u00f6nemindeki hedef ise; Ilacin tedavi etkisi, Ilactaki yan etkileri (zarar verme vs.) ve Ilaclarda dozu ayarlama bilgine ulasmaktir.<\/p>\n<h3>3. Arastirma D\u00f6nemi \u2013 Uygulama:<\/h3>\n<p>Bu d\u00f6nemde arastirilan Ilac birden fazla hasta \u00fczerinde denenmektedir. Ilacin g\u00fcnl\u00fck etkileri, tedavide etkin olup olmadigi ve saglik icin \u00f6nemi not<\/p>\n<h3>4. Arastirma D\u00f6nemi \u2013 Uygulama:<\/h3>\n<p>Bu arastirma safhasi s\u00f6z konusu ilacin onay almasi halinde uygulanmaktadir. Burada ilaclar baska saglikli y\u00f6ntemlerden de kontrolden gecirilir ve g\u00f6zlemlenir. (\u00d6rnegin; Kalp-Kan-Dolasimi-Hastaliklari Koruma veya D\u00fcs\u00fck Kan Sekeri degerleri).<\/p>\n<\/div>\n<\/div><\/div><\/div><\/div><\/div>","protected":false},"excerpt":{"rendered":"<p>Diabetes mellitus Teshisi d\u00fczenli arastirmalarla daha iyi bir yasam kalitesi sunuyor! Almanya\u00b4da yaklasik 7-8 milyon insan Diyabetle yasiyor. Bu hastalarin iyi, saglikli ve kapsamli bir sekilde bakimi sadece ilac kullanimi ile saglanamaz. Kurslarimizda g\u00fcnl\u00fck hayatiniza y\u00f6nelik pratik bilgilerin yani sira, ilaclarinizin etkileri ve kullanimlari hakkinda bilgileri sizlerle paylasiyoruz. Son yillarda Diyabet tedavi y\u00f6ntemleri kullanilan yeni &hellip;<\/p>\n","protected":false},"author":1,"featured_media":0,"parent":0,"menu_order":2,"comment_status":"closed","ping_status":"closed","template":"template-builder-page.php","meta":{"_acf_changed":false,"footnotes":""},"class_list":["post-846","page","type-page","status-publish","hentry"],"acf":[],"yoast_head":"<!-- This site is optimized with the Yoast SEO plugin v27.5 - https:\/\/yoast.com\/product\/yoast-seo-wordpress\/ -->\n<title>Arastirma - MVZ Diabeteszentrum Dr. Tews GmbH<\/title>\n<meta name=\"robots\" content=\"index, follow, max-snippet:-1, max-image-preview:large, max-video-preview:-1\" \/>\n<link rel=\"canonical\" href=\"https:\/\/www.tews-diabetes.de\/tr\/arastirma\/\" \/>\n<meta property=\"og:locale\" content=\"tr_TR\" \/>\n<meta property=\"og:type\" content=\"article\" \/>\n<meta property=\"og:title\" content=\"Arastirma - MVZ Diabeteszentrum Dr. Tews GmbH\" \/>\n<meta property=\"og:description\" content=\"Diabetes mellitus Teshisi d\u00fczenli arastirmalarla daha iyi bir yasam kalitesi sunuyor! Almanya\u00b4da yaklasik 7-8 milyon insan Diyabetle yasiyor. Bu hastalarin iyi, saglikli ve kapsamli bir sekilde bakimi sadece ilac kullanimi ile saglanamaz. Kurslarimizda g\u00fcnl\u00fck hayatiniza y\u00f6nelik pratik bilgilerin yani sira, ilaclarinizin etkileri ve kullanimlari hakkinda bilgileri sizlerle paylasiyoruz. Son yillarda Diyabet tedavi y\u00f6ntemleri kullanilan yeni &hellip;\" \/>\n<meta property=\"og:url\" content=\"https:\/\/www.tews-diabetes.de\/tr\/arastirma\/\" \/>\n<meta property=\"og:site_name\" content=\"MVZ Diabeteszentrum Dr. Tews GmbH\" \/>\n<meta property=\"article:modified_time\" content=\"2017-01-04T20:31:02+00:00\" \/>\n<meta property=\"og:image\" content=\"http:\/\/develop.tews-diabetes.de\/wp-content\/uploads\/tews-diabetes-didi-studie.jpg\" \/>\n<meta name=\"twitter:card\" content=\"summary_large_image\" \/>\n<meta name=\"twitter:label1\" content=\"Tahmini okuma s\u00fcresi\" \/>\n\t<meta name=\"twitter:data1\" content=\"3 dakika\" \/>\n<script type=\"application\/ld+json\" class=\"yoast-schema-graph\">{\"@context\":\"https:\\\/\\\/schema.org\",\"@graph\":[{\"@type\":\"WebPage\",\"@id\":\"https:\\\/\\\/www.tews-diabetes.de\\\/tr\\\/arastirma\\\/\",\"url\":\"https:\\\/\\\/www.tews-diabetes.de\\\/tr\\\/arastirma\\\/\",\"name\":\"Arastirma - MVZ Diabeteszentrum Dr. Tews GmbH\",\"isPartOf\":{\"@id\":\"https:\\\/\\\/www.tews-diabetes.de\\\/tr\\\/#website\"},\"primaryImageOfPage\":{\"@id\":\"https:\\\/\\\/www.tews-diabetes.de\\\/tr\\\/arastirma\\\/#primaryimage\"},\"image\":{\"@id\":\"https:\\\/\\\/www.tews-diabetes.de\\\/tr\\\/arastirma\\\/#primaryimage\"},\"thumbnailUrl\":\"http:\\\/\\\/develop.tews-diabetes.de\\\/wp-content\\\/uploads\\\/tews-diabetes-didi-studie.jpg\",\"datePublished\":\"2016-07-09T16:03:09+00:00\",\"dateModified\":\"2017-01-04T20:31:02+00:00\",\"breadcrumb\":{\"@id\":\"https:\\\/\\\/www.tews-diabetes.de\\\/tr\\\/arastirma\\\/#breadcrumb\"},\"inLanguage\":\"tr\",\"potentialAction\":[{\"@type\":\"ReadAction\",\"target\":[\"https:\\\/\\\/www.tews-diabetes.de\\\/tr\\\/arastirma\\\/\"]}]},{\"@type\":\"ImageObject\",\"inLanguage\":\"tr\",\"@id\":\"https:\\\/\\\/www.tews-diabetes.de\\\/tr\\\/arastirma\\\/#primaryimage\",\"url\":\"http:\\\/\\\/develop.tews-diabetes.de\\\/wp-content\\\/uploads\\\/tews-diabetes-didi-studie.jpg\",\"contentUrl\":\"http:\\\/\\\/develop.tews-diabetes.de\\\/wp-content\\\/uploads\\\/tews-diabetes-didi-studie.jpg\"},{\"@type\":\"BreadcrumbList\",\"@id\":\"https:\\\/\\\/www.tews-diabetes.de\\\/tr\\\/arastirma\\\/#breadcrumb\",\"itemListElement\":[{\"@type\":\"ListItem\",\"position\":1,\"name\":\"Startseite\",\"item\":\"https:\\\/\\\/www.tews-diabetes.de\\\/tr\\\/\"},{\"@type\":\"ListItem\",\"position\":2,\"name\":\"Diyabetologjy\",\"item\":\"https:\\\/\\\/www.tews-diabetes.de\\\/tr\\\/diyabetologjy\\\/\"},{\"@type\":\"ListItem\",\"position\":3,\"name\":\"Arastirma\"}]},{\"@type\":\"WebSite\",\"@id\":\"https:\\\/\\\/www.tews-diabetes.de\\\/tr\\\/#website\",\"url\":\"https:\\\/\\\/www.tews-diabetes.de\\\/tr\\\/\",\"name\":\"MVZ Diabeteszentrum Dr. Tews GmbH\",\"description\":\"\",\"potentialAction\":[{\"@type\":\"SearchAction\",\"target\":{\"@type\":\"EntryPoint\",\"urlTemplate\":\"https:\\\/\\\/www.tews-diabetes.de\\\/tr\\\/?s={search_term_string}\"},\"query-input\":{\"@type\":\"PropertyValueSpecification\",\"valueRequired\":true,\"valueName\":\"search_term_string\"}}],\"inLanguage\":\"tr\"}]}<\/script>\n<!-- \/ Yoast SEO plugin. -->","yoast_head_json":{"title":"Arastirma - MVZ Diabeteszentrum Dr. Tews GmbH","robots":{"index":"index","follow":"follow","max-snippet":"max-snippet:-1","max-image-preview":"max-image-preview:large","max-video-preview":"max-video-preview:-1"},"canonical":"https:\/\/www.tews-diabetes.de\/tr\/arastirma\/","og_locale":"tr_TR","og_type":"article","og_title":"Arastirma - MVZ Diabeteszentrum Dr. Tews GmbH","og_description":"Diabetes mellitus Teshisi d\u00fczenli arastirmalarla daha iyi bir yasam kalitesi sunuyor! Almanya\u00b4da yaklasik 7-8 milyon insan Diyabetle yasiyor. Bu hastalarin iyi, saglikli ve kapsamli bir sekilde bakimi sadece ilac kullanimi ile saglanamaz. Kurslarimizda g\u00fcnl\u00fck hayatiniza y\u00f6nelik pratik bilgilerin yani sira, ilaclarinizin etkileri ve kullanimlari hakkinda bilgileri sizlerle paylasiyoruz. Son yillarda Diyabet tedavi y\u00f6ntemleri kullanilan yeni &hellip;","og_url":"https:\/\/www.tews-diabetes.de\/tr\/arastirma\/","og_site_name":"MVZ Diabeteszentrum Dr. Tews GmbH","article_modified_time":"2017-01-04T20:31:02+00:00","og_image":[{"url":"http:\/\/develop.tews-diabetes.de\/wp-content\/uploads\/tews-diabetes-didi-studie.jpg","type":"","width":"","height":""}],"twitter_card":"summary_large_image","twitter_misc":{"Tahmini okuma s\u00fcresi":"3 dakika"},"schema":{"@context":"https:\/\/schema.org","@graph":[{"@type":"WebPage","@id":"https:\/\/www.tews-diabetes.de\/tr\/arastirma\/","url":"https:\/\/www.tews-diabetes.de\/tr\/arastirma\/","name":"Arastirma - MVZ Diabeteszentrum Dr. Tews GmbH","isPartOf":{"@id":"https:\/\/www.tews-diabetes.de\/tr\/#website"},"primaryImageOfPage":{"@id":"https:\/\/www.tews-diabetes.de\/tr\/arastirma\/#primaryimage"},"image":{"@id":"https:\/\/www.tews-diabetes.de\/tr\/arastirma\/#primaryimage"},"thumbnailUrl":"http:\/\/develop.tews-diabetes.de\/wp-content\/uploads\/tews-diabetes-didi-studie.jpg","datePublished":"2016-07-09T16:03:09+00:00","dateModified":"2017-01-04T20:31:02+00:00","breadcrumb":{"@id":"https:\/\/www.tews-diabetes.de\/tr\/arastirma\/#breadcrumb"},"inLanguage":"tr","potentialAction":[{"@type":"ReadAction","target":["https:\/\/www.tews-diabetes.de\/tr\/arastirma\/"]}]},{"@type":"ImageObject","inLanguage":"tr","@id":"https:\/\/www.tews-diabetes.de\/tr\/arastirma\/#primaryimage","url":"http:\/\/develop.tews-diabetes.de\/wp-content\/uploads\/tews-diabetes-didi-studie.jpg","contentUrl":"http:\/\/develop.tews-diabetes.de\/wp-content\/uploads\/tews-diabetes-didi-studie.jpg"},{"@type":"BreadcrumbList","@id":"https:\/\/www.tews-diabetes.de\/tr\/arastirma\/#breadcrumb","itemListElement":[{"@type":"ListItem","position":1,"name":"Startseite","item":"https:\/\/www.tews-diabetes.de\/tr\/"},{"@type":"ListItem","position":2,"name":"Diyabetologjy","item":"https:\/\/www.tews-diabetes.de\/tr\/diyabetologjy\/"},{"@type":"ListItem","position":3,"name":"Arastirma"}]},{"@type":"WebSite","@id":"https:\/\/www.tews-diabetes.de\/tr\/#website","url":"https:\/\/www.tews-diabetes.de\/tr\/","name":"MVZ Diabeteszentrum Dr. Tews GmbH","description":"","potentialAction":[{"@type":"SearchAction","target":{"@type":"EntryPoint","urlTemplate":"https:\/\/www.tews-diabetes.de\/tr\/?s={search_term_string}"},"query-input":{"@type":"PropertyValueSpecification","valueRequired":true,"valueName":"search_term_string"}}],"inLanguage":"tr"}]}},"_links":{"self":[{"href":"https:\/\/www.tews-diabetes.de\/tr\/wp-json\/wp\/v2\/pages\/846","targetHints":{"allow":["GET"]}}],"collection":[{"href":"https:\/\/www.tews-diabetes.de\/tr\/wp-json\/wp\/v2\/pages"}],"about":[{"href":"https:\/\/www.tews-diabetes.de\/tr\/wp-json\/wp\/v2\/types\/page"}],"author":[{"embeddable":true,"href":"https:\/\/www.tews-diabetes.de\/tr\/wp-json\/wp\/v2\/users\/1"}],"replies":[{"embeddable":true,"href":"https:\/\/www.tews-diabetes.de\/tr\/wp-json\/wp\/v2\/comments?post=846"}],"version-history":[{"count":2,"href":"https:\/\/www.tews-diabetes.de\/tr\/wp-json\/wp\/v2\/pages\/846\/revisions"}],"predecessor-version":[{"id":919,"href":"https:\/\/www.tews-diabetes.de\/tr\/wp-json\/wp\/v2\/pages\/846\/revisions\/919"}],"wp:attachment":[{"href":"https:\/\/www.tews-diabetes.de\/tr\/wp-json\/wp\/v2\/media?parent=846"}],"curies":[{"name":"wp","href":"https:\/\/api.w.org\/{rel}","templated":true}]}}