{"id":818,"date":"2016-07-09T21:38:37","date_gmt":"2016-07-09T19:38:37","guid":{"rendered":"http:\/\/develop.tews-diabetes.de\/tr\/diyabetologjy\/therapie\/"},"modified":"2017-01-04T21:17:35","modified_gmt":"2017-01-04T20:17:35","slug":"tedavi","status":"publish","type":"page","link":"https:\/\/www.tews-diabetes.de\/tr\/diyabetologjy\/tedavi\/","title":{"rendered":"Tedavi"},"content":{"rendered":"<div id=\"pl-818\"  class=\"panel-layout\" ><div id=\"pg-818-0\"  class=\"panel-grid panel-no-style\" ><div id=\"pgc-818-0-0\"  class=\"panel-grid-cell\" ><div id=\"panel-818-0-0-0\" class=\"so-panel widget widget_sow-editor panel-first-child panel-last-child\" data-index=\"0\" ><div\n\t\t\t\n\t\t\tclass=\"so-widget-sow-editor so-widget-sow-editor-base\"\n\t\t\t\n\t\t><h2 class=\"widget-title\">Diyabette Tedavi Secenekleri<\/h2>\n<div class=\"siteorigin-widget-tinymce textwidget\">\n\t<h3>Hareket<\/h3>\n<p>Hareket sizi canlandirir ve ayakta tutar. Insulin etkisi ne kadar iyi olursa, kan sekeriniz d\u00fcser. Ister dolasmaya cikin, isterseniz de cimenleri bicin ya da cam silin hic biri fark etmez. \u00d6nemli olan hareketi ne kadar s\u00fcre ve hangi yogunlukta yaptiginizdir. G\u00fcnl\u00fck yapacaginiz yarim saatlik y\u00fcr\u00fcy\u00fcs kan sekerinizi d\u00fcs\u00fcrmenize ve yasam kalitesini arttirmaya yardimci olur. Tansiyon ve kan lipitleri de g\u00fcnl\u00fck egzerzislerle ile d\u00fczelerek ilac bagimliliginizi azaltmaktadir!<\/p>\n<p>D\u00fczenli egzersiz yapmak, kilonuzu kontrol altinda tutmaniza yardimci olur. Tip 2 Diyabet hastalarinin kilo kontrol\u00fcnde iyi bir yardimcidir. Yaptiginiz y\u00fcr\u00fcy\u00fcste biriyle sohbet edebilecek d\u00fczeyde temponuzu ayarlamali ve v\u00fccut sicakligi dengenizi korumalisiniz (hafif terleme ve v\u00fccut isisi). O zaman kendiniz icin en dogru tempoyu bulmussunuzdur. G\u00fcnl\u00fck y\u00fcr\u00fcy\u00fcs yapmak en iyisidir. Eger g\u00fcnl\u00fck yaptiginiz yarim saatlik egzersizlere bir g\u00fcn imkan bulamazsaniz, kacirdiginiz o g\u00fcn icin hafta sonunu ya da g\u00fczel bir havayi bisiklet turuna veya uzun bir y\u00fcr\u00fcy\u00fcse cikarak degerlendirebilirsiniz. Kisin evinizde spor aletleriyle antrenman yapmak size yardimci olur \u2013 M\u00fczik dinleyerek ya da Televizyona bakarak antrenmani eglenceli hale getirebilirsiniz.<\/p>\n<h3>Ekonomik Lezzetler<\/h3>\n<p><img loading=\"lazy\" decoding=\"async\" class=\"alignright size-medium wp-image-313\" src=\"\/wp-content\/uploads\/tews-diabetes-kochkurs-09-300x200.jpg\" sizes=\"auto, (max-width: 300px) 100vw, 300px\" srcset=\"\/wp-content\/uploads\/tews-diabetes-kochkurs-09-300x200.jpg 300w, \/wp-content\/uploads\/tews-diabetes-kochkurs-09-1030x686.jpg 1030w, \/wp-content\/uploads\/tews-diabetes-kochkurs-09-360x240.jpg 360w, \/wp-content\/uploads\/tews-diabetes-kochkurs-09-555x370.jpg 555w, \/wp-content\/uploads\/tews-diabetes-kochkurs-09-272x182.jpg 272w, \/wp-content\/uploads\/tews-diabetes-kochkurs-09.jpg 1280w\" alt=\"tews-diabetes-kochkurs-09\" width=\"300\" height=\"200\" \/>Cesitli ve zengin gidalar t\u00fcketmek, \u00f6rnegin; Et, balik, sebze, s\u00fct \u00fcr\u00fcnleri, ceviz yani sira karbonhidratli besinler; baklagiller, patates, pirinc, makarna sizler icin ekonomiktir. Genellikle g\u00fcnde 3 \u00f6g\u00fcn yemekle kilonuzu iyi koruyabilir,\u00a0 sebze ve salata ile karninizi tok tutabilirsiniz. Kizartma, et sarmasi, gulas, ya da pirzola t\u00fcr\u00fc yemekler diyabetiniz icin hem lezzetli hem de salam \u00fcr\u00fcnlerine nazaran daha faydalidir. Soslu yemeklerden hoslaniyorsaniz, sebzeyle kizartabilirsiniz, \u00f6rnegin; havuc, kereviz, sogan\u00a0 ve yaninda hazirlanmis lezzetli bir sos!<\/p>\n<p>Ara \u00f6g\u00fcnlerde tatlilardan ve tatlandiricili iceceklerden uzak durmak sizin icin en dogru olanidir. Bu sekilde daha az acikirsiniz. Meyve t\u00fcketimi ise sizler icin piyasadaki meyve sularindan daha faydalidir, g\u00fcnde 1-2 avuc dolusu meyve yemenizi tavsiye ederiz. Dowload Programimizdan tavsiye ettigimiz bir kac tarifi indirebilirsiniz. B\u00f6ylelikle\u00a0 kurslarda aldiginiz besinlerin kan sekerinize olan etkisini g\u00f6rebilir ve g\u00fcnl\u00fck hayatiniza dair pozitif d\u00fcs\u00fcncelere sahip olabilirsiniz.<\/p>\n<h3>ilac Tedavisi<\/h3>\n<p>Ilac seciminde bilimsel bulgularin g\u00fcncelligine dayanarak hastalarimizi y\u00f6nlendirmekteyiz. \u00d6nerilen ilacin g\u00fcvenilirligi de islevi kadar \u00f6nemlidir. (istenmeyen yan etkilere dikkat edilmelidir).<\/p>\n<p>Tip 1 Diyabet Hastalarinda Insulin yetersizliginden dolayi s\u00fcrekli Insulin kullanimi gereklidir. Sizinle beraber yasam seklinize ve metabolizmaniza uygun olan kisa ve uzun etkili Insulinler seciyoruz. Ihtiyac duyulmasi halinde ise Insulin pompasi yardimi ile tedaviniz desteklenebilir.<\/p>\n<p>Tip 2 Diyabet Hastalarinda ilaclar genellikle tablet seklinde veya enjekte edilebilen t\u00fcrdedir. Ihtiyac halinde ise insulin mevcuttur. Uygun ilac ya da ilac kombinasyonu kullanimi konusunda edindigimiz tecr\u00fcbelerimizden sizler de faylanabilirsiniz.<\/p>\n<\/div>\n<\/div><\/div><\/div><\/div><\/div>","protected":false},"excerpt":{"rendered":"<p>HareketHareket sizi canlandirir ve ayakta tutar. Insulin etkisi ne kadar iyi olursa, kan sekeriniz d\u00fcser. Ister dolasmaya cikin, isterseniz de cimenleri bicin ya da cam silin hic biri fark etmez. \u00d6nemli olan hareketi ne kadar s\u00fcre ve hangi yogunlukta yaptiginizdir. G\u00fcnl\u00fck yapacaginiz yarim saatlik y\u00fcr\u00fcy\u00fcs kan sekerinizi d\u00fcs\u00fcrmenize ve yasam kalitesini arttirmaya yardimci olur. Tansiyon &hellip;<\/p>\n","protected":false},"author":1,"featured_media":0,"parent":770,"menu_order":0,"comment_status":"closed","ping_status":"closed","template":"template-builder-page.php","meta":{"_acf_changed":false,"footnotes":""},"class_list":["post-818","page","type-page","status-publish","hentry"],"acf":[],"yoast_head":"<!-- This site is optimized with the Yoast SEO plugin v27.5 - https:\/\/yoast.com\/product\/yoast-seo-wordpress\/ -->\n<title>Tedavi - MVZ Diabeteszentrum Dr. Tews GmbH<\/title>\n<meta name=\"robots\" content=\"index, follow, max-snippet:-1, max-image-preview:large, max-video-preview:-1\" \/>\n<link rel=\"canonical\" href=\"https:\/\/www.tews-diabetes.de\/tr\/diyabetologjy\/tedavi\/\" \/>\n<meta property=\"og:locale\" content=\"tr_TR\" \/>\n<meta property=\"og:type\" content=\"article\" \/>\n<meta property=\"og:title\" content=\"Tedavi - MVZ Diabeteszentrum Dr. Tews GmbH\" \/>\n<meta property=\"og:description\" content=\"HareketHareket sizi canlandirir ve ayakta tutar. Insulin etkisi ne kadar iyi olursa, kan sekeriniz d\u00fcser. Ister dolasmaya cikin, isterseniz de cimenleri bicin ya da cam silin hic biri fark etmez. \u00d6nemli olan hareketi ne kadar s\u00fcre ve hangi yogunlukta yaptiginizdir. G\u00fcnl\u00fck yapacaginiz yarim saatlik y\u00fcr\u00fcy\u00fcs kan sekerinizi d\u00fcs\u00fcrmenize ve yasam kalitesini arttirmaya yardimci olur. Tansiyon &hellip;\" \/>\n<meta property=\"og:url\" content=\"https:\/\/www.tews-diabetes.de\/tr\/diyabetologjy\/tedavi\/\" \/>\n<meta property=\"og:site_name\" content=\"MVZ Diabeteszentrum Dr. Tews GmbH\" \/>\n<meta property=\"article:modified_time\" content=\"2017-01-04T20:17:35+00:00\" \/>\n<meta property=\"og:image\" content=\"https:\/\/www.tews-diabetes.de\/wp-content\/uploads\/tews-diabetes-kochkurs-09-300x200.jpg\" \/>\n<meta name=\"twitter:card\" content=\"summary_large_image\" \/>\n<meta name=\"twitter:label1\" content=\"Tahmini okuma s\u00fcresi\" \/>\n\t<meta name=\"twitter:data1\" content=\"3 dakika\" \/>\n<script type=\"application\/ld+json\" class=\"yoast-schema-graph\">{\"@context\":\"https:\\\/\\\/schema.org\",\"@graph\":[{\"@type\":\"WebPage\",\"@id\":\"https:\\\/\\\/www.tews-diabetes.de\\\/tr\\\/diyabetologjy\\\/tedavi\\\/\",\"url\":\"https:\\\/\\\/www.tews-diabetes.de\\\/tr\\\/diyabetologjy\\\/tedavi\\\/\",\"name\":\"Tedavi - MVZ Diabeteszentrum Dr. Tews GmbH\",\"isPartOf\":{\"@id\":\"https:\\\/\\\/www.tews-diabetes.de\\\/tr\\\/#website\"},\"datePublished\":\"2016-07-09T19:38:37+00:00\",\"dateModified\":\"2017-01-04T20:17:35+00:00\",\"breadcrumb\":{\"@id\":\"https:\\\/\\\/www.tews-diabetes.de\\\/tr\\\/diyabetologjy\\\/tedavi\\\/#breadcrumb\"},\"inLanguage\":\"tr\",\"potentialAction\":[{\"@type\":\"ReadAction\",\"target\":[\"https:\\\/\\\/www.tews-diabetes.de\\\/tr\\\/diyabetologjy\\\/tedavi\\\/\"]}]},{\"@type\":\"BreadcrumbList\",\"@id\":\"https:\\\/\\\/www.tews-diabetes.de\\\/tr\\\/diyabetologjy\\\/tedavi\\\/#breadcrumb\",\"itemListElement\":[{\"@type\":\"ListItem\",\"position\":1,\"name\":\"Startseite\",\"item\":\"https:\\\/\\\/www.tews-diabetes.de\\\/tr\\\/\"},{\"@type\":\"ListItem\",\"position\":2,\"name\":\"Diyabetologjy\",\"item\":\"https:\\\/\\\/www.tews-diabetes.de\\\/tr\\\/diyabetologjy\\\/\"},{\"@type\":\"ListItem\",\"position\":3,\"name\":\"Tedavi\"}]},{\"@type\":\"WebSite\",\"@id\":\"https:\\\/\\\/www.tews-diabetes.de\\\/tr\\\/#website\",\"url\":\"https:\\\/\\\/www.tews-diabetes.de\\\/tr\\\/\",\"name\":\"MVZ Diabeteszentrum Dr. Tews GmbH\",\"description\":\"\",\"potentialAction\":[{\"@type\":\"SearchAction\",\"target\":{\"@type\":\"EntryPoint\",\"urlTemplate\":\"https:\\\/\\\/www.tews-diabetes.de\\\/tr\\\/?s={search_term_string}\"},\"query-input\":{\"@type\":\"PropertyValueSpecification\",\"valueRequired\":true,\"valueName\":\"search_term_string\"}}],\"inLanguage\":\"tr\"}]}<\/script>\n<!-- \/ Yoast SEO plugin. -->","yoast_head_json":{"title":"Tedavi - MVZ Diabeteszentrum Dr. Tews GmbH","robots":{"index":"index","follow":"follow","max-snippet":"max-snippet:-1","max-image-preview":"max-image-preview:large","max-video-preview":"max-video-preview:-1"},"canonical":"https:\/\/www.tews-diabetes.de\/tr\/diyabetologjy\/tedavi\/","og_locale":"tr_TR","og_type":"article","og_title":"Tedavi - MVZ Diabeteszentrum Dr. Tews GmbH","og_description":"HareketHareket sizi canlandirir ve ayakta tutar. Insulin etkisi ne kadar iyi olursa, kan sekeriniz d\u00fcser. Ister dolasmaya cikin, isterseniz de cimenleri bicin ya da cam silin hic biri fark etmez. \u00d6nemli olan hareketi ne kadar s\u00fcre ve hangi yogunlukta yaptiginizdir. G\u00fcnl\u00fck yapacaginiz yarim saatlik y\u00fcr\u00fcy\u00fcs kan sekerinizi d\u00fcs\u00fcrmenize ve yasam kalitesini arttirmaya yardimci olur. Tansiyon &hellip;","og_url":"https:\/\/www.tews-diabetes.de\/tr\/diyabetologjy\/tedavi\/","og_site_name":"MVZ Diabeteszentrum Dr. Tews GmbH","article_modified_time":"2017-01-04T20:17:35+00:00","og_image":[{"url":"https:\/\/www.tews-diabetes.de\/wp-content\/uploads\/tews-diabetes-kochkurs-09-300x200.jpg","type":"","width":"","height":""}],"twitter_card":"summary_large_image","twitter_misc":{"Tahmini okuma s\u00fcresi":"3 dakika"},"schema":{"@context":"https:\/\/schema.org","@graph":[{"@type":"WebPage","@id":"https:\/\/www.tews-diabetes.de\/tr\/diyabetologjy\/tedavi\/","url":"https:\/\/www.tews-diabetes.de\/tr\/diyabetologjy\/tedavi\/","name":"Tedavi - MVZ Diabeteszentrum Dr. Tews GmbH","isPartOf":{"@id":"https:\/\/www.tews-diabetes.de\/tr\/#website"},"datePublished":"2016-07-09T19:38:37+00:00","dateModified":"2017-01-04T20:17:35+00:00","breadcrumb":{"@id":"https:\/\/www.tews-diabetes.de\/tr\/diyabetologjy\/tedavi\/#breadcrumb"},"inLanguage":"tr","potentialAction":[{"@type":"ReadAction","target":["https:\/\/www.tews-diabetes.de\/tr\/diyabetologjy\/tedavi\/"]}]},{"@type":"BreadcrumbList","@id":"https:\/\/www.tews-diabetes.de\/tr\/diyabetologjy\/tedavi\/#breadcrumb","itemListElement":[{"@type":"ListItem","position":1,"name":"Startseite","item":"https:\/\/www.tews-diabetes.de\/tr\/"},{"@type":"ListItem","position":2,"name":"Diyabetologjy","item":"https:\/\/www.tews-diabetes.de\/tr\/diyabetologjy\/"},{"@type":"ListItem","position":3,"name":"Tedavi"}]},{"@type":"WebSite","@id":"https:\/\/www.tews-diabetes.de\/tr\/#website","url":"https:\/\/www.tews-diabetes.de\/tr\/","name":"MVZ Diabeteszentrum Dr. Tews GmbH","description":"","potentialAction":[{"@type":"SearchAction","target":{"@type":"EntryPoint","urlTemplate":"https:\/\/www.tews-diabetes.de\/tr\/?s={search_term_string}"},"query-input":{"@type":"PropertyValueSpecification","valueRequired":true,"valueName":"search_term_string"}}],"inLanguage":"tr"}]}},"_links":{"self":[{"href":"https:\/\/www.tews-diabetes.de\/tr\/wp-json\/wp\/v2\/pages\/818","targetHints":{"allow":["GET"]}}],"collection":[{"href":"https:\/\/www.tews-diabetes.de\/tr\/wp-json\/wp\/v2\/pages"}],"about":[{"href":"https:\/\/www.tews-diabetes.de\/tr\/wp-json\/wp\/v2\/types\/page"}],"author":[{"embeddable":true,"href":"https:\/\/www.tews-diabetes.de\/tr\/wp-json\/wp\/v2\/users\/1"}],"replies":[{"embeddable":true,"href":"https:\/\/www.tews-diabetes.de\/tr\/wp-json\/wp\/v2\/comments?post=818"}],"version-history":[{"count":5,"href":"https:\/\/www.tews-diabetes.de\/tr\/wp-json\/wp\/v2\/pages\/818\/revisions"}],"predecessor-version":[{"id":918,"href":"https:\/\/www.tews-diabetes.de\/tr\/wp-json\/wp\/v2\/pages\/818\/revisions\/918"}],"up":[{"embeddable":true,"href":"https:\/\/www.tews-diabetes.de\/tr\/wp-json\/wp\/v2\/pages\/770"}],"wp:attachment":[{"href":"https:\/\/www.tews-diabetes.de\/tr\/wp-json\/wp\/v2\/media?parent=818"}],"curies":[{"name":"wp","href":"https:\/\/api.w.org\/{rel}","templated":true}]}}