{"id":815,"date":"2016-06-28T20:33:30","date_gmt":"2016-06-28T18:33:30","guid":{"rendered":"http:\/\/develop.tews-diabetes.de\/tr\/muayenehane\/karriere\/"},"modified":"2019-03-16T15:23:44","modified_gmt":"2019-03-16T14:23:44","slug":"kariyer","status":"publish","type":"page","link":"https:\/\/www.tews-diabetes.de\/tr\/muayenehane\/kariyer\/","title":{"rendered":"Kariyer"},"content":{"rendered":"<div id=\"pl-815\"  class=\"panel-layout\" ><div id=\"pg-815-0\"  class=\"panel-grid panel-no-style\" ><div id=\"pgc-815-0-0\"  class=\"panel-grid-cell\" ><div id=\"panel-815-0-0-0\" class=\"so-panel widget widget_sow-editor panel-first-child panel-last-child\" data-index=\"0\" ><div\n\t\t\t\n\t\t\tclass=\"so-widget-sow-editor so-widget-sow-editor-base\"\n\t\t\t\n\t\t><h2 class=\"widget-title\">Kariyerinize Dr. Tews\u00b4in Diyabet Muayenehanesinde Baslayin!<\/h2>\n<div class=\"siteorigin-widget-tinymce textwidget\">\n\t<div class=\"tw-swapa\">\n<div id=\"tw-target\">\n<div id=\"tw-target-text-container\" class=\"gsrt tw-ta-container tw-nfl\">\n<h3 id=\"tw-target-text\" class=\"tw-data-text tw-ta tw-text-medium\" dir=\"ltr\" data-placeholder=\"\u00dcbersetzung\"><span lang=\"tr\" tabindex=\"0\">\u015eu anda herhangi bir yeni \u00c7ALI\u015eAN'a ihtiyac\u0131m\u0131z yok<\/span><\/h3>\n<\/div>\n<\/div>\n<\/div>\n<\/div>\n<\/div><\/div><\/div><\/div><\/div>","protected":false},"excerpt":{"rendered":"<p>\u015eu anda herhangi bir yeni \u00c7ALI\u015eAN&#8217;a ihtiyac\u0131m\u0131z yok<\/p>\n","protected":false},"author":1,"featured_media":0,"parent":767,"menu_order":3,"comment_status":"closed","ping_status":"closed","template":"template-builder-page.php","meta":{"_acf_changed":false,"footnotes":""},"class_list":["post-815","page","type-page","status-publish","hentry"],"acf":[],"yoast_head":"<!-- This site is optimized with the Yoast SEO plugin v27.5 - https:\/\/yoast.com\/product\/yoast-seo-wordpress\/ -->\n<title>Kariyer - MVZ Diabeteszentrum Dr. Tews GmbH<\/title>\n<meta name=\"robots\" content=\"index, follow, max-snippet:-1, max-image-preview:large, max-video-preview:-1\" \/>\n<link rel=\"canonical\" href=\"https:\/\/www.tews-diabetes.de\/tr\/muayenehane\/kariyer\/\" \/>\n<meta property=\"og:locale\" content=\"tr_TR\" \/>\n<meta property=\"og:type\" content=\"article\" \/>\n<meta property=\"og:title\" content=\"Kariyer - MVZ Diabeteszentrum Dr. Tews GmbH\" \/>\n<meta property=\"og:description\" content=\"\u015eu anda herhangi bir yeni \u00c7ALI\u015eAN&#039;a ihtiyac\u0131m\u0131z yok\" \/>\n<meta property=\"og:url\" content=\"https:\/\/www.tews-diabetes.de\/tr\/muayenehane\/kariyer\/\" \/>\n<meta property=\"og:site_name\" content=\"MVZ Diabeteszentrum Dr. Tews GmbH\" \/>\n<meta property=\"article:modified_time\" content=\"2019-03-16T14:23:44+00:00\" \/>\n<meta name=\"twitter:card\" content=\"summary_large_image\" \/>\n<script type=\"application\/ld+json\" class=\"yoast-schema-graph\">{\"@context\":\"https:\\\/\\\/schema.org\",\"@graph\":[{\"@type\":\"WebPage\",\"@id\":\"https:\\\/\\\/www.tews-diabetes.de\\\/tr\\\/muayenehane\\\/kariyer\\\/\",\"url\":\"https:\\\/\\\/www.tews-diabetes.de\\\/tr\\\/muayenehane\\\/kariyer\\\/\",\"name\":\"Kariyer - MVZ Diabeteszentrum Dr. Tews GmbH\",\"isPartOf\":{\"@id\":\"https:\\\/\\\/www.tews-diabetes.de\\\/tr\\\/#website\"},\"datePublished\":\"2016-06-28T18:33:30+00:00\",\"dateModified\":\"2019-03-16T14:23:44+00:00\",\"breadcrumb\":{\"@id\":\"https:\\\/\\\/www.tews-diabetes.de\\\/tr\\\/muayenehane\\\/kariyer\\\/#breadcrumb\"},\"inLanguage\":\"tr\",\"potentialAction\":[{\"@type\":\"ReadAction\",\"target\":[\"https:\\\/\\\/www.tews-diabetes.de\\\/tr\\\/muayenehane\\\/kariyer\\\/\"]}]},{\"@type\":\"BreadcrumbList\",\"@id\":\"https:\\\/\\\/www.tews-diabetes.de\\\/tr\\\/muayenehane\\\/kariyer\\\/#breadcrumb\",\"itemListElement\":[{\"@type\":\"ListItem\",\"position\":1,\"name\":\"Startseite\",\"item\":\"https:\\\/\\\/www.tews-diabetes.de\\\/tr\\\/\"},{\"@type\":\"ListItem\",\"position\":2,\"name\":\"Muayenehane\",\"item\":\"https:\\\/\\\/www.tews-diabetes.de\\\/tr\\\/muayenehane\\\/\"},{\"@type\":\"ListItem\",\"position\":3,\"name\":\"Kariyer\"}]},{\"@type\":\"WebSite\",\"@id\":\"https:\\\/\\\/www.tews-diabetes.de\\\/tr\\\/#website\",\"url\":\"https:\\\/\\\/www.tews-diabetes.de\\\/tr\\\/\",\"name\":\"MVZ Diabeteszentrum Dr. Tews GmbH\",\"description\":\"\",\"potentialAction\":[{\"@type\":\"SearchAction\",\"target\":{\"@type\":\"EntryPoint\",\"urlTemplate\":\"https:\\\/\\\/www.tews-diabetes.de\\\/tr\\\/?s={search_term_string}\"},\"query-input\":{\"@type\":\"PropertyValueSpecification\",\"valueRequired\":true,\"valueName\":\"search_term_string\"}}],\"inLanguage\":\"tr\"}]}<\/script>\n<!-- \/ Yoast SEO plugin. -->","yoast_head_json":{"title":"Kariyer - MVZ Diabeteszentrum Dr. Tews GmbH","robots":{"index":"index","follow":"follow","max-snippet":"max-snippet:-1","max-image-preview":"max-image-preview:large","max-video-preview":"max-video-preview:-1"},"canonical":"https:\/\/www.tews-diabetes.de\/tr\/muayenehane\/kariyer\/","og_locale":"tr_TR","og_type":"article","og_title":"Kariyer - MVZ Diabeteszentrum Dr. Tews GmbH","og_description":"\u015eu anda herhangi bir yeni \u00c7ALI\u015eAN'a ihtiyac\u0131m\u0131z yok","og_url":"https:\/\/www.tews-diabetes.de\/tr\/muayenehane\/kariyer\/","og_site_name":"MVZ Diabeteszentrum Dr. Tews GmbH","article_modified_time":"2019-03-16T14:23:44+00:00","twitter_card":"summary_large_image","schema":{"@context":"https:\/\/schema.org","@graph":[{"@type":"WebPage","@id":"https:\/\/www.tews-diabetes.de\/tr\/muayenehane\/kariyer\/","url":"https:\/\/www.tews-diabetes.de\/tr\/muayenehane\/kariyer\/","name":"Kariyer - MVZ Diabeteszentrum Dr. Tews GmbH","isPartOf":{"@id":"https:\/\/www.tews-diabetes.de\/tr\/#website"},"datePublished":"2016-06-28T18:33:30+00:00","dateModified":"2019-03-16T14:23:44+00:00","breadcrumb":{"@id":"https:\/\/www.tews-diabetes.de\/tr\/muayenehane\/kariyer\/#breadcrumb"},"inLanguage":"tr","potentialAction":[{"@type":"ReadAction","target":["https:\/\/www.tews-diabetes.de\/tr\/muayenehane\/kariyer\/"]}]},{"@type":"BreadcrumbList","@id":"https:\/\/www.tews-diabetes.de\/tr\/muayenehane\/kariyer\/#breadcrumb","itemListElement":[{"@type":"ListItem","position":1,"name":"Startseite","item":"https:\/\/www.tews-diabetes.de\/tr\/"},{"@type":"ListItem","position":2,"name":"Muayenehane","item":"https:\/\/www.tews-diabetes.de\/tr\/muayenehane\/"},{"@type":"ListItem","position":3,"name":"Kariyer"}]},{"@type":"WebSite","@id":"https:\/\/www.tews-diabetes.de\/tr\/#website","url":"https:\/\/www.tews-diabetes.de\/tr\/","name":"MVZ Diabeteszentrum Dr. Tews GmbH","description":"","potentialAction":[{"@type":"SearchAction","target":{"@type":"EntryPoint","urlTemplate":"https:\/\/www.tews-diabetes.de\/tr\/?s={search_term_string}"},"query-input":{"@type":"PropertyValueSpecification","valueRequired":true,"valueName":"search_term_string"}}],"inLanguage":"tr"}]}},"_links":{"self":[{"href":"https:\/\/www.tews-diabetes.de\/tr\/wp-json\/wp\/v2\/pages\/815","targetHints":{"allow":["GET"]}}],"collection":[{"href":"https:\/\/www.tews-diabetes.de\/tr\/wp-json\/wp\/v2\/pages"}],"about":[{"href":"https:\/\/www.tews-diabetes.de\/tr\/wp-json\/wp\/v2\/types\/page"}],"author":[{"embeddable":true,"href":"https:\/\/www.tews-diabetes.de\/tr\/wp-json\/wp\/v2\/users\/1"}],"replies":[{"embeddable":true,"href":"https:\/\/www.tews-diabetes.de\/tr\/wp-json\/wp\/v2\/comments?post=815"}],"version-history":[{"count":3,"href":"https:\/\/www.tews-diabetes.de\/tr\/wp-json\/wp\/v2\/pages\/815\/revisions"}],"predecessor-version":[{"id":2401,"href":"https:\/\/www.tews-diabetes.de\/tr\/wp-json\/wp\/v2\/pages\/815\/revisions\/2401"}],"up":[{"embeddable":true,"href":"https:\/\/www.tews-diabetes.de\/tr\/wp-json\/wp\/v2\/pages\/767"}],"wp:attachment":[{"href":"https:\/\/www.tews-diabetes.de\/tr\/wp-json\/wp\/v2\/media?parent=815"}],"curies":[{"name":"wp","href":"https:\/\/api.w.org\/{rel}","templated":true}]}}