{"id":812,"date":"2016-06-28T20:33:57","date_gmt":"2016-06-28T18:33:57","guid":{"rendered":"http:\/\/develop.tews-diabetes.de\/tr\/muayenehane\/qualitaet\/"},"modified":"2023-11-20T12:24:05","modified_gmt":"2023-11-20T11:24:05","slug":"kalite","status":"publish","type":"page","link":"https:\/\/www.tews-diabetes.de\/tr\/muayenehane\/kalite\/","title":{"rendered":"Kalite"},"content":{"rendered":"<div id=\"pl-812\"  class=\"panel-layout\" ><div id=\"pg-812-0\"  class=\"panel-grid panel-no-style\" ><div id=\"pgc-812-0-0\"  class=\"panel-grid-cell\" ><div id=\"panel-812-0-0-0\" class=\"so-panel widget widget_sow-editor panel-first-child panel-last-child\" data-index=\"0\" ><div\n\t\t\t\n\t\t\tclass=\"so-widget-sow-editor so-widget-sow-editor-base\"\n\t\t\t\n\t\t><h2 class=\"widget-title\">Kaliteli Hizmet Bizim \u00d6nceligimizdir<\/h2>\n<div class=\"siteorigin-widget-tinymce textwidget\">\n\t<p>Seminer, Kongre ve\u00a0 egitimlere d\u00fczenli katilarak tibbi ve teknolojik alandaki yenilikleri, gelismeleri, g\u00fcncel uygulama ve tedavi tekniklerini takip ediyoruz. Hastalarimiza kaliteli, g\u00fcvenilir, s\u00fcreklilik iceren bir yaklasimla b\u00fct\u00fcnl\u00fckl\u00fc tedavi ve bakim hizmeti sunmayi, Diyabet Tedavinizde g\u00fcncel Taleplerinizi yerine getirebilmeyi hedefliyoruz.<\/p>\n<\/div>\n<\/div><\/div><\/div><\/div><div id=\"pg-812-1\"  class=\"panel-grid panel-no-style\" ><div id=\"pgc-812-1-0\"  class=\"panel-grid-cell\" ><div id=\"panel-812-1-0-0\" class=\"so-panel widget widget_sow-editor panel-first-child panel-last-child\" data-index=\"1\" ><div\n\t\t\t\n\t\t\tclass=\"so-widget-sow-editor so-widget-sow-editor-base\"\n\t\t\t\n\t\t>\n<div class=\"siteorigin-widget-tinymce textwidget\">\n\t<h3>Sertifikalarimiz<\/h3>\n<p>Muayenehanemiz, 2009 yilindan itibaren Tip-1 ve Tip-2 Seker hastaligi tedavisi icin sertifikalidir ve Alman Diyabet Dernegi tarafindan belirlenen kalite kriterlerine tamamina uygunluk g\u00f6stermektedir.<\/p>\n<ul>\n<li>Teshis<\/li>\n<li>Tedavi<\/li>\n<li>Egitim ve Kurslar<\/li>\n<li>Egitim devami<\/li>\n<li>Diger Uzman Doktorlarla isbirligi<\/li>\n<\/ul>\n<p>2011 yilindan itibaren ise Ayak hastaliklari tedavilerinde de DDG nin sundugu sartlari yerine getirdigimizden dolayi kalite sertifikamiz bulunmaktadir.<\/p>\n<p>Diyabetli ve ayak yaralari bulunan hastalarda yaralara uygulanacak tedavi cok \u00f6nemlidir. \u00d6zellikle ayaktaki yaralarin bir uzman tarafindan tedavi edilmesi gerekmektedir. Merkezimizde buluna uzmanlar bu konuda sizlere rahat ve acisiz bir tedavi s\u00fcreci sunacaklardir.<\/p>\n<\/div>\n<\/div><\/div><\/div><div id=\"pgc-812-1-1\"  class=\"panel-grid-cell\" ><div id=\"panel-812-1-1-0\" class=\"so-panel widget widget_sow-editor panel-first-child\" data-index=\"2\" ><div\n\t\t\t\n\t\t\tclass=\"so-widget-sow-editor so-widget-sow-editor-base\"\n\t\t\t\n\t\t>\n<div class=\"siteorigin-widget-tinymce textwidget\">\n\t<p><a href=\"\/wp-content\/uploads\/Urkunde-DDG-bis-03.03.2025.pdf\" target=\"_blank\" rel=\"noopener\"><img loading=\"lazy\" decoding=\"async\" class=\"alignnone size-full wp-image-5378\" src=\"https:\/\/www.tews-diabetes.de\/wp-content\/uploads\/DDG-Urkunde-bis-03.03.2025.jpg\" alt=\"\" width=\"584\" height=\"827\" srcset=\"https:\/\/www.tews-diabetes.de\/wp-content\/uploads\/DDG-Urkunde-bis-03.03.2025.jpg 584w, https:\/\/www.tews-diabetes.de\/wp-content\/uploads\/DDG-Urkunde-bis-03.03.2025-212x300.jpg 212w, https:\/\/www.tews-diabetes.de\/wp-content\/uploads\/DDG-Urkunde-bis-03.03.2025-392x555.jpg 392w\" sizes=\"auto, (max-width: 584px) 100vw, 584px\" \/><\/a><\/p>\n<\/div>\n<\/div><\/div><div id=\"panel-812-1-1-1\" class=\"so-panel widget widget_sow-editor panel-last-child\" data-index=\"3\" ><div\n\t\t\t\n\t\t\tclass=\"so-widget-sow-editor so-widget-sow-editor-base\"\n\t\t\t\n\t\t>\n<div class=\"siteorigin-widget-tinymce textwidget\">\n\t<p><a  href=\"https:\/\/www.tews-diabetes.de\/wp-content\/uploads\/Evrsense-Zertifikat.jpg\" data-rel=\"lightbox-gallery-0\" data-rl_title=\"\" data-rl_caption=\"\" title=\"\"><img loading=\"lazy\" decoding=\"async\" class=\"alignnone wp-image-4154 size-medium\" src=\"https:\/\/www.tews-diabetes.de\/wp-content\/uploads\/Evrsense-Zertifikat-300x231.jpg\" alt=\"\" width=\"300\" height=\"231\" srcset=\"https:\/\/www.tews-diabetes.de\/wp-content\/uploads\/Evrsense-Zertifikat-300x231.jpg 300w, https:\/\/www.tews-diabetes.de\/wp-content\/uploads\/Evrsense-Zertifikat-1030x792.jpg 1030w, https:\/\/www.tews-diabetes.de\/wp-content\/uploads\/Evrsense-Zertifikat-555x427.jpg 555w, https:\/\/www.tews-diabetes.de\/wp-content\/uploads\/Evrsense-Zertifikat.jpg 1184w\" sizes=\"auto, (max-width: 300px) 100vw, 300px\" \/><\/a><\/p>\n<\/div>\n<\/div><\/div><\/div><div id=\"pgc-812-1-2\"  class=\"panel-grid-cell\" ><div id=\"panel-812-1-2-0\" class=\"so-panel widget widget_sow-editor panel-first-child\" data-index=\"4\" ><div\n\t\t\t\n\t\t\tclass=\"so-widget-sow-editor so-widget-sow-editor-base\"\n\t\t\t\n\t\t>\n<div class=\"siteorigin-widget-tinymce textwidget\">\n\t<p><a href=\"https:\/\/www.tews-diabetes.de\/wp-content\/uploads\/Urkunde-Fuss-20222.png\" data-rel=\"lightbox-gallery-0\" data-rl_title=\"\" data-rl_caption=\"\" title=\"\"><img loading=\"lazy\" decoding=\"async\" class=\"alignnone size-full wp-image-5378\" src=\"https:\/\/www.tews-diabetes.de\/wp-content\/uploads\/Urkunde-Fuss-20222.png\" alt=\"\" width=\"607\" height=\"863\" \/><\/a><\/p>\n<\/div>\n<\/div><\/div><div id=\"panel-812-1-2-1\" class=\"so-panel widget widget_sow-editor panel-last-child\" data-index=\"5\" ><div\n\t\t\t\n\t\t\tclass=\"so-widget-sow-editor so-widget-sow-editor-base\"\n\t\t\t\n\t\t>\n<div class=\"siteorigin-widget-tinymce textwidget\">\n\t<p><img loading=\"lazy\" decoding=\"async\" class=\"alignnone wp-image-6261 size-medium\" src=\"https:\/\/www.tews-diabetes.de\/wp-content\/uploads\/Lehrpraxis-bearbeitet-212x300.jpg\" alt=\"\" width=\"212\" height=\"300\" srcset=\"https:\/\/www.tews-diabetes.de\/wp-content\/uploads\/Lehrpraxis-bearbeitet-212x300.jpg 212w, https:\/\/www.tews-diabetes.de\/wp-content\/uploads\/Lehrpraxis-bearbeitet-392x555.jpg 392w, https:\/\/www.tews-diabetes.de\/wp-content\/uploads\/Lehrpraxis-bearbeitet.jpg 613w\" sizes=\"auto, (max-width: 212px) 100vw, 212px\" \/><\/p>\n<\/div>\n<\/div><\/div><\/div><\/div><div id=\"pg-812-2\"  class=\"panel-grid panel-has-style\" ><div id=\"qualitaetssicherung\" class=\"panel-row-style panel-row-style-for-812-2\" ><div id=\"pgc-812-2-0\"  class=\"panel-grid-cell\" ><div id=\"panel-812-2-0-0\" class=\"so-panel widget widget_sow-editor panel-first-child panel-last-child\" data-index=\"6\" ><div\n\t\t\t\n\t\t\tclass=\"so-widget-sow-editor so-widget-sow-editor-base\"\n\t\t\t\n\t\t><h2 class=\"widget-title\">Kalite G\u00fcvencesi<\/h2>\n<div class=\"siteorigin-widget-tinymce textwidget\">\n\t<p style=\"text-align: left;\">Diagnostik Aletlerimiz, (Kan degeri \u00f6lcme aleti, HbA1c-degeri ya da tansiyon \u00f6lc\u00fcm cihazi gibi), d\u00fczenli bir sekilde tibbi ve yasal gerekliliklere g\u00f6re kontrol edilmektedir. Acil durum y\u00f6netimi, hijyen standartlari, hasta gizliligini ve haklarini <img loading=\"lazy\" decoding=\"async\" class=\"size-medium wp-image-4627 alignright\" src=\"https:\/\/www.tews-diabetes.de\/wp-content\/uploads\/Odete-2-207x300.jpg\" alt=\"\" width=\"207\" height=\"300\" srcset=\"https:\/\/www.tews-diabetes.de\/wp-content\/uploads\/Odete-2-207x300.jpg 207w, https:\/\/www.tews-diabetes.de\/wp-content\/uploads\/Odete-2-711x1030.jpg 711w, https:\/\/www.tews-diabetes.de\/wp-content\/uploads\/Odete-2-1060x1536.jpg 1060w, https:\/\/www.tews-diabetes.de\/wp-content\/uploads\/Odete-2-1413x2048.jpg 1413w, https:\/\/www.tews-diabetes.de\/wp-content\/uploads\/Odete-2-383x555.jpg 383w, https:\/\/www.tews-diabetes.de\/wp-content\/uploads\/Odete-2-scaled.jpg 1766w\" sizes=\"auto, (max-width: 207px) 100vw, 207px\" \/>koruma gibi cesitli konularda da seminerlere katilmaktayiz . Isimizi daha verimli s\u00fcrd\u00fcrebilmek icin ekip ici toplantilar ve degerlendirmeler yapiyoruz. Her iste oldugu gibi burada da hatalar olusabilir, ama \u00f6nemli olan bunlari tekrarlamamak ve bunlardan ders cikarmaktir. Eger bir sey yolunda gitmiyorsa ya da g\u00f6zden kacan bir durum s\u00f6z konusu ise l\u00fctfen g\u00f6r\u00fcslerinizi bizimle paylasiniz. Elestirilerinizi ciddiye alacagimizdan emin olabilirsiniz!<\/p>\n<h3>Tibbi Egitim<\/h3>\n<p>Alman Diyabet Dernegi onayli yeterlilik sertifikamizla farkli konularda egitimler sunuyoruz:<\/p>\n<ul>\n<li>Diabetologen DDG<\/li>\n<li>Diabetologen L\u00c4K<\/li>\n<li>Diabetesberater DDG<\/li>\n<li>Diabetesassistentin DDG<\/li>\n<li>Podologen<\/li>\n<li>Wundmanager ICW<\/li>\n<\/ul>\n<p>Tedavi merkezimizde hastalarimiza faydali ve yapici yenilenme imkanlari sunmayi hedefliyoruz. Kendimizi gelistirmenin yani sira sizlere de faydali olmayi amac ediniyoruz.<\/p>\n<h3>Sundugumuz egitimlerle Doktorlar da bu Lisanstaki \u00f6grenimlerini devam ettirebilirler.<\/h3>\n<ul>\n<li>Ic hastaliklari<\/li>\n<li>Diyabetoloji<\/li>\n<\/ul>\n<h3>Ekip icin Kurs Programlari:<\/h3>\n<ul>\n<li>Weiterbildungen f\u00fcr Pflegepersonal<\/li>\n<\/ul>\n<\/div>\n<\/div><\/div><\/div><\/div><\/div><\/div>","protected":false},"excerpt":{"rendered":"<p>Seminer, Kongre ve\u00a0 egitimlere d\u00fczenli katilarak tibbi ve teknolojik alandaki yenilikleri, gelismeleri, g\u00fcncel uygulama ve tedavi tekniklerini takip ediyoruz. Hastalarimiza kaliteli, g\u00fcvenilir, s\u00fcreklilik iceren bir yaklasimla b\u00fct\u00fcnl\u00fckl\u00fc tedavi ve bakim hizmeti sunmayi, Diyabet Tedavinizde g\u00fcncel Taleplerinizi yerine getirebilmeyi hedefliyoruz. Sertifikalarimiz Muayenehanemiz, 2009 yilindan itibaren Tip-1 ve Tip-2 Seker hastaligi tedavisi icin sertifikalidir ve Alman Diyabet &hellip;<\/p>\n","protected":false},"author":1,"featured_media":0,"parent":767,"menu_order":2,"comment_status":"closed","ping_status":"closed","template":"template-builder-page.php","meta":{"_acf_changed":false,"footnotes":""},"class_list":["post-812","page","type-page","status-publish","hentry"],"acf":[],"yoast_head":"<!-- This site is optimized with the Yoast SEO plugin v27.5 - https:\/\/yoast.com\/product\/yoast-seo-wordpress\/ -->\n<title>Kalite - MVZ Diabeteszentrum Dr. Tews GmbH<\/title>\n<meta name=\"robots\" content=\"index, follow, max-snippet:-1, max-image-preview:large, max-video-preview:-1\" \/>\n<link rel=\"canonical\" href=\"https:\/\/www.tews-diabetes.de\/tr\/muayenehane\/kalite\/\" \/>\n<meta property=\"og:locale\" content=\"tr_TR\" \/>\n<meta property=\"og:type\" content=\"article\" \/>\n<meta property=\"og:title\" content=\"Kalite - MVZ Diabeteszentrum Dr. Tews GmbH\" \/>\n<meta property=\"og:description\" content=\"Seminer, Kongre ve\u00a0 egitimlere d\u00fczenli katilarak tibbi ve teknolojik alandaki yenilikleri, gelismeleri, g\u00fcncel uygulama ve tedavi tekniklerini takip ediyoruz. Hastalarimiza kaliteli, g\u00fcvenilir, s\u00fcreklilik iceren bir yaklasimla b\u00fct\u00fcnl\u00fckl\u00fc tedavi ve bakim hizmeti sunmayi, Diyabet Tedavinizde g\u00fcncel Taleplerinizi yerine getirebilmeyi hedefliyoruz. Sertifikalarimiz Muayenehanemiz, 2009 yilindan itibaren Tip-1 ve Tip-2 Seker hastaligi tedavisi icin sertifikalidir ve Alman Diyabet &hellip;\" \/>\n<meta property=\"og:url\" content=\"https:\/\/www.tews-diabetes.de\/tr\/muayenehane\/kalite\/\" \/>\n<meta property=\"og:site_name\" content=\"MVZ Diabeteszentrum Dr. Tews GmbH\" \/>\n<meta property=\"article:modified_time\" content=\"2023-11-20T11:24:05+00:00\" \/>\n<meta property=\"og:image\" content=\"https:\/\/www.tews-diabetes.de\/wp-content\/uploads\/DDG-Urkunde-bis-03.03.2025.jpg\" \/>\n<meta name=\"twitter:card\" content=\"summary_large_image\" \/>\n<meta name=\"twitter:label1\" content=\"Tahmini okuma s\u00fcresi\" \/>\n\t<meta name=\"twitter:data1\" content=\"3 dakika\" \/>\n<script type=\"application\/ld+json\" class=\"yoast-schema-graph\">{\"@context\":\"https:\\\/\\\/schema.org\",\"@graph\":[{\"@type\":\"WebPage\",\"@id\":\"https:\\\/\\\/www.tews-diabetes.de\\\/tr\\\/muayenehane\\\/kalite\\\/\",\"url\":\"https:\\\/\\\/www.tews-diabetes.de\\\/tr\\\/muayenehane\\\/kalite\\\/\",\"name\":\"Kalite - MVZ Diabeteszentrum Dr. Tews GmbH\",\"isPartOf\":{\"@id\":\"https:\\\/\\\/www.tews-diabetes.de\\\/tr\\\/#website\"},\"primaryImageOfPage\":{\"@id\":\"https:\\\/\\\/www.tews-diabetes.de\\\/tr\\\/muayenehane\\\/kalite\\\/#primaryimage\"},\"image\":{\"@id\":\"https:\\\/\\\/www.tews-diabetes.de\\\/tr\\\/muayenehane\\\/kalite\\\/#primaryimage\"},\"thumbnailUrl\":\"https:\\\/\\\/www.tews-diabetes.de\\\/wp-content\\\/uploads\\\/DDG-Urkunde-bis-03.03.2025.jpg\",\"datePublished\":\"2016-06-28T18:33:57+00:00\",\"dateModified\":\"2023-11-20T11:24:05+00:00\",\"breadcrumb\":{\"@id\":\"https:\\\/\\\/www.tews-diabetes.de\\\/tr\\\/muayenehane\\\/kalite\\\/#breadcrumb\"},\"inLanguage\":\"tr\",\"potentialAction\":[{\"@type\":\"ReadAction\",\"target\":[\"https:\\\/\\\/www.tews-diabetes.de\\\/tr\\\/muayenehane\\\/kalite\\\/\"]}]},{\"@type\":\"ImageObject\",\"inLanguage\":\"tr\",\"@id\":\"https:\\\/\\\/www.tews-diabetes.de\\\/tr\\\/muayenehane\\\/kalite\\\/#primaryimage\",\"url\":\"https:\\\/\\\/www.tews-diabetes.de\\\/wp-content\\\/uploads\\\/DDG-Urkunde-bis-03.03.2025.jpg\",\"contentUrl\":\"https:\\\/\\\/www.tews-diabetes.de\\\/wp-content\\\/uploads\\\/DDG-Urkunde-bis-03.03.2025.jpg\"},{\"@type\":\"BreadcrumbList\",\"@id\":\"https:\\\/\\\/www.tews-diabetes.de\\\/tr\\\/muayenehane\\\/kalite\\\/#breadcrumb\",\"itemListElement\":[{\"@type\":\"ListItem\",\"position\":1,\"name\":\"Startseite\",\"item\":\"https:\\\/\\\/www.tews-diabetes.de\\\/tr\\\/\"},{\"@type\":\"ListItem\",\"position\":2,\"name\":\"Muayenehane\",\"item\":\"https:\\\/\\\/www.tews-diabetes.de\\\/tr\\\/muayenehane\\\/\"},{\"@type\":\"ListItem\",\"position\":3,\"name\":\"Kalite\"}]},{\"@type\":\"WebSite\",\"@id\":\"https:\\\/\\\/www.tews-diabetes.de\\\/tr\\\/#website\",\"url\":\"https:\\\/\\\/www.tews-diabetes.de\\\/tr\\\/\",\"name\":\"MVZ Diabeteszentrum Dr. Tews GmbH\",\"description\":\"\",\"potentialAction\":[{\"@type\":\"SearchAction\",\"target\":{\"@type\":\"EntryPoint\",\"urlTemplate\":\"https:\\\/\\\/www.tews-diabetes.de\\\/tr\\\/?s={search_term_string}\"},\"query-input\":{\"@type\":\"PropertyValueSpecification\",\"valueRequired\":true,\"valueName\":\"search_term_string\"}}],\"inLanguage\":\"tr\"}]}<\/script>\n<!-- \/ Yoast SEO plugin. -->","yoast_head_json":{"title":"Kalite - MVZ Diabeteszentrum Dr. Tews GmbH","robots":{"index":"index","follow":"follow","max-snippet":"max-snippet:-1","max-image-preview":"max-image-preview:large","max-video-preview":"max-video-preview:-1"},"canonical":"https:\/\/www.tews-diabetes.de\/tr\/muayenehane\/kalite\/","og_locale":"tr_TR","og_type":"article","og_title":"Kalite - MVZ Diabeteszentrum Dr. Tews GmbH","og_description":"Seminer, Kongre ve\u00a0 egitimlere d\u00fczenli katilarak tibbi ve teknolojik alandaki yenilikleri, gelismeleri, g\u00fcncel uygulama ve tedavi tekniklerini takip ediyoruz. Hastalarimiza kaliteli, g\u00fcvenilir, s\u00fcreklilik iceren bir yaklasimla b\u00fct\u00fcnl\u00fckl\u00fc tedavi ve bakim hizmeti sunmayi, Diyabet Tedavinizde g\u00fcncel Taleplerinizi yerine getirebilmeyi hedefliyoruz. Sertifikalarimiz Muayenehanemiz, 2009 yilindan itibaren Tip-1 ve Tip-2 Seker hastaligi tedavisi icin sertifikalidir ve Alman Diyabet &hellip;","og_url":"https:\/\/www.tews-diabetes.de\/tr\/muayenehane\/kalite\/","og_site_name":"MVZ Diabeteszentrum Dr. Tews GmbH","article_modified_time":"2023-11-20T11:24:05+00:00","og_image":[{"url":"https:\/\/www.tews-diabetes.de\/wp-content\/uploads\/DDG-Urkunde-bis-03.03.2025.jpg","type":"","width":"","height":""}],"twitter_card":"summary_large_image","twitter_misc":{"Tahmini okuma s\u00fcresi":"3 dakika"},"schema":{"@context":"https:\/\/schema.org","@graph":[{"@type":"WebPage","@id":"https:\/\/www.tews-diabetes.de\/tr\/muayenehane\/kalite\/","url":"https:\/\/www.tews-diabetes.de\/tr\/muayenehane\/kalite\/","name":"Kalite - MVZ Diabeteszentrum Dr. Tews GmbH","isPartOf":{"@id":"https:\/\/www.tews-diabetes.de\/tr\/#website"},"primaryImageOfPage":{"@id":"https:\/\/www.tews-diabetes.de\/tr\/muayenehane\/kalite\/#primaryimage"},"image":{"@id":"https:\/\/www.tews-diabetes.de\/tr\/muayenehane\/kalite\/#primaryimage"},"thumbnailUrl":"https:\/\/www.tews-diabetes.de\/wp-content\/uploads\/DDG-Urkunde-bis-03.03.2025.jpg","datePublished":"2016-06-28T18:33:57+00:00","dateModified":"2023-11-20T11:24:05+00:00","breadcrumb":{"@id":"https:\/\/www.tews-diabetes.de\/tr\/muayenehane\/kalite\/#breadcrumb"},"inLanguage":"tr","potentialAction":[{"@type":"ReadAction","target":["https:\/\/www.tews-diabetes.de\/tr\/muayenehane\/kalite\/"]}]},{"@type":"ImageObject","inLanguage":"tr","@id":"https:\/\/www.tews-diabetes.de\/tr\/muayenehane\/kalite\/#primaryimage","url":"https:\/\/www.tews-diabetes.de\/wp-content\/uploads\/DDG-Urkunde-bis-03.03.2025.jpg","contentUrl":"https:\/\/www.tews-diabetes.de\/wp-content\/uploads\/DDG-Urkunde-bis-03.03.2025.jpg"},{"@type":"BreadcrumbList","@id":"https:\/\/www.tews-diabetes.de\/tr\/muayenehane\/kalite\/#breadcrumb","itemListElement":[{"@type":"ListItem","position":1,"name":"Startseite","item":"https:\/\/www.tews-diabetes.de\/tr\/"},{"@type":"ListItem","position":2,"name":"Muayenehane","item":"https:\/\/www.tews-diabetes.de\/tr\/muayenehane\/"},{"@type":"ListItem","position":3,"name":"Kalite"}]},{"@type":"WebSite","@id":"https:\/\/www.tews-diabetes.de\/tr\/#website","url":"https:\/\/www.tews-diabetes.de\/tr\/","name":"MVZ Diabeteszentrum Dr. Tews GmbH","description":"","potentialAction":[{"@type":"SearchAction","target":{"@type":"EntryPoint","urlTemplate":"https:\/\/www.tews-diabetes.de\/tr\/?s={search_term_string}"},"query-input":{"@type":"PropertyValueSpecification","valueRequired":true,"valueName":"search_term_string"}}],"inLanguage":"tr"}]}},"_links":{"self":[{"href":"https:\/\/www.tews-diabetes.de\/tr\/wp-json\/wp\/v2\/pages\/812","targetHints":{"allow":["GET"]}}],"collection":[{"href":"https:\/\/www.tews-diabetes.de\/tr\/wp-json\/wp\/v2\/pages"}],"about":[{"href":"https:\/\/www.tews-diabetes.de\/tr\/wp-json\/wp\/v2\/types\/page"}],"author":[{"embeddable":true,"href":"https:\/\/www.tews-diabetes.de\/tr\/wp-json\/wp\/v2\/users\/1"}],"replies":[{"embeddable":true,"href":"https:\/\/www.tews-diabetes.de\/tr\/wp-json\/wp\/v2\/comments?post=812"}],"version-history":[{"count":12,"href":"https:\/\/www.tews-diabetes.de\/tr\/wp-json\/wp\/v2\/pages\/812\/revisions"}],"predecessor-version":[{"id":6370,"href":"https:\/\/www.tews-diabetes.de\/tr\/wp-json\/wp\/v2\/pages\/812\/revisions\/6370"}],"up":[{"embeddable":true,"href":"https:\/\/www.tews-diabetes.de\/tr\/wp-json\/wp\/v2\/pages\/767"}],"wp:attachment":[{"href":"https:\/\/www.tews-diabetes.de\/tr\/wp-json\/wp\/v2\/media?parent=812"}],"curies":[{"name":"wp","href":"https:\/\/api.w.org\/{rel}","templated":true}]}}