{"id":770,"date":"2016-06-06T19:35:48","date_gmt":"2016-06-06T17:35:48","guid":{"rendered":"http:\/\/develop.tews-diabetes.de\/tr\/diabetologie\/"},"modified":"2017-02-02T21:58:38","modified_gmt":"2017-02-02T20:58:38","slug":"diyabetologjy","status":"publish","type":"page","link":"https:\/\/www.tews-diabetes.de\/tr\/diyabetologjy\/","title":{"rendered":"Diyabetologjy"},"content":{"rendered":"<div id=\"pl-770\"  class=\"panel-layout\" ><div id=\"pg-770-0\"  class=\"panel-grid panel-no-style\" ><div id=\"pgc-770-0-0\"  class=\"panel-grid-cell\" ><div id=\"panel-770-0-0-0\" class=\"so-panel widget widget_sow-editor panel-first-child panel-last-child\" data-index=\"0\" ><div\n\t\t\t\n\t\t\tclass=\"so-widget-sow-editor so-widget-sow-editor-base\"\n\t\t\t\n\t\t><h2 class=\"widget-title\">Diyabetoloji<\/h2>\n<div class=\"siteorigin-widget-tinymce textwidget\">\n\t<h2>Diabetes mellitus \u2013 \u201eKandaki Seker Akiskanligi\u201c<\/h2>\n<\/div>\n<\/div><\/div><\/div><\/div><div id=\"pg-770-1\"  class=\"panel-grid panel-no-style\" ><div id=\"pgc-770-1-0\"  class=\"panel-grid-cell\" ><div id=\"panel-770-1-0-0\" class=\"so-panel widget widget_sow-editor panel-first-child panel-last-child\" data-index=\"1\" ><div\n\t\t\t\n\t\t\tclass=\"so-widget-sow-editor so-widget-sow-editor-base\"\n\t\t\t\n\t\t>\n<div class=\"siteorigin-widget-tinymce textwidget\">\n\t<p>Diyabette Insulin yetersizliginden ya da Insulinin yeterli etkiyi g\u00f6sterememesinden dolayi Kan Sekeri degerleri y\u00fcksek olabilmektedir.<\/p>\n<p>Belirtileri ise sunlardir<\/p>\n<ul>\n<li>Tip 1 Diyabeti: Insulin Yetersizligi<\/li>\n<li>Tip 2 Diyabeti: Insulin Direnci<\/li>\n<li>Hamilelik Diyabeti: Insulin Direnci<\/li>\n<\/ul>\n<p>Bununla birlikte farkli Metabolik\u00a0 Durumlar \u00f6rnegin: Kan Yaglari, Tansiyon ve Kilo da etkileyici rol oynamaktadir. Hatta\u00a0 kalitim ve cevresel fakt\u00f6rler de etkili olmaktadir. Bu sebeple Diyabet, hastalarda farkli emareler g\u00f6sterebilmektedir. Saglikli ve kapsamli bir teshis icin metabolizmanizi d\u00fczenli olarak g\u00f6zlemliyoruz.<\/p>\n<p>Diyabet ekibi olarak toplanti ve danismanlik hizmetlerimizi randevularinizla uyumlu halde s\u00fcrd\u00fcrmekteyiz. Bu sayede sizin icin uygun olan tedavi hakkinda bilgi sahibi olacaksiniz.<\/p>\n<p>Tedavi kismindaki sonuc ve degerlendirmeleri inceleyebilirsiniz.<\/p>\n<p>\u00a0<\/p>\n<p>\u00a0<\/p>\n<\/div>\n<\/div><\/div><\/div><div id=\"pgc-770-1-1\"  class=\"panel-grid-cell\" ><div id=\"panel-770-1-1-0\" class=\"so-panel widget widget_sow-image panel-first-child panel-last-child\" data-index=\"2\" ><div\n\t\t\t\n\t\t\tclass=\"so-widget-sow-image so-widget-sow-image-default-dbf295114b96-770\"\n\t\t\t\n\t\t>\n<div class=\"sow-image-container\">\n\t\t<img \n\tsrc=\"https:\/\/www.tews-diabetes.de\/wp-content\/uploads\/tews-diabetes-diabetologie-1.jpg\" width=\"1280\" height=\"853\" srcset=\"https:\/\/www.tews-diabetes.de\/wp-content\/uploads\/tews-diabetes-diabetologie-1.jpg 1280w, https:\/\/www.tews-diabetes.de\/wp-content\/uploads\/tews-diabetes-diabetologie-1-300x200.jpg 300w, https:\/\/www.tews-diabetes.de\/wp-content\/uploads\/tews-diabetes-diabetologie-1-1030x686.jpg 1030w, https:\/\/www.tews-diabetes.de\/wp-content\/uploads\/tews-diabetes-diabetologie-1-360x240.jpg 360w, https:\/\/www.tews-diabetes.de\/wp-content\/uploads\/tews-diabetes-diabetologie-1-555x370.jpg 555w, https:\/\/www.tews-diabetes.de\/wp-content\/uploads\/tews-diabetes-diabetologie-1-272x182.jpg 272w\" sizes=\"(max-width: 1280px) 100vw, 1280px\" alt=\"\" \t\tclass=\"so-widget-image\"\/>\n\t<\/div>\n\n<\/div><\/div><\/div><\/div><div id=\"pg-770-2\"  class=\"panel-grid panel-no-style\" ><div id=\"pgc-770-2-0\"  class=\"panel-grid-cell\" ><div id=\"panel-770-2-0-0\" class=\"so-panel widget widget_sow-editor panel-first-child panel-last-child\" data-index=\"3\" ><div\n\t\t\t\n\t\t\tclass=\"so-widget-sow-editor so-widget-sow-editor-base\"\n\t\t\t\n\t\t><h2 class=\"widget-title\">Kontrol Muayenesi<\/h2>\n<div class=\"siteorigin-widget-tinymce textwidget\">\n\t<h3>3 Aylik Kontrol Muayeneleriniz Tedavinizi iyi bir sekilde s\u00fcrd\u00fcrebilmek icin \u00f6nemlidir.<\/h3>\n<\/div>\n<\/div><\/div><\/div><\/div><div id=\"pg-770-3\"  class=\"panel-grid panel-no-style\" ><div id=\"pgc-770-3-0\"  class=\"panel-grid-cell\" ><div id=\"panel-770-3-0-0\" class=\"so-panel widget widget_sow-editor panel-first-child panel-last-child\" data-index=\"4\" ><div\n\t\t\t\n\t\t\tclass=\"so-widget-sow-editor so-widget-sow-editor-base\"\n\t\t\t\n\t\t>\n<div class=\"siteorigin-widget-tinymce textwidget\">\n\t<p>Muayenehanemiz, DMP Programlari kapsaminda yer alan (\u00d6rnegin:Curaplan, \u201eIyi-Yasama-Programi\u201c) DMP Tip 1 ve Tip 2 icin KHK tarafindan onaylanmistir.<\/p>\n<h4>Glisemik (Kan Sekeri) Kontrol\u00fc<\/h4>\n<p>Glisemik Kontrol sizin Kan sekeri degerlerinizin aynasidir. Dogru tedaviyi bulmaya ve Insulin tedavisinde dozu ayarlamaya da yardimci olmaktadir. Devamli yaptiginiz Kan Sekeri \u00f6lc\u00fcmleri y\u00fcksek ve d\u00fcs\u00fck kan degerlerinden kacinmak ve dogru zamanda dogru tedaviyi uygulayabilmek icin son derece \u00f6nemlidir. Eger Insulin tedavisi g\u00f6r\u00fcyorsaniz sigortaniz kan \u00f6lc\u00fcm maaliyetlerinizi karsilamaktadir.<\/p>\n<p>Kan \u00f6lc\u00fcm\u00fcn\u00fc bir sensor araciligiyla derinin altindan \u00f6lcen aletlerin (CGM- ya da FGM-Sistemleri) su anda sadece bir kismi Sigortaniz tarafindan \u00f6denmektedir. Bu durumda sigortaniza bir dilekce g\u00f6ndermeniz gerekiyor. Sigortaniz tarafindan onay alirsaniz ya da bir \u00f6lc\u00fcm aletini test etmek isterseniz, bu alet ve calisma prensibi \u00fczerine \u00f6zel bir kurs sunuyoruz. Bu sekilde sonuc faydalarini kendiniz de tecr\u00fcbe etme firsatini yakalayabilirsiniz.<\/p>\n<p>Soru ve g\u00f6r\u00fcsleriniz icin l\u00fctfen bizimle irtibata geciniz.<\/p>\n<\/div>\n<\/div><\/div><\/div><div id=\"pgc-770-3-1\"  class=\"panel-grid-cell\" ><div id=\"panel-770-3-1-0\" class=\"so-panel widget widget_sow-image panel-first-child panel-last-child\" data-index=\"5\" ><div\n\t\t\t\n\t\t\tclass=\"so-widget-sow-image so-widget-sow-image-default-dbf295114b96-770\"\n\t\t\t\n\t\t>\n<div class=\"sow-image-container\">\n\t\t<img \n\tsrc=\"https:\/\/www.tews-diabetes.de\/wp-content\/uploads\/tews-diabetes-diabetologie-3.jpg\" width=\"1280\" height=\"853\" srcset=\"https:\/\/www.tews-diabetes.de\/wp-content\/uploads\/tews-diabetes-diabetologie-3.jpg 1280w, https:\/\/www.tews-diabetes.de\/wp-content\/uploads\/tews-diabetes-diabetologie-3-300x200.jpg 300w, https:\/\/www.tews-diabetes.de\/wp-content\/uploads\/tews-diabetes-diabetologie-3-1030x686.jpg 1030w, https:\/\/www.tews-diabetes.de\/wp-content\/uploads\/tews-diabetes-diabetologie-3-360x240.jpg 360w, https:\/\/www.tews-diabetes.de\/wp-content\/uploads\/tews-diabetes-diabetologie-3-555x370.jpg 555w, https:\/\/www.tews-diabetes.de\/wp-content\/uploads\/tews-diabetes-diabetologie-3-272x182.jpg 272w\" sizes=\"(max-width: 1280px) 100vw, 1280px\" alt=\"\" \t\tclass=\"so-widget-image\"\/>\n\t<\/div>\n\n<\/div><\/div><\/div><\/div><\/div>","protected":false},"excerpt":{"rendered":"<p>Diabetes mellitus \u2013 \u201eKandaki Seker Akiskanligi\u201c Diyabette Insulin yetersizliginden ya da Insulinin yeterli etkiyi g\u00f6sterememesinden dolayi Kan Sekeri degerleri y\u00fcksek olabilmektedir.Belirtileri ise sunlardirTip 1 Diyabeti: Insulin YetersizligiTip 2 Diyabeti: Insulin DirenciHamilelik Diyabeti: Insulin DirenciBununla birlikte farkli Metabolik\u00a0 Durumlar \u00f6rnegin: Kan Yaglari, Tansiyon ve Kilo da etkileyici rol oynamaktadir. Hatta\u00a0 kalitim ve cevresel fakt\u00f6rler de etkili &hellip;<\/p>\n","protected":false},"author":1,"featured_media":0,"parent":0,"menu_order":4,"comment_status":"closed","ping_status":"closed","template":"template-builder-page.php","meta":{"_acf_changed":false,"footnotes":""},"class_list":["post-770","page","type-page","status-publish","hentry"],"acf":[],"yoast_head":"<!-- This site is optimized with the Yoast SEO plugin v27.5 - https:\/\/yoast.com\/product\/yoast-seo-wordpress\/ -->\n<title>Diyabetologjy - MVZ Diabeteszentrum Dr. Tews GmbH<\/title>\n<meta name=\"robots\" content=\"index, follow, max-snippet:-1, max-image-preview:large, max-video-preview:-1\" \/>\n<link rel=\"canonical\" href=\"https:\/\/www.tews-diabetes.de\/tr\/diyabetologjy\/\" \/>\n<meta property=\"og:locale\" content=\"tr_TR\" \/>\n<meta property=\"og:type\" content=\"article\" \/>\n<meta property=\"og:title\" content=\"Diyabetologjy - MVZ Diabeteszentrum Dr. Tews GmbH\" \/>\n<meta property=\"og:description\" content=\"Diabetes mellitus \u2013 \u201eKandaki Seker Akiskanligi\u201c Diyabette Insulin yetersizliginden ya da Insulinin yeterli etkiyi g\u00f6sterememesinden dolayi Kan Sekeri degerleri y\u00fcksek olabilmektedir.Belirtileri ise sunlardirTip 1 Diyabeti: Insulin YetersizligiTip 2 Diyabeti: Insulin DirenciHamilelik Diyabeti: Insulin DirenciBununla birlikte farkli Metabolik\u00a0 Durumlar \u00f6rnegin: Kan Yaglari, Tansiyon ve Kilo da etkileyici rol oynamaktadir. Hatta\u00a0 kalitim ve cevresel fakt\u00f6rler de etkili &hellip;\" \/>\n<meta property=\"og:url\" content=\"https:\/\/www.tews-diabetes.de\/tr\/diyabetologjy\/\" \/>\n<meta property=\"og:site_name\" content=\"MVZ Diabeteszentrum Dr. Tews GmbH\" \/>\n<meta property=\"article:modified_time\" content=\"2017-02-02T20:58:38+00:00\" \/>\n<meta property=\"og:image\" content=\"http:\/\/develop.tews-diabetes.de\/wp-content\/uploads\/tews-diabetes-diabetologie-1.jpg\" \/>\n<meta name=\"twitter:card\" content=\"summary_large_image\" \/>\n<meta name=\"twitter:label1\" content=\"Tahmini okuma s\u00fcresi\" \/>\n\t<meta name=\"twitter:data1\" content=\"1 dakika\" \/>\n<script type=\"application\/ld+json\" class=\"yoast-schema-graph\">{\"@context\":\"https:\\\/\\\/schema.org\",\"@graph\":[{\"@type\":\"WebPage\",\"@id\":\"https:\\\/\\\/www.tews-diabetes.de\\\/tr\\\/diyabetologjy\\\/\",\"url\":\"https:\\\/\\\/www.tews-diabetes.de\\\/tr\\\/diyabetologjy\\\/\",\"name\":\"Diyabetologjy - MVZ Diabeteszentrum Dr. Tews GmbH\",\"isPartOf\":{\"@id\":\"https:\\\/\\\/www.tews-diabetes.de\\\/tr\\\/#website\"},\"primaryImageOfPage\":{\"@id\":\"https:\\\/\\\/www.tews-diabetes.de\\\/tr\\\/diyabetologjy\\\/#primaryimage\"},\"image\":{\"@id\":\"https:\\\/\\\/www.tews-diabetes.de\\\/tr\\\/diyabetologjy\\\/#primaryimage\"},\"thumbnailUrl\":\"http:\\\/\\\/develop.tews-diabetes.de\\\/wp-content\\\/uploads\\\/tews-diabetes-diabetologie-1.jpg\",\"datePublished\":\"2016-06-06T17:35:48+00:00\",\"dateModified\":\"2017-02-02T20:58:38+00:00\",\"breadcrumb\":{\"@id\":\"https:\\\/\\\/www.tews-diabetes.de\\\/tr\\\/diyabetologjy\\\/#breadcrumb\"},\"inLanguage\":\"tr\",\"potentialAction\":[{\"@type\":\"ReadAction\",\"target\":[\"https:\\\/\\\/www.tews-diabetes.de\\\/tr\\\/diyabetologjy\\\/\"]}]},{\"@type\":\"ImageObject\",\"inLanguage\":\"tr\",\"@id\":\"https:\\\/\\\/www.tews-diabetes.de\\\/tr\\\/diyabetologjy\\\/#primaryimage\",\"url\":\"http:\\\/\\\/develop.tews-diabetes.de\\\/wp-content\\\/uploads\\\/tews-diabetes-diabetologie-1.jpg\",\"contentUrl\":\"http:\\\/\\\/develop.tews-diabetes.de\\\/wp-content\\\/uploads\\\/tews-diabetes-diabetologie-1.jpg\"},{\"@type\":\"BreadcrumbList\",\"@id\":\"https:\\\/\\\/www.tews-diabetes.de\\\/tr\\\/diyabetologjy\\\/#breadcrumb\",\"itemListElement\":[{\"@type\":\"ListItem\",\"position\":1,\"name\":\"Startseite\",\"item\":\"https:\\\/\\\/www.tews-diabetes.de\\\/tr\\\/\"},{\"@type\":\"ListItem\",\"position\":2,\"name\":\"Diyabetologjy\"}]},{\"@type\":\"WebSite\",\"@id\":\"https:\\\/\\\/www.tews-diabetes.de\\\/tr\\\/#website\",\"url\":\"https:\\\/\\\/www.tews-diabetes.de\\\/tr\\\/\",\"name\":\"MVZ Diabeteszentrum Dr. Tews GmbH\",\"description\":\"\",\"potentialAction\":[{\"@type\":\"SearchAction\",\"target\":{\"@type\":\"EntryPoint\",\"urlTemplate\":\"https:\\\/\\\/www.tews-diabetes.de\\\/tr\\\/?s={search_term_string}\"},\"query-input\":{\"@type\":\"PropertyValueSpecification\",\"valueRequired\":true,\"valueName\":\"search_term_string\"}}],\"inLanguage\":\"tr\"}]}<\/script>\n<!-- \/ Yoast SEO plugin. -->","yoast_head_json":{"title":"Diyabetologjy - MVZ Diabeteszentrum Dr. Tews GmbH","robots":{"index":"index","follow":"follow","max-snippet":"max-snippet:-1","max-image-preview":"max-image-preview:large","max-video-preview":"max-video-preview:-1"},"canonical":"https:\/\/www.tews-diabetes.de\/tr\/diyabetologjy\/","og_locale":"tr_TR","og_type":"article","og_title":"Diyabetologjy - MVZ Diabeteszentrum Dr. Tews GmbH","og_description":"Diabetes mellitus \u2013 \u201eKandaki Seker Akiskanligi\u201c Diyabette Insulin yetersizliginden ya da Insulinin yeterli etkiyi g\u00f6sterememesinden dolayi Kan Sekeri degerleri y\u00fcksek olabilmektedir.Belirtileri ise sunlardirTip 1 Diyabeti: Insulin YetersizligiTip 2 Diyabeti: Insulin DirenciHamilelik Diyabeti: Insulin DirenciBununla birlikte farkli Metabolik\u00a0 Durumlar \u00f6rnegin: Kan Yaglari, Tansiyon ve Kilo da etkileyici rol oynamaktadir. Hatta\u00a0 kalitim ve cevresel fakt\u00f6rler de etkili &hellip;","og_url":"https:\/\/www.tews-diabetes.de\/tr\/diyabetologjy\/","og_site_name":"MVZ Diabeteszentrum Dr. Tews GmbH","article_modified_time":"2017-02-02T20:58:38+00:00","og_image":[{"url":"http:\/\/develop.tews-diabetes.de\/wp-content\/uploads\/tews-diabetes-diabetologie-1.jpg","type":"","width":"","height":""}],"twitter_card":"summary_large_image","twitter_misc":{"Tahmini okuma s\u00fcresi":"1 dakika"},"schema":{"@context":"https:\/\/schema.org","@graph":[{"@type":"WebPage","@id":"https:\/\/www.tews-diabetes.de\/tr\/diyabetologjy\/","url":"https:\/\/www.tews-diabetes.de\/tr\/diyabetologjy\/","name":"Diyabetologjy - MVZ Diabeteszentrum Dr. Tews GmbH","isPartOf":{"@id":"https:\/\/www.tews-diabetes.de\/tr\/#website"},"primaryImageOfPage":{"@id":"https:\/\/www.tews-diabetes.de\/tr\/diyabetologjy\/#primaryimage"},"image":{"@id":"https:\/\/www.tews-diabetes.de\/tr\/diyabetologjy\/#primaryimage"},"thumbnailUrl":"http:\/\/develop.tews-diabetes.de\/wp-content\/uploads\/tews-diabetes-diabetologie-1.jpg","datePublished":"2016-06-06T17:35:48+00:00","dateModified":"2017-02-02T20:58:38+00:00","breadcrumb":{"@id":"https:\/\/www.tews-diabetes.de\/tr\/diyabetologjy\/#breadcrumb"},"inLanguage":"tr","potentialAction":[{"@type":"ReadAction","target":["https:\/\/www.tews-diabetes.de\/tr\/diyabetologjy\/"]}]},{"@type":"ImageObject","inLanguage":"tr","@id":"https:\/\/www.tews-diabetes.de\/tr\/diyabetologjy\/#primaryimage","url":"http:\/\/develop.tews-diabetes.de\/wp-content\/uploads\/tews-diabetes-diabetologie-1.jpg","contentUrl":"http:\/\/develop.tews-diabetes.de\/wp-content\/uploads\/tews-diabetes-diabetologie-1.jpg"},{"@type":"BreadcrumbList","@id":"https:\/\/www.tews-diabetes.de\/tr\/diyabetologjy\/#breadcrumb","itemListElement":[{"@type":"ListItem","position":1,"name":"Startseite","item":"https:\/\/www.tews-diabetes.de\/tr\/"},{"@type":"ListItem","position":2,"name":"Diyabetologjy"}]},{"@type":"WebSite","@id":"https:\/\/www.tews-diabetes.de\/tr\/#website","url":"https:\/\/www.tews-diabetes.de\/tr\/","name":"MVZ Diabeteszentrum Dr. Tews GmbH","description":"","potentialAction":[{"@type":"SearchAction","target":{"@type":"EntryPoint","urlTemplate":"https:\/\/www.tews-diabetes.de\/tr\/?s={search_term_string}"},"query-input":{"@type":"PropertyValueSpecification","valueRequired":true,"valueName":"search_term_string"}}],"inLanguage":"tr"}]}},"_links":{"self":[{"href":"https:\/\/www.tews-diabetes.de\/tr\/wp-json\/wp\/v2\/pages\/770","targetHints":{"allow":["GET"]}}],"collection":[{"href":"https:\/\/www.tews-diabetes.de\/tr\/wp-json\/wp\/v2\/pages"}],"about":[{"href":"https:\/\/www.tews-diabetes.de\/tr\/wp-json\/wp\/v2\/types\/page"}],"author":[{"embeddable":true,"href":"https:\/\/www.tews-diabetes.de\/tr\/wp-json\/wp\/v2\/users\/1"}],"replies":[{"embeddable":true,"href":"https:\/\/www.tews-diabetes.de\/tr\/wp-json\/wp\/v2\/comments?post=770"}],"version-history":[{"count":3,"href":"https:\/\/www.tews-diabetes.de\/tr\/wp-json\/wp\/v2\/pages\/770\/revisions"}],"predecessor-version":[{"id":915,"href":"https:\/\/www.tews-diabetes.de\/tr\/wp-json\/wp\/v2\/pages\/770\/revisions\/915"}],"wp:attachment":[{"href":"https:\/\/www.tews-diabetes.de\/tr\/wp-json\/wp\/v2\/media?parent=770"}],"curies":[{"name":"wp","href":"https:\/\/api.w.org\/{rel}","templated":true}]}}