{"id":767,"date":"2016-05-31T21:13:57","date_gmt":"2016-05-31T19:13:57","guid":{"rendered":"http:\/\/develop.tews-diabetes.de\/tr\/praxis\/"},"modified":"2024-07-15T09:46:40","modified_gmt":"2024-07-15T07:46:40","slug":"muayenehane","status":"publish","type":"page","link":"https:\/\/www.tews-diabetes.de\/tr\/muayenehane\/","title":{"rendered":"Muayenehane"},"content":{"rendered":"<div id=\"pl-767\"  class=\"panel-layout\" ><div id=\"pg-767-0\"  class=\"panel-grid panel-no-style\" ><div id=\"pgc-767-0-0\"  class=\"panel-grid-cell\" ><div id=\"panel-767-0-0-0\" class=\"so-panel widget widget_sow-editor panel-first-child panel-last-child\" data-index=\"0\" ><div\n\t\t\t\n\t\t\tclass=\"so-widget-sow-editor so-widget-sow-editor-base\"\n\t\t\t\n\t\t><h2 class=\"widget-title\">Hakkimizda<\/h2>\n<div class=\"siteorigin-widget-tinymce textwidget\">\n\t<h3>Dr. Tews\u00b4in Diyabetolog Muayenehanesinin Kurulusu<\/h3>\n<p>1 Temmuz 2006 tarihinde Dr. Dietrich Tews, Main Kinzig Kliniklere bagli olan bakim merkezindeki tesislerde kendi Diyabetoloji muayenehanesini acti. Bu s\u00fcrecte bir arkadasindan yardim aldi. Hasta sayisindaki artis ve talepler dogrultusunda iki yil icinde personel sayisi ve calisma alanlari artirildi. Alaninda uzmanlasmis profesyonel calisma arkadaslarimizin katilimiyla merkezimiz saglik hizmetlerinde \u00f6nc\u00fc konuma gelmektedir.<\/p>\n<p>2009 yilinda Muayenehaneye \u201eDiabeteszentrum DDG\u201c Sertifikasi verildi. (Diyabet Tip 1 ve Diyabet Tip 2 Hastalari icin)<\/p>\n<p>2011 yilinda ise Alman Diyabet Kurumu tarafindan Ayak Hastaliklarini arastirma ve tedavi\u00a0 Sertifikamizi aldik.<\/p>\n<p>01.04.2012 tarihinden itibaren Dr. Tews, Diyabet merkezini Main-Kinzig-Klinikten hukuki olarak ayirip, \u00f6zellestirmistir. Doktor Tews, meslektaslarina da kendi uzmanlik alani olan Diyabetik konusunda Egitim sunarak sertifika verme hakkina sahiptir. 2015 ve 2016 yillarinda ekibimize yeni katilan doktorlarimizla g\u00fcclenerek yolumuza devam etmekteyiz.<\/p>\n<p>Diyabetli cocuklar 2010 yilindan itibaren Dr. Sabine Wenzel tarafindan muayene edilmektedir. Gelnhausen\u00b4da bulunuan Main-Kinzig-Klinik ile s\u00fcrd\u00fcrd\u00fcg\u00fcm\u00fcz isbirligi ile Diyabet hastalarina iyi bir tedavi sunmayi ve sizlerin memnuniyetini \u00fcst d\u00fczeyde tutmayi hedefliyoruz.<\/p>\n<p>Imkanlari kisitli olan hastalarimiz icin (ulasim, yas, vs.) 2016 \u00b4dan bu yana alaninda uzman, egitimli personlimiz tarafindan ev ziyaretleri yapilmaktadir.<\/p>\n<p>Temmuz 2016\u00b4 dan itibaren ekip arkadaslarimiza yeni calisma alanlari ve istihdam olusturmanin mutlulugunu yasiyoruz. Diyabet merkezimizin 10. Yil kutlamalarini ise t\u00fcm tibbi ve idari personelimizle birlikte gerceklestirecegiz.<\/p>\n<h3>Isbirligi yaptigimiz Kurum ve Dernekler:<\/h3>\n<p><a href=\"http:\/\/www.deutsche-diabetes-gesellschaft.de\" target=\"_blank\" rel=\"noopener noreferrer\">Deutsche Diabetes Gesellschaft (DDG) \u00bb<\/a><\/p>\n<p><a href=\"http:\/\/www.diabetesde.org\" target=\"_blank\" rel=\"noopener noreferrer\">Deutsche Diabetes Hilfe \u00bb<\/a><\/p>\n<p><a href=\"http:\/\/www.bvnd.de\" target=\"_blank\" rel=\"noopener noreferrer\">Bundesvereinigung der niedergelassenen Diabetologen (BVND) \u00bb<\/a><\/p>\n<p><a href=\"https:\/\/www.lipid-liga.de\/\" target=\"_blank\" rel=\"noopener\">Deutsche Gesellschaft von Fettstoffwechselst\u00f6rung e.V.\u00a0\u00bb<\/a><\/p>\n<p><a href=\"http:\/\/www.diabetikerbund.de\" target=\"_blank\" rel=\"noopener noreferrer\">Deutscher Diabetiker Bund e.V. \u00bb<\/a><\/p>\n<p><a href=\"https:\/\/www.bdi.de\/startseite\/\" target=\"_blank\" rel=\"noopener noreferrer\">Berufsverband deutscher Internisten (BDI) \u00bb<\/a><\/p>\n<p><a href=\"http:\/\/www.hdg-info.de\/\" target=\"_blank\" rel=\"noopener\">Hessische Diabetiker Gesellschaft (HDG) \u00bb<\/a><\/p>\n<p><a href=\"http:\/\/www.ag-fuss-ddg.de\/\" target=\"_blank\" rel=\"noopener\">AG \"Diabetischer Fu\u00df\" der DDG \u00bb<\/a><\/p>\n<p><a href=\"http:\/\/schwangerschaft.deutsche-diabetes-gesellschaft.de\/\" target=\"_blank\" rel=\"noopener\">AG\u00a0\u201eDiabetes &amp; Schwangerschaft\"\u00a0der DDG \u00bb<\/a><\/p>\n<p><a href=\"https:\/\/diabetes-technologie.de\/\" target=\"_blank\" rel=\"noopener\">AG \"Diabetes &amp; Technologie\" der DDG \u00bb<\/a><\/p>\n<p><a href=\"https:\/\/www.diabetologen-hessen.de\/\" target=\"_blank\" rel=\"noopener\">Diabetologen eG Hessen \u00bb<\/a><\/p>\n<p><a href=\"https:\/\/www.windiab.de\/\" target=\"_blank\" rel=\"noopener\">winDiab GmbH \u00bb<\/a><\/p>\n<\/div>\n<\/div><\/div><\/div><\/div><\/div>","protected":false},"excerpt":{"rendered":"<p>Dr. Tews\u00b4in Diyabetolog Muayenehanesinin Kurulusu 1 Temmuz 2006 tarihinde Dr. Dietrich Tews, Main Kinzig Kliniklere bagli olan bakim merkezindeki tesislerde kendi Diyabetoloji muayenehanesini acti. Bu s\u00fcrecte bir arkadasindan yardim aldi. Hasta sayisindaki artis ve talepler dogrultusunda iki yil icinde personel sayisi ve calisma alanlari artirildi. Alaninda uzmanlasmis profesyonel calisma arkadaslarimizin katilimiyla merkezimiz saglik hizmetlerinde \u00f6nc\u00fc &hellip;<\/p>\n","protected":false},"author":1,"featured_media":0,"parent":0,"menu_order":3,"comment_status":"closed","ping_status":"closed","template":"template-builder-page.php","meta":{"_acf_changed":false,"footnotes":""},"class_list":["post-767","page","type-page","status-publish","hentry"],"acf":[],"yoast_head":"<!-- This site is optimized with the Yoast SEO plugin v27.4 - https:\/\/yoast.com\/product\/yoast-seo-wordpress\/ -->\n<title>Muayenehane - MVZ Diabeteszentrum Dr. Tews GmbH<\/title>\n<meta name=\"robots\" content=\"index, follow, max-snippet:-1, max-image-preview:large, max-video-preview:-1\" \/>\n<link rel=\"canonical\" href=\"https:\/\/www.tews-diabetes.de\/tr\/muayenehane\/\" \/>\n<meta property=\"og:locale\" content=\"tr_TR\" \/>\n<meta property=\"og:type\" content=\"article\" \/>\n<meta property=\"og:title\" content=\"Muayenehane - MVZ Diabeteszentrum Dr. Tews GmbH\" \/>\n<meta property=\"og:description\" content=\"Dr. Tews\u00b4in Diyabetolog Muayenehanesinin Kurulusu 1 Temmuz 2006 tarihinde Dr. Dietrich Tews, Main Kinzig Kliniklere bagli olan bakim merkezindeki tesislerde kendi Diyabetoloji muayenehanesini acti. Bu s\u00fcrecte bir arkadasindan yardim aldi. Hasta sayisindaki artis ve talepler dogrultusunda iki yil icinde personel sayisi ve calisma alanlari artirildi. Alaninda uzmanlasmis profesyonel calisma arkadaslarimizin katilimiyla merkezimiz saglik hizmetlerinde \u00f6nc\u00fc &hellip;\" \/>\n<meta property=\"og:url\" content=\"https:\/\/www.tews-diabetes.de\/tr\/muayenehane\/\" \/>\n<meta property=\"og:site_name\" content=\"MVZ Diabeteszentrum Dr. Tews GmbH\" \/>\n<meta property=\"article:modified_time\" content=\"2024-07-15T07:46:40+00:00\" \/>\n<meta name=\"twitter:card\" content=\"summary_large_image\" \/>\n<meta name=\"twitter:label1\" content=\"Tahmini okuma s\u00fcresi\" \/>\n\t<meta name=\"twitter:data1\" content=\"2 dakika\" \/>\n<script type=\"application\/ld+json\" class=\"yoast-schema-graph\">{\"@context\":\"https:\\\/\\\/schema.org\",\"@graph\":[{\"@type\":\"WebPage\",\"@id\":\"https:\\\/\\\/www.tews-diabetes.de\\\/tr\\\/muayenehane\\\/\",\"url\":\"https:\\\/\\\/www.tews-diabetes.de\\\/tr\\\/muayenehane\\\/\",\"name\":\"Muayenehane - MVZ Diabeteszentrum Dr. Tews GmbH\",\"isPartOf\":{\"@id\":\"https:\\\/\\\/www.tews-diabetes.de\\\/tr\\\/#website\"},\"datePublished\":\"2016-05-31T19:13:57+00:00\",\"dateModified\":\"2024-07-15T07:46:40+00:00\",\"breadcrumb\":{\"@id\":\"https:\\\/\\\/www.tews-diabetes.de\\\/tr\\\/muayenehane\\\/#breadcrumb\"},\"inLanguage\":\"tr\",\"potentialAction\":[{\"@type\":\"ReadAction\",\"target\":[\"https:\\\/\\\/www.tews-diabetes.de\\\/tr\\\/muayenehane\\\/\"]}]},{\"@type\":\"BreadcrumbList\",\"@id\":\"https:\\\/\\\/www.tews-diabetes.de\\\/tr\\\/muayenehane\\\/#breadcrumb\",\"itemListElement\":[{\"@type\":\"ListItem\",\"position\":1,\"name\":\"Startseite\",\"item\":\"https:\\\/\\\/www.tews-diabetes.de\\\/tr\\\/\"},{\"@type\":\"ListItem\",\"position\":2,\"name\":\"Muayenehane\"}]},{\"@type\":\"WebSite\",\"@id\":\"https:\\\/\\\/www.tews-diabetes.de\\\/tr\\\/#website\",\"url\":\"https:\\\/\\\/www.tews-diabetes.de\\\/tr\\\/\",\"name\":\"MVZ Diabeteszentrum Dr. Tews GmbH\",\"description\":\"\",\"potentialAction\":[{\"@type\":\"SearchAction\",\"target\":{\"@type\":\"EntryPoint\",\"urlTemplate\":\"https:\\\/\\\/www.tews-diabetes.de\\\/tr\\\/?s={search_term_string}\"},\"query-input\":{\"@type\":\"PropertyValueSpecification\",\"valueRequired\":true,\"valueName\":\"search_term_string\"}}],\"inLanguage\":\"tr\"}]}<\/script>\n<!-- \/ Yoast SEO plugin. -->","yoast_head_json":{"title":"Muayenehane - MVZ Diabeteszentrum Dr. Tews GmbH","robots":{"index":"index","follow":"follow","max-snippet":"max-snippet:-1","max-image-preview":"max-image-preview:large","max-video-preview":"max-video-preview:-1"},"canonical":"https:\/\/www.tews-diabetes.de\/tr\/muayenehane\/","og_locale":"tr_TR","og_type":"article","og_title":"Muayenehane - MVZ Diabeteszentrum Dr. Tews GmbH","og_description":"Dr. Tews\u00b4in Diyabetolog Muayenehanesinin Kurulusu 1 Temmuz 2006 tarihinde Dr. Dietrich Tews, Main Kinzig Kliniklere bagli olan bakim merkezindeki tesislerde kendi Diyabetoloji muayenehanesini acti. Bu s\u00fcrecte bir arkadasindan yardim aldi. Hasta sayisindaki artis ve talepler dogrultusunda iki yil icinde personel sayisi ve calisma alanlari artirildi. Alaninda uzmanlasmis profesyonel calisma arkadaslarimizin katilimiyla merkezimiz saglik hizmetlerinde \u00f6nc\u00fc &hellip;","og_url":"https:\/\/www.tews-diabetes.de\/tr\/muayenehane\/","og_site_name":"MVZ Diabeteszentrum Dr. Tews GmbH","article_modified_time":"2024-07-15T07:46:40+00:00","twitter_card":"summary_large_image","twitter_misc":{"Tahmini okuma s\u00fcresi":"2 dakika"},"schema":{"@context":"https:\/\/schema.org","@graph":[{"@type":"WebPage","@id":"https:\/\/www.tews-diabetes.de\/tr\/muayenehane\/","url":"https:\/\/www.tews-diabetes.de\/tr\/muayenehane\/","name":"Muayenehane - MVZ Diabeteszentrum Dr. Tews GmbH","isPartOf":{"@id":"https:\/\/www.tews-diabetes.de\/tr\/#website"},"datePublished":"2016-05-31T19:13:57+00:00","dateModified":"2024-07-15T07:46:40+00:00","breadcrumb":{"@id":"https:\/\/www.tews-diabetes.de\/tr\/muayenehane\/#breadcrumb"},"inLanguage":"tr","potentialAction":[{"@type":"ReadAction","target":["https:\/\/www.tews-diabetes.de\/tr\/muayenehane\/"]}]},{"@type":"BreadcrumbList","@id":"https:\/\/www.tews-diabetes.de\/tr\/muayenehane\/#breadcrumb","itemListElement":[{"@type":"ListItem","position":1,"name":"Startseite","item":"https:\/\/www.tews-diabetes.de\/tr\/"},{"@type":"ListItem","position":2,"name":"Muayenehane"}]},{"@type":"WebSite","@id":"https:\/\/www.tews-diabetes.de\/tr\/#website","url":"https:\/\/www.tews-diabetes.de\/tr\/","name":"MVZ Diabeteszentrum Dr. Tews GmbH","description":"","potentialAction":[{"@type":"SearchAction","target":{"@type":"EntryPoint","urlTemplate":"https:\/\/www.tews-diabetes.de\/tr\/?s={search_term_string}"},"query-input":{"@type":"PropertyValueSpecification","valueRequired":true,"valueName":"search_term_string"}}],"inLanguage":"tr"}]}},"_links":{"self":[{"href":"https:\/\/www.tews-diabetes.de\/tr\/wp-json\/wp\/v2\/pages\/767","targetHints":{"allow":["GET"]}}],"collection":[{"href":"https:\/\/www.tews-diabetes.de\/tr\/wp-json\/wp\/v2\/pages"}],"about":[{"href":"https:\/\/www.tews-diabetes.de\/tr\/wp-json\/wp\/v2\/types\/page"}],"author":[{"embeddable":true,"href":"https:\/\/www.tews-diabetes.de\/tr\/wp-json\/wp\/v2\/users\/1"}],"replies":[{"embeddable":true,"href":"https:\/\/www.tews-diabetes.de\/tr\/wp-json\/wp\/v2\/comments?post=767"}],"version-history":[{"count":7,"href":"https:\/\/www.tews-diabetes.de\/tr\/wp-json\/wp\/v2\/pages\/767\/revisions"}],"predecessor-version":[{"id":6675,"href":"https:\/\/www.tews-diabetes.de\/tr\/wp-json\/wp\/v2\/pages\/767\/revisions\/6675"}],"wp:attachment":[{"href":"https:\/\/www.tews-diabetes.de\/tr\/wp-json\/wp\/v2\/media?parent=767"}],"curies":[{"name":"wp","href":"https:\/\/api.w.org\/{rel}","templated":true}]}}