{"id":756,"date":"2016-03-21T21:06:03","date_gmt":"2016-03-21T20:06:03","guid":{"rendered":"http:\/\/develop.tews-diabetes.de\/startseite\/?lang=tr"},"modified":"2024-01-02T08:12:54","modified_gmt":"2024-01-02T07:12:54","slug":"ana-sayfa","status":"publish","type":"page","link":"https:\/\/www.tews-diabetes.de\/tr\/","title":{"rendered":"Ana Sayfa"},"content":{"rendered":"<div id=\"pl-756\"  class=\"panel-layout\" ><div id=\"pg-756-0\"  class=\"panel-grid panel-no-style\" ><div id=\"pgc-756-0-0\"  class=\"panel-grid-cell\" ><div id=\"panel-756-0-0-0\" class=\"so-panel widget widget_sow-editor panel-first-child\" data-index=\"0\" ><div\n\t\t\t\n\t\t\tclass=\"so-widget-sow-editor so-widget-sow-editor-base\"\n\t\t\t\n\t\t><h2 class=\"widget-title\">Diabetologi Praxisi<\/h2>\n<div class=\"siteorigin-widget-tinymce textwidget\">\n\t<h3 style=\"text-align: left;\">Sizin saglikli, uzun bir hayat s\u00fcrmeniz, ve y\u00fcksek yasam kaliteniz bizim \u00f6nceligimizdir.<\/h3>\n<p><img loading=\"lazy\" decoding=\"async\" class=\"wp-image-3946 alignleft\" src=\"https:\/\/www.tews-diabetes.de\/wp-content\/uploads\/ChefIMG_9702-225x300.jpg\" alt=\"\" width=\"217\" height=\"289\" srcset=\"https:\/\/www.tews-diabetes.de\/wp-content\/uploads\/ChefIMG_9702-225x300.jpg 225w, https:\/\/www.tews-diabetes.de\/wp-content\/uploads\/ChefIMG_9702-773x1030.jpg 773w, https:\/\/www.tews-diabetes.de\/wp-content\/uploads\/ChefIMG_9702-1152x1536.jpg 1152w, https:\/\/www.tews-diabetes.de\/wp-content\/uploads\/ChefIMG_9702-1536x2048.jpg 1536w, https:\/\/www.tews-diabetes.de\/wp-content\/uploads\/ChefIMG_9702-416x555.jpg 416w, https:\/\/www.tews-diabetes.de\/wp-content\/uploads\/ChefIMG_9702.jpg 1769w\" sizes=\"auto, (max-width: 217px) 100vw, 217px\" \/><\/p>\n<p style=\"text-align: left;\">Diyabet hastaliginin her zaman kolay olmadigini biz Diyabet uzmanlari da biliyoruz. G\u00fcnl\u00fck yasaminizi kolaylastirmak ve Diyabeti g\u00fczel ve uyumlu bir sekilde yasayabilmeniz icin bilgi ve tecr\u00fcbelerimizden faydalanabilirsiniz.<\/p>\n<p style=\"text-align: left;\">Ev doktorunuz ve diger doktorlarinizla yapmis oldugumuz isbirligi sayesinde sizlere iyi bir muayene imkani sunabilmekteyiz. Tedavi y\u00f6ntemlerimizi ihtiyac ve isteklerinize g\u00f6re belirleyip, uygun yasam kosullarina g\u00f6re uygulamaya calisiyoruz. C\u00fcnk\u00fc dogru ve kisiye \u00f6zel uygulanmis bir tedavi ile g\u00fcnl\u00fck hayatinizi sorunsuz bir sekilde yasayabilirsiniz.<\/p>\n<p><img loading=\"lazy\" decoding=\"async\" class=\" wp-image-484 alignleft\" src=\"https:\/\/www.tews-diabetes.de\/wp-content\/uploads\/unterschrift_tews.jpg\" alt=\"\" width=\"244\" height=\"32\" \/><\/p>\n<\/div>\n<\/div><\/div><div id=\"panel-756-0-0-1\" class=\"so-panel widget widget_sow-editor panel-last-child\" data-index=\"1\" ><div\n\t\t\t\n\t\t\tclass=\"so-widget-sow-editor so-widget-sow-editor-base\"\n\t\t\t\n\t\t><h2 class=\"widget-title\">Sizlere sundugumuz Hizmetlerimiz<\/h2>\n<div class=\"siteorigin-widget-tinymce textwidget\">\n\t<h4><a href=\"\/wp-content\/uploads\/dr-tews-beratung.jpg\" data-rel=\"lightbox-gallery-0\" data-rl_title=\"\" data-rl_caption=\"\" title=\"\"><img loading=\"lazy\" decoding=\"async\" class=\"alignleft wp-image-481 size-medium\" src=\"https:\/\/www.tews-diabetes.de\/wp-content\/uploads\/dr-tews-beratung-300x268.jpg\" alt=\"dr-tews-beratung\" width=\"300\" height=\"268\" srcset=\"https:\/\/www.tews-diabetes.de\/wp-content\/uploads\/dr-tews-beratung-300x268.jpg 300w, https:\/\/www.tews-diabetes.de\/wp-content\/uploads\/dr-tews-beratung-555x496.jpg 555w, https:\/\/www.tews-diabetes.de\/wp-content\/uploads\/dr-tews-beratung.jpg 1012w\" sizes=\"auto, (max-width: 300px) 100vw, 300px\" \/><\/a>Diyabet Muayenesi<\/h4>\n<p>Dr. Tews in Diyabet muayenehanesinde Diyabet sorunlarinizla ile ilgili t\u00fcm arastirma ve tedavi hizmetlerinden faydalanabilirsiniz. Her \u00fcc ayda bir yaptirmaniz gereken kontrolleriniz size saglikli ve kaliteli bir yasamin penceresini acacaktir.<\/p>\n<h4>Danismanlik<\/h4>\n<p>T\u00fcm Diyabet ekibimiz, Tibbi ve idari birimlerle birlikte sizlere iyi bir arastirma, tedavi ve beslenme y\u00f6ntemi belirleyerek saglikli ve ideal bir yasam tarzi sunmaktadir.<\/p>\n<h4>Laboratuvar Testleri<\/h4>\n<p>Alaninda uzmanlasmis, profesyonel ve dinamik kadromuzla Diabetoloji uygulamalarinda kaliteli ve g\u00fcvenli sonuclara ulasacaksiniz.<\/p>\n<h4>Diyabet-Kurslari<\/h4>\n<p>Sizler icin \u00f6zel uygulamis oldugumuz Diyabet kurslarinda, bu durumla nasil bir yasam s\u00fcrd\u00fcr\u00fclmesi gerektigi konusunda bilgilendirileceksiniz.<\/p>\n<h4>Sertifikali Ayak muayenehanesi<\/h4>\n<p>\u00d6zel egitilmis hemsirelerimiz Diyabet Ayak yaralarini muayene etmekte ve sihhatiniz icin profosyonel yardim sunmaktadir.<\/p>\n<h4>Egitim<\/h4>\n<p>Uzmanlastigimiz saglik hizmetlerinde tibbi ve teknolojik gelismeleri yakindan takip ederek, cesitli egitimlere katiliyoruz. Kan \u00f6lc\u00fcm\u00fcndeki yeni Teknolojileri, Insulin Pompalari ve Veri Analizi ile ilgili yenilikleri sizlere en iyi ve faydali bir sekilde sunabilmek icin gelismeleri takip ediyoruz.<\/p>\n<h4>Arastirmalara \/ Incelemelere katilim<\/h4>\n<p>Ulusal ve uluslararasi d\u00fczeyde faaliyet g\u00f6steren diger kuruluslarla gerceklestirilen is birligi sayesinde hastalik arastirma ve tedavisinde \u00f6nemli adimlar atilmaktadir. Bu sayede olusturulan birikim ve tecr\u00fcbemiz hizmet kalitemizi artirmaktadir.<\/p>\n<h4>Meslek ici egitim ve \u00d6grenim<\/h4>\n<p>Misyonumuz, sahip oldugumuz tecr\u00fcbe ve birikimi baskalarina aktarabilmektir. Sertifikali Diyabet Muayenehanesi olarak \u00f6grenimde olan doktor ve hemsirelere y\u00f6nelik meslek ici egitimler d\u00fczenlemekteyiz.<br \/> Yanisira Meslek egitimi icin Diyabet ve Ayak Diyabeti \u00fczerine Staj imkani sunmaktayiz.<br \/> Tibbi mesleki egitim imkanlarindan faydalanmak icin l\u00fctfen bize ulasin.<\/p>\n<\/div>\n<\/div><\/div><\/div><\/div><\/div>","protected":false},"excerpt":{"rendered":"<p>Sizin saglikli, uzun bir hayat s\u00fcrmeniz, ve y\u00fcksek yasam kaliteniz bizim \u00f6nceligimizdir. Diyabet hastaliginin her zaman kolay olmadigini biz Diyabet uzmanlari da biliyoruz. G\u00fcnl\u00fck yasaminizi kolaylastirmak ve Diyabeti g\u00fczel ve uyumlu bir sekilde yasayabilmeniz icin bilgi ve tecr\u00fcbelerimizden faydalanabilirsiniz. Ev doktorunuz ve diger doktorlarinizla yapmis oldugumuz isbirligi sayesinde sizlere iyi bir muayene imkani sunabilmekteyiz. Tedavi &hellip;<\/p>\n","protected":false},"author":1,"featured_media":0,"parent":0,"menu_order":1,"comment_status":"closed","ping_status":"open","template":"template-front-page-slider.php","meta":{"_acf_changed":false,"footnotes":""},"class_list":["post-756","page","type-page","status-publish","hentry"],"acf":[],"yoast_head":"<!-- This site is optimized with the Yoast SEO plugin v27.5 - https:\/\/yoast.com\/product\/yoast-seo-wordpress\/ -->\n<title>Ana Sayfa - MVZ Diabeteszentrum Dr. Tews GmbH<\/title>\n<meta name=\"robots\" content=\"index, follow, max-snippet:-1, max-image-preview:large, max-video-preview:-1\" \/>\n<link rel=\"canonical\" href=\"https:\/\/www.tews-diabetes.de\/tr\/\" \/>\n<meta property=\"og:locale\" content=\"tr_TR\" \/>\n<meta property=\"og:type\" content=\"article\" \/>\n<meta property=\"og:title\" content=\"Ana Sayfa - MVZ Diabeteszentrum Dr. Tews GmbH\" \/>\n<meta property=\"og:description\" content=\"Sizin saglikli, uzun bir hayat s\u00fcrmeniz, ve y\u00fcksek yasam kaliteniz bizim \u00f6nceligimizdir. Diyabet hastaliginin her zaman kolay olmadigini biz Diyabet uzmanlari da biliyoruz. G\u00fcnl\u00fck yasaminizi kolaylastirmak ve Diyabeti g\u00fczel ve uyumlu bir sekilde yasayabilmeniz icin bilgi ve tecr\u00fcbelerimizden faydalanabilirsiniz. Ev doktorunuz ve diger doktorlarinizla yapmis oldugumuz isbirligi sayesinde sizlere iyi bir muayene imkani sunabilmekteyiz. Tedavi &hellip;\" \/>\n<meta property=\"og:url\" content=\"https:\/\/www.tews-diabetes.de\/tr\/\" \/>\n<meta property=\"og:site_name\" content=\"MVZ Diabeteszentrum Dr. Tews GmbH\" \/>\n<meta property=\"article:modified_time\" content=\"2024-01-02T07:12:54+00:00\" \/>\n<meta property=\"og:image\" content=\"https:\/\/www.tews-diabetes.de\/wp-content\/uploads\/ChefIMG_9702-225x300.jpg\" \/>\n<meta name=\"twitter:card\" content=\"summary_large_image\" \/>\n<meta name=\"twitter:label1\" content=\"Tahmini okuma s\u00fcresi\" \/>\n\t<meta name=\"twitter:data1\" content=\"3 dakika\" \/>\n<script type=\"application\/ld+json\" class=\"yoast-schema-graph\">{\"@context\":\"https:\\\/\\\/schema.org\",\"@graph\":[{\"@type\":\"WebPage\",\"@id\":\"https:\\\/\\\/www.tews-diabetes.de\\\/tr\\\/\",\"url\":\"https:\\\/\\\/www.tews-diabetes.de\\\/tr\\\/\",\"name\":\"Ana Sayfa - MVZ Diabeteszentrum Dr. Tews GmbH\",\"isPartOf\":{\"@id\":\"https:\\\/\\\/www.tews-diabetes.de\\\/tr\\\/#website\"},\"primaryImageOfPage\":{\"@id\":\"https:\\\/\\\/www.tews-diabetes.de\\\/tr\\\/#primaryimage\"},\"image\":{\"@id\":\"https:\\\/\\\/www.tews-diabetes.de\\\/tr\\\/#primaryimage\"},\"thumbnailUrl\":\"https:\\\/\\\/www.tews-diabetes.de\\\/wp-content\\\/uploads\\\/ChefIMG_9702-225x300.jpg\",\"datePublished\":\"2016-03-21T20:06:03+00:00\",\"dateModified\":\"2024-01-02T07:12:54+00:00\",\"breadcrumb\":{\"@id\":\"https:\\\/\\\/www.tews-diabetes.de\\\/tr\\\/#breadcrumb\"},\"inLanguage\":\"tr\",\"potentialAction\":[{\"@type\":\"ReadAction\",\"target\":[\"https:\\\/\\\/www.tews-diabetes.de\\\/tr\\\/\"]}]},{\"@type\":\"ImageObject\",\"inLanguage\":\"tr\",\"@id\":\"https:\\\/\\\/www.tews-diabetes.de\\\/tr\\\/#primaryimage\",\"url\":\"https:\\\/\\\/www.tews-diabetes.de\\\/wp-content\\\/uploads\\\/ChefIMG_9702-225x300.jpg\",\"contentUrl\":\"https:\\\/\\\/www.tews-diabetes.de\\\/wp-content\\\/uploads\\\/ChefIMG_9702-225x300.jpg\"},{\"@type\":\"BreadcrumbList\",\"@id\":\"https:\\\/\\\/www.tews-diabetes.de\\\/tr\\\/#breadcrumb\",\"itemListElement\":[{\"@type\":\"ListItem\",\"position\":1,\"name\":\"Startseite\",\"item\":\"https:\\\/\\\/www.tews-diabetes.de\\\/tr\\\/\"},{\"@type\":\"ListItem\",\"position\":2,\"name\":\"Ana Sayfa\"}]},{\"@type\":\"WebSite\",\"@id\":\"https:\\\/\\\/www.tews-diabetes.de\\\/tr\\\/#website\",\"url\":\"https:\\\/\\\/www.tews-diabetes.de\\\/tr\\\/\",\"name\":\"MVZ Diabeteszentrum Dr. Tews GmbH\",\"description\":\"\",\"potentialAction\":[{\"@type\":\"SearchAction\",\"target\":{\"@type\":\"EntryPoint\",\"urlTemplate\":\"https:\\\/\\\/www.tews-diabetes.de\\\/tr\\\/?s={search_term_string}\"},\"query-input\":{\"@type\":\"PropertyValueSpecification\",\"valueRequired\":true,\"valueName\":\"search_term_string\"}}],\"inLanguage\":\"tr\"}]}<\/script>\n<!-- \/ Yoast SEO plugin. -->","yoast_head_json":{"title":"Ana Sayfa - MVZ Diabeteszentrum Dr. Tews GmbH","robots":{"index":"index","follow":"follow","max-snippet":"max-snippet:-1","max-image-preview":"max-image-preview:large","max-video-preview":"max-video-preview:-1"},"canonical":"https:\/\/www.tews-diabetes.de\/tr\/","og_locale":"tr_TR","og_type":"article","og_title":"Ana Sayfa - MVZ Diabeteszentrum Dr. Tews GmbH","og_description":"Sizin saglikli, uzun bir hayat s\u00fcrmeniz, ve y\u00fcksek yasam kaliteniz bizim \u00f6nceligimizdir. Diyabet hastaliginin her zaman kolay olmadigini biz Diyabet uzmanlari da biliyoruz. G\u00fcnl\u00fck yasaminizi kolaylastirmak ve Diyabeti g\u00fczel ve uyumlu bir sekilde yasayabilmeniz icin bilgi ve tecr\u00fcbelerimizden faydalanabilirsiniz. Ev doktorunuz ve diger doktorlarinizla yapmis oldugumuz isbirligi sayesinde sizlere iyi bir muayene imkani sunabilmekteyiz. Tedavi &hellip;","og_url":"https:\/\/www.tews-diabetes.de\/tr\/","og_site_name":"MVZ Diabeteszentrum Dr. Tews GmbH","article_modified_time":"2024-01-02T07:12:54+00:00","og_image":[{"url":"https:\/\/www.tews-diabetes.de\/wp-content\/uploads\/ChefIMG_9702-225x300.jpg","type":"","width":"","height":""}],"twitter_card":"summary_large_image","twitter_misc":{"Tahmini okuma s\u00fcresi":"3 dakika"},"schema":{"@context":"https:\/\/schema.org","@graph":[{"@type":"WebPage","@id":"https:\/\/www.tews-diabetes.de\/tr\/","url":"https:\/\/www.tews-diabetes.de\/tr\/","name":"Ana Sayfa - MVZ Diabeteszentrum Dr. Tews GmbH","isPartOf":{"@id":"https:\/\/www.tews-diabetes.de\/tr\/#website"},"primaryImageOfPage":{"@id":"https:\/\/www.tews-diabetes.de\/tr\/#primaryimage"},"image":{"@id":"https:\/\/www.tews-diabetes.de\/tr\/#primaryimage"},"thumbnailUrl":"https:\/\/www.tews-diabetes.de\/wp-content\/uploads\/ChefIMG_9702-225x300.jpg","datePublished":"2016-03-21T20:06:03+00:00","dateModified":"2024-01-02T07:12:54+00:00","breadcrumb":{"@id":"https:\/\/www.tews-diabetes.de\/tr\/#breadcrumb"},"inLanguage":"tr","potentialAction":[{"@type":"ReadAction","target":["https:\/\/www.tews-diabetes.de\/tr\/"]}]},{"@type":"ImageObject","inLanguage":"tr","@id":"https:\/\/www.tews-diabetes.de\/tr\/#primaryimage","url":"https:\/\/www.tews-diabetes.de\/wp-content\/uploads\/ChefIMG_9702-225x300.jpg","contentUrl":"https:\/\/www.tews-diabetes.de\/wp-content\/uploads\/ChefIMG_9702-225x300.jpg"},{"@type":"BreadcrumbList","@id":"https:\/\/www.tews-diabetes.de\/tr\/#breadcrumb","itemListElement":[{"@type":"ListItem","position":1,"name":"Startseite","item":"https:\/\/www.tews-diabetes.de\/tr\/"},{"@type":"ListItem","position":2,"name":"Ana Sayfa"}]},{"@type":"WebSite","@id":"https:\/\/www.tews-diabetes.de\/tr\/#website","url":"https:\/\/www.tews-diabetes.de\/tr\/","name":"MVZ Diabeteszentrum Dr. Tews GmbH","description":"","potentialAction":[{"@type":"SearchAction","target":{"@type":"EntryPoint","urlTemplate":"https:\/\/www.tews-diabetes.de\/tr\/?s={search_term_string}"},"query-input":{"@type":"PropertyValueSpecification","valueRequired":true,"valueName":"search_term_string"}}],"inLanguage":"tr"}]}},"_links":{"self":[{"href":"https:\/\/www.tews-diabetes.de\/tr\/wp-json\/wp\/v2\/pages\/756","targetHints":{"allow":["GET"]}}],"collection":[{"href":"https:\/\/www.tews-diabetes.de\/tr\/wp-json\/wp\/v2\/pages"}],"about":[{"href":"https:\/\/www.tews-diabetes.de\/tr\/wp-json\/wp\/v2\/types\/page"}],"author":[{"embeddable":true,"href":"https:\/\/www.tews-diabetes.de\/tr\/wp-json\/wp\/v2\/users\/1"}],"replies":[{"embeddable":true,"href":"https:\/\/www.tews-diabetes.de\/tr\/wp-json\/wp\/v2\/comments?post=756"}],"version-history":[{"count":11,"href":"https:\/\/www.tews-diabetes.de\/tr\/wp-json\/wp\/v2\/pages\/756\/revisions"}],"predecessor-version":[{"id":6441,"href":"https:\/\/www.tews-diabetes.de\/tr\/wp-json\/wp\/v2\/pages\/756\/revisions\/6441"}],"wp:attachment":[{"href":"https:\/\/www.tews-diabetes.de\/tr\/wp-json\/wp\/v2\/media?parent=756"}],"curies":[{"name":"wp","href":"https:\/\/api.w.org\/{rel}","templated":true}]}}