{"id":2578,"date":"2019-04-24T10:06:09","date_gmt":"2019-04-24T08:06:09","guid":{"rendered":"https:\/\/www.tews-diabetes.de\/?page_id=2578"},"modified":"2019-06-17T13:22:33","modified_gmt":"2019-06-17T11:22:33","slug":"ayak-ambulansimiz","status":"publish","type":"page","link":"https:\/\/www.tews-diabetes.de\/tr\/ayak-ambulansimiz\/","title":{"rendered":"Ayak ambulans\u0131m\u0131z"},"content":{"rendered":"<div id=\"pl-2578\"  class=\"panel-layout\" ><div id=\"pg-2578-0\"  class=\"panel-grid panel-no-style\" ><div id=\"pgc-2578-0-0\"  class=\"panel-grid-cell\" ><div id=\"panel-2578-0-0-0\" class=\"so-panel widget widget_sow-editor panel-first-child panel-last-child\" data-index=\"0\" ><div\n\t\t\t\n\t\t\tclass=\"so-widget-sow-editor so-widget-sow-editor-base\"\n\t\t\t\n\t\t><h2 class=\"widget-title\">Ayak ambulans\u0131m\u0131z <\/h2>\n<div class=\"siteorigin-widget-tinymce textwidget\">\n\t<div class=\"siteorigin-widget-tinymce textwidget\">\n<h3>Ayak ambulans\u0131m\u0131z Calisma toplulugu Alman Diyabet Derne\u011fi Diyabetik Aya\u011f\u0131 (DDG) taraf\u0131ndan sertifikal\u0131 bir tesistir.<\/h3>\n<p>Diyabetolojik ayak klini\u011fimizde diyabetik hastalarda akut ve kronik yaralar\u0131n tedavivinde uzman\u0131z.<\/p>\n<p>\u0130kincil bir hastal\u0131\u011f\u0131 diyabetik ayak sendromudur. Bu, alt ekstremite ve ayaklardaki sinir hasar\u0131 ve \/ veya dola\u015f\u0131m bozukluklar\u0131ndan kaynaklan\u0131r. Bu genellikle ayak yap\u0131s\u0131ndaki de\u011fi\u015fikliklerin yan\u0131 s\u0131ra duyu bozukluklar\u0131 ve ayaklarda a\u011fr\u0131 ile sonu\u00e7lan\u0131r.<\/p>\n<p>Azalan bas\u0131n\u00e7 noktalar\u0131 veya yaralar ge\u00e7 tan\u0131n\u0131r ve hatta a\u011fr\u0131 hissinin azalmas\u0131 nedeniyle fark edilmez.<\/p>\n<h3>H\u0131zI\u0131 ve kaliteli bir tedavi gereklidir!<\/h3>\n<p>Yara uzmanlar\u0131m\u0131z ICW ve doktorlar size m\u00fcmk\u00fcn olan en iyi poliklinik te\u015fhisini ve en yeni terapi durumuna g\u00f6re bireysel olarak uyarlanm\u0131\u015f terapi konseptlerini sunar.<\/p>\n<p>Bu nedenle aile hekimleri, damar cerrahlar\u0131, ortopedik ayakkab\u0131 ustalar\u0131 ve ayakta tedavi hizmetleri ile i\u015fbirli\u011fi bizim i\u00e7in \u00e7ok \u00f6nemlidir.<\/p><\/div>\n<\/div>\n<\/div><\/div><\/div><\/div><div id=\"pg-2578-1\"  class=\"panel-grid panel-no-style\" ><div id=\"pgc-2578-1-0\"  class=\"panel-grid-cell\" ><div id=\"panel-2578-1-0-0\" class=\"so-panel widget widget_sow-editor panel-first-child panel-last-child\" data-index=\"1\" ><div\n\t\t\t\n\t\t\tclass=\"so-widget-sow-editor so-widget-sow-editor-base\"\n\t\t\t\n\t\t>\n<div class=\"siteorigin-widget-tinymce textwidget\">\n\t<p>&nbsp;<\/p>\n<h3>Ayak ambulans\u0131 sizin i\u00e7in var:<\/h3>\n<p>Randevular Altinda d\u00fczenelebilir<\/p>\n<p>&nbsp;<\/p>\n<\/div>\n<\/div><\/div><\/div><div id=\"pgc-2578-1-1\"  class=\"panel-grid-cell\" ><div id=\"panel-2578-1-1-0\" class=\"so-panel widget widget_sow-image panel-first-child panel-last-child\" data-index=\"2\" ><div\n\t\t\t\n\t\t\tclass=\"so-widget-sow-image so-widget-sow-image-default-dbf295114b96-2578\"\n\t\t\t\n\t\t>\n<div class=\"sow-image-container\">\n\t\t<img \n\tsrc=\"https:\/\/www.tews-diabetes.de\/wp-content\/uploads\/Odete-Fu\u00df.jpg\" width=\"589\" height=\"393\" srcset=\"https:\/\/www.tews-diabetes.de\/wp-content\/uploads\/Odete-Fu\u00df.jpg 589w, https:\/\/www.tews-diabetes.de\/wp-content\/uploads\/Odete-Fu\u00df-300x200.jpg 300w, https:\/\/www.tews-diabetes.de\/wp-content\/uploads\/Odete-Fu\u00df-555x370.jpg 555w, https:\/\/www.tews-diabetes.de\/wp-content\/uploads\/Odete-Fu\u00df-272x182.jpg 272w\" sizes=\"(max-width: 589px) 100vw, 589px\" title=\"Odete Fu\u00df\" alt=\"\" \t\tclass=\"so-widget-image\"\/>\n\t<\/div>\n\n<\/div><\/div><\/div><\/div><\/div>","protected":false},"excerpt":{"rendered":"<p>Ayak ambulans\u0131m\u0131z Calisma toplulugu Alman Diyabet Derne\u011fi Diyabetik Aya\u011f\u0131 (DDG) taraf\u0131ndan sertifikal\u0131 bir tesistir. Diyabetolojik ayak klini\u011fimizde diyabetik hastalarda akut ve kronik yaralar\u0131n tedavivinde uzman\u0131z. \u0130kincil bir hastal\u0131\u011f\u0131 diyabetik ayak sendromudur. Bu, alt ekstremite ve ayaklardaki sinir hasar\u0131 ve \/ veya dola\u015f\u0131m bozukluklar\u0131ndan kaynaklan\u0131r. Bu genellikle ayak yap\u0131s\u0131ndaki de\u011fi\u015fikliklerin yan\u0131 s\u0131ra duyu bozukluklar\u0131 ve ayaklarda &hellip;<\/p>\n","protected":false},"author":1,"featured_media":0,"parent":0,"menu_order":4,"comment_status":"closed","ping_status":"closed","template":"template-builder-page.php","meta":{"_acf_changed":false,"footnotes":""},"class_list":["post-2578","page","type-page","status-publish","hentry"],"acf":[],"yoast_head":"<!-- This site is optimized with the Yoast SEO plugin v27.5 - https:\/\/yoast.com\/product\/yoast-seo-wordpress\/ -->\n<title>Ayak ambulans\u0131m\u0131z - MVZ Diabeteszentrum Dr. Tews GmbH<\/title>\n<meta name=\"robots\" content=\"index, follow, max-snippet:-1, max-image-preview:large, max-video-preview:-1\" \/>\n<link rel=\"canonical\" href=\"https:\/\/www.tews-diabetes.de\/tr\/ayak-ambulansimiz\/\" \/>\n<meta property=\"og:locale\" content=\"tr_TR\" \/>\n<meta property=\"og:type\" content=\"article\" \/>\n<meta property=\"og:title\" content=\"Ayak ambulans\u0131m\u0131z - MVZ Diabeteszentrum Dr. Tews GmbH\" \/>\n<meta property=\"og:description\" content=\"Ayak ambulans\u0131m\u0131z Calisma toplulugu Alman Diyabet Derne\u011fi Diyabetik Aya\u011f\u0131 (DDG) taraf\u0131ndan sertifikal\u0131 bir tesistir. Diyabetolojik ayak klini\u011fimizde diyabetik hastalarda akut ve kronik yaralar\u0131n tedavivinde uzman\u0131z. \u0130kincil bir hastal\u0131\u011f\u0131 diyabetik ayak sendromudur. Bu, alt ekstremite ve ayaklardaki sinir hasar\u0131 ve \/ veya dola\u015f\u0131m bozukluklar\u0131ndan kaynaklan\u0131r. Bu genellikle ayak yap\u0131s\u0131ndaki de\u011fi\u015fikliklerin yan\u0131 s\u0131ra duyu bozukluklar\u0131 ve ayaklarda &hellip;\" \/>\n<meta property=\"og:url\" content=\"https:\/\/www.tews-diabetes.de\/tr\/ayak-ambulansimiz\/\" \/>\n<meta property=\"og:site_name\" content=\"MVZ Diabeteszentrum Dr. Tews GmbH\" \/>\n<meta property=\"article:modified_time\" content=\"2019-06-17T11:22:33+00:00\" \/>\n<meta name=\"twitter:card\" content=\"summary_large_image\" \/>\n<meta name=\"twitter:label1\" content=\"Tahmini okuma s\u00fcresi\" \/>\n\t<meta name=\"twitter:data1\" content=\"1 dakika\" \/>\n<script type=\"application\/ld+json\" class=\"yoast-schema-graph\">{\"@context\":\"https:\\\/\\\/schema.org\",\"@graph\":[{\"@type\":\"WebPage\",\"@id\":\"https:\\\/\\\/www.tews-diabetes.de\\\/tr\\\/ayak-ambulansimiz\\\/\",\"url\":\"https:\\\/\\\/www.tews-diabetes.de\\\/tr\\\/ayak-ambulansimiz\\\/\",\"name\":\"Ayak ambulans\u0131m\u0131z - MVZ Diabeteszentrum Dr. Tews GmbH\",\"isPartOf\":{\"@id\":\"https:\\\/\\\/www.tews-diabetes.de\\\/tr\\\/#website\"},\"datePublished\":\"2019-04-24T08:06:09+00:00\",\"dateModified\":\"2019-06-17T11:22:33+00:00\",\"breadcrumb\":{\"@id\":\"https:\\\/\\\/www.tews-diabetes.de\\\/tr\\\/ayak-ambulansimiz\\\/#breadcrumb\"},\"inLanguage\":\"tr\",\"potentialAction\":[{\"@type\":\"ReadAction\",\"target\":[\"https:\\\/\\\/www.tews-diabetes.de\\\/tr\\\/ayak-ambulansimiz\\\/\"]}]},{\"@type\":\"BreadcrumbList\",\"@id\":\"https:\\\/\\\/www.tews-diabetes.de\\\/tr\\\/ayak-ambulansimiz\\\/#breadcrumb\",\"itemListElement\":[{\"@type\":\"ListItem\",\"position\":1,\"name\":\"Startseite\",\"item\":\"https:\\\/\\\/www.tews-diabetes.de\\\/tr\\\/\"},{\"@type\":\"ListItem\",\"position\":2,\"name\":\"Ayak ambulans\u0131m\u0131z\"}]},{\"@type\":\"WebSite\",\"@id\":\"https:\\\/\\\/www.tews-diabetes.de\\\/tr\\\/#website\",\"url\":\"https:\\\/\\\/www.tews-diabetes.de\\\/tr\\\/\",\"name\":\"MVZ Diabeteszentrum Dr. Tews GmbH\",\"description\":\"\",\"potentialAction\":[{\"@type\":\"SearchAction\",\"target\":{\"@type\":\"EntryPoint\",\"urlTemplate\":\"https:\\\/\\\/www.tews-diabetes.de\\\/tr\\\/?s={search_term_string}\"},\"query-input\":{\"@type\":\"PropertyValueSpecification\",\"valueRequired\":true,\"valueName\":\"search_term_string\"}}],\"inLanguage\":\"tr\"}]}<\/script>\n<!-- \/ Yoast SEO plugin. -->","yoast_head_json":{"title":"Ayak ambulans\u0131m\u0131z - MVZ Diabeteszentrum Dr. Tews GmbH","robots":{"index":"index","follow":"follow","max-snippet":"max-snippet:-1","max-image-preview":"max-image-preview:large","max-video-preview":"max-video-preview:-1"},"canonical":"https:\/\/www.tews-diabetes.de\/tr\/ayak-ambulansimiz\/","og_locale":"tr_TR","og_type":"article","og_title":"Ayak ambulans\u0131m\u0131z - MVZ Diabeteszentrum Dr. Tews GmbH","og_description":"Ayak ambulans\u0131m\u0131z Calisma toplulugu Alman Diyabet Derne\u011fi Diyabetik Aya\u011f\u0131 (DDG) taraf\u0131ndan sertifikal\u0131 bir tesistir. Diyabetolojik ayak klini\u011fimizde diyabetik hastalarda akut ve kronik yaralar\u0131n tedavivinde uzman\u0131z. \u0130kincil bir hastal\u0131\u011f\u0131 diyabetik ayak sendromudur. Bu, alt ekstremite ve ayaklardaki sinir hasar\u0131 ve \/ veya dola\u015f\u0131m bozukluklar\u0131ndan kaynaklan\u0131r. Bu genellikle ayak yap\u0131s\u0131ndaki de\u011fi\u015fikliklerin yan\u0131 s\u0131ra duyu bozukluklar\u0131 ve ayaklarda &hellip;","og_url":"https:\/\/www.tews-diabetes.de\/tr\/ayak-ambulansimiz\/","og_site_name":"MVZ Diabeteszentrum Dr. Tews GmbH","article_modified_time":"2019-06-17T11:22:33+00:00","twitter_card":"summary_large_image","twitter_misc":{"Tahmini okuma s\u00fcresi":"1 dakika"},"schema":{"@context":"https:\/\/schema.org","@graph":[{"@type":"WebPage","@id":"https:\/\/www.tews-diabetes.de\/tr\/ayak-ambulansimiz\/","url":"https:\/\/www.tews-diabetes.de\/tr\/ayak-ambulansimiz\/","name":"Ayak ambulans\u0131m\u0131z - MVZ Diabeteszentrum Dr. Tews GmbH","isPartOf":{"@id":"https:\/\/www.tews-diabetes.de\/tr\/#website"},"datePublished":"2019-04-24T08:06:09+00:00","dateModified":"2019-06-17T11:22:33+00:00","breadcrumb":{"@id":"https:\/\/www.tews-diabetes.de\/tr\/ayak-ambulansimiz\/#breadcrumb"},"inLanguage":"tr","potentialAction":[{"@type":"ReadAction","target":["https:\/\/www.tews-diabetes.de\/tr\/ayak-ambulansimiz\/"]}]},{"@type":"BreadcrumbList","@id":"https:\/\/www.tews-diabetes.de\/tr\/ayak-ambulansimiz\/#breadcrumb","itemListElement":[{"@type":"ListItem","position":1,"name":"Startseite","item":"https:\/\/www.tews-diabetes.de\/tr\/"},{"@type":"ListItem","position":2,"name":"Ayak ambulans\u0131m\u0131z"}]},{"@type":"WebSite","@id":"https:\/\/www.tews-diabetes.de\/tr\/#website","url":"https:\/\/www.tews-diabetes.de\/tr\/","name":"MVZ Diabeteszentrum Dr. Tews GmbH","description":"","potentialAction":[{"@type":"SearchAction","target":{"@type":"EntryPoint","urlTemplate":"https:\/\/www.tews-diabetes.de\/tr\/?s={search_term_string}"},"query-input":{"@type":"PropertyValueSpecification","valueRequired":true,"valueName":"search_term_string"}}],"inLanguage":"tr"}]}},"_links":{"self":[{"href":"https:\/\/www.tews-diabetes.de\/tr\/wp-json\/wp\/v2\/pages\/2578","targetHints":{"allow":["GET"]}}],"collection":[{"href":"https:\/\/www.tews-diabetes.de\/tr\/wp-json\/wp\/v2\/pages"}],"about":[{"href":"https:\/\/www.tews-diabetes.de\/tr\/wp-json\/wp\/v2\/types\/page"}],"author":[{"embeddable":true,"href":"https:\/\/www.tews-diabetes.de\/tr\/wp-json\/wp\/v2\/users\/1"}],"replies":[{"embeddable":true,"href":"https:\/\/www.tews-diabetes.de\/tr\/wp-json\/wp\/v2\/comments?post=2578"}],"version-history":[{"count":8,"href":"https:\/\/www.tews-diabetes.de\/tr\/wp-json\/wp\/v2\/pages\/2578\/revisions"}],"predecessor-version":[{"id":3559,"href":"https:\/\/www.tews-diabetes.de\/tr\/wp-json\/wp\/v2\/pages\/2578\/revisions\/3559"}],"wp:attachment":[{"href":"https:\/\/www.tews-diabetes.de\/tr\/wp-json\/wp\/v2\/media?parent=2578"}],"curies":[{"name":"wp","href":"https:\/\/api.w.org\/{rel}","templated":true}]}}