{"id":2574,"date":"2019-04-24T10:05:34","date_gmt":"2019-04-24T08:05:34","guid":{"rendered":"https:\/\/www.tews-diabetes.de\/?page_id=2574"},"modified":"2019-06-17T13:21:13","modified_gmt":"2019-06-17T11:21:13","slug":"clinica-para-el-pie","status":"publish","type":"page","link":"https:\/\/www.tews-diabetes.de\/es\/clinica-para-el-pie\/","title":{"rendered":"Cl\u00ednica para el pie"},"content":{"rendered":"<div id=\"pl-2574\"  class=\"panel-layout\" ><div id=\"pg-2574-0\"  class=\"panel-grid panel-no-style\" ><div id=\"pgc-2574-0-0\"  class=\"panel-grid-cell\" ><div id=\"panel-2574-0-0-0\" class=\"so-panel widget widget_sow-editor panel-first-child panel-last-child\" data-index=\"0\" ><div\n\t\t\t\n\t\t\tclass=\"so-widget-sow-editor so-widget-sow-editor-base\"\n\t\t\t\n\t\t><h2 class=\"widget-title\">Cl\u00ednica para el pie diab\u00e9tico<\/h2>\n<div class=\"siteorigin-widget-tinymce textwidget\">\n\t<div class=\"siteorigin-widget-tinymce textwidget\">\n<h3>Nuestra cl\u00ednica para el pie diab\u00e9tico est\u00e1 certificada por la Asociaci\u00f3n Alemana de Diabetes (Deutsche Diabetes Gesellschaft DDG) para el tratamiento y manejo del pie diab\u00e9tico.<\/h3>\n<p>En nuestra cl\u00ednica para el pie diab\u00e9tico nos especializamos en el tratamiento de heridas y lesiones agudas y cr\u00f3nicas en pacientes diab\u00e9ticos.<\/p>\n<p>Una complicaci\u00f3n de la diabetes mellitus es el pie diab\u00e9tico. \u00c9ste se origina por da\u00f1o en los nervios y\/o problemas en la circulaci\u00f3n sangu\u00ednea de los miembros inferiores y del pie, lo cual conlleva generalmente a p\u00e9rdida de la sensibilidad y dolor que involucra hormigueo, entumecimiento o dolores punzantes, as\u00ed como cambios anat\u00f3micos de la estructura del pie.<\/p>\n<p>Debido a la p\u00e9rdida de la sensibilidad, disminuye con esto la percepci\u00f3n dolorosa en caso de presentar alguna lesi\u00f3n, es por eso que los puntos de presi\u00f3n, las heridas o \u00falceras son detectadas tard\u00edamente o incluso permanecen durante largo tiempo desapercibidas.<\/p>\n<h3>Dado el caso es indispensable un tratamiento r\u00e1pido y calificado para evitar posteriores complicaciones.<\/h3>\n<p>Nuestras expertas en heridas certificadas por la ICW y m\u00e9dicos le ofrecen la mejor alternativa para un diagn\u00f3stico ambulante y un tratamiento individualizado y ajustado a los nuevos est\u00e1ndares de tratamiento.<\/p>\n<p>La colaboraci\u00f3n entre m\u00e9dicos familiares, angi\u00f3logos, radi\u00f3logos, cirujanos, pod\u00f3logos, t\u00e9cnicos ortop\u00e9dicos y cuidados de enfermer\u00eda ambulatoria son de suma importancia en el manejo y tratamiento de este tipo de heridas.<\/p><\/div>\n<\/div>\n<\/div><\/div><\/div><\/div><div id=\"pg-2574-1\"  class=\"panel-grid panel-no-style\" ><div id=\"pgc-2574-1-0\"  class=\"panel-grid-cell\" ><div id=\"panel-2574-1-0-0\" class=\"so-panel widget widget_sow-editor panel-first-child panel-last-child\" data-index=\"1\" ><div\n\t\t\t\n\t\t\tclass=\"so-widget-sow-editor so-widget-sow-editor-base\"\n\t\t\t\n\t\t>\n<div class=\"siteorigin-widget-tinymce textwidget\">\n\t<p>&nbsp;<\/p>\n<h3>Los horarios de atenci\u00f3n de la cl\u00ednica para el pie diab\u00e9tico son:<\/h3>\n<p>Lunes y martes: 8:00 \u2013 12:00 hrs, 14:00 \u2013 16:30 hrs<\/p>\n<p>Mi\u00e9rcoles: 9:00 \u2013 12:00 hrs<\/p>\n<p>jueves y viernes: 8:00 \u2013 12:00 hrs<\/p>\n<p>Las citas pueden ser agendadas telef\u00f3nicamente:<\/p>\n<p>Tel. 06051-914860<\/p>\n<\/div>\n<\/div><\/div><\/div><div id=\"pgc-2574-1-1\"  class=\"panel-grid-cell\" ><div id=\"panel-2574-1-1-0\" class=\"so-panel widget widget_sow-image panel-first-child panel-last-child\" data-index=\"2\" ><div\n\t\t\t\n\t\t\tclass=\"so-widget-sow-image so-widget-sow-image-default-dbf295114b96-2574\"\n\t\t\t\n\t\t>\n<div class=\"sow-image-container\">\n\t\t<img \n\tsrc=\"https:\/\/www.tews-diabetes.de\/wp-content\/uploads\/Odete-Fu\u00df.jpg\" width=\"589\" height=\"393\" srcset=\"https:\/\/www.tews-diabetes.de\/wp-content\/uploads\/Odete-Fu\u00df.jpg 589w, https:\/\/www.tews-diabetes.de\/wp-content\/uploads\/Odete-Fu\u00df-300x200.jpg 300w, https:\/\/www.tews-diabetes.de\/wp-content\/uploads\/Odete-Fu\u00df-555x370.jpg 555w, https:\/\/www.tews-diabetes.de\/wp-content\/uploads\/Odete-Fu\u00df-272x182.jpg 272w\" sizes=\"(max-width: 589px) 100vw, 589px\" title=\"Odete Fu\u00df\" alt=\"\" \t\tclass=\"so-widget-image\"\/>\n\t<\/div>\n\n<\/div><\/div><\/div><\/div><\/div>","protected":false},"excerpt":{"rendered":"<p>Nuestra cl\u00ednica para el pie diab\u00e9tico est\u00e1 certificada por la Asociaci\u00f3n Alemana de Diabetes (Deutsche Diabetes Gesellschaft DDG) para el tratamiento y manejo del pie diab\u00e9tico. En nuestra cl\u00ednica para el pie diab\u00e9tico nos especializamos en el tratamiento de heridas y lesiones agudas y cr\u00f3nicas en pacientes diab\u00e9ticos. Una complicaci\u00f3n de la diabetes mellitus es &hellip;<\/p>\n","protected":false},"author":1,"featured_media":0,"parent":0,"menu_order":4,"comment_status":"closed","ping_status":"closed","template":"template-builder-page.php","meta":{"_acf_changed":false,"footnotes":""},"class_list":["post-2574","page","type-page","status-publish","hentry"],"acf":[],"yoast_head":"<!-- This site is optimized with the Yoast SEO plugin v27.5 - https:\/\/yoast.com\/product\/yoast-seo-wordpress\/ -->\n<title>Cl\u00ednica para el pie - MVZ Diabeteszentrum Dr. Tews GmbH<\/title>\n<meta name=\"robots\" content=\"index, follow, max-snippet:-1, max-image-preview:large, max-video-preview:-1\" \/>\n<link rel=\"canonical\" href=\"https:\/\/www.tews-diabetes.de\/es\/clinica-para-el-pie\/\" \/>\n<meta property=\"og:locale\" content=\"es_ES\" \/>\n<meta property=\"og:type\" content=\"article\" \/>\n<meta property=\"og:title\" content=\"Cl\u00ednica para el pie - MVZ Diabeteszentrum Dr. Tews GmbH\" \/>\n<meta property=\"og:description\" content=\"Nuestra cl\u00ednica para el pie diab\u00e9tico est\u00e1 certificada por la Asociaci\u00f3n Alemana de Diabetes (Deutsche Diabetes Gesellschaft DDG) para el tratamiento y manejo del pie diab\u00e9tico. En nuestra cl\u00ednica para el pie diab\u00e9tico nos especializamos en el tratamiento de heridas y lesiones agudas y cr\u00f3nicas en pacientes diab\u00e9ticos. Una complicaci\u00f3n de la diabetes mellitus es &hellip;\" \/>\n<meta property=\"og:url\" content=\"https:\/\/www.tews-diabetes.de\/es\/clinica-para-el-pie\/\" \/>\n<meta property=\"og:site_name\" content=\"MVZ Diabeteszentrum Dr. Tews GmbH\" \/>\n<meta property=\"article:modified_time\" content=\"2019-06-17T11:21:13+00:00\" \/>\n<meta name=\"twitter:card\" content=\"summary_large_image\" \/>\n<meta name=\"twitter:label1\" content=\"Tiempo de lectura\" \/>\n\t<meta name=\"twitter:data1\" content=\"2 minutos\" \/>\n<script type=\"application\/ld+json\" class=\"yoast-schema-graph\">{\"@context\":\"https:\\\/\\\/schema.org\",\"@graph\":[{\"@type\":\"WebPage\",\"@id\":\"https:\\\/\\\/www.tews-diabetes.de\\\/es\\\/clinica-para-el-pie\\\/\",\"url\":\"https:\\\/\\\/www.tews-diabetes.de\\\/es\\\/clinica-para-el-pie\\\/\",\"name\":\"Cl\u00ednica para el pie - MVZ Diabeteszentrum Dr. Tews GmbH\",\"isPartOf\":{\"@id\":\"https:\\\/\\\/www.tews-diabetes.de\\\/es\\\/#website\"},\"datePublished\":\"2019-04-24T08:05:34+00:00\",\"dateModified\":\"2019-06-17T11:21:13+00:00\",\"breadcrumb\":{\"@id\":\"https:\\\/\\\/www.tews-diabetes.de\\\/es\\\/clinica-para-el-pie\\\/#breadcrumb\"},\"inLanguage\":\"es\",\"potentialAction\":[{\"@type\":\"ReadAction\",\"target\":[\"https:\\\/\\\/www.tews-diabetes.de\\\/es\\\/clinica-para-el-pie\\\/\"]}]},{\"@type\":\"BreadcrumbList\",\"@id\":\"https:\\\/\\\/www.tews-diabetes.de\\\/es\\\/clinica-para-el-pie\\\/#breadcrumb\",\"itemListElement\":[{\"@type\":\"ListItem\",\"position\":1,\"name\":\"Startseite\",\"item\":\"https:\\\/\\\/www.tews-diabetes.de\\\/es\\\/\"},{\"@type\":\"ListItem\",\"position\":2,\"name\":\"Cl\u00ednica para el pie\"}]},{\"@type\":\"WebSite\",\"@id\":\"https:\\\/\\\/www.tews-diabetes.de\\\/es\\\/#website\",\"url\":\"https:\\\/\\\/www.tews-diabetes.de\\\/es\\\/\",\"name\":\"MVZ Diabeteszentrum Dr. Tews GmbH\",\"description\":\"\",\"potentialAction\":[{\"@type\":\"SearchAction\",\"target\":{\"@type\":\"EntryPoint\",\"urlTemplate\":\"https:\\\/\\\/www.tews-diabetes.de\\\/es\\\/?s={search_term_string}\"},\"query-input\":{\"@type\":\"PropertyValueSpecification\",\"valueRequired\":true,\"valueName\":\"search_term_string\"}}],\"inLanguage\":\"es\"}]}<\/script>\n<!-- \/ Yoast SEO plugin. -->","yoast_head_json":{"title":"Cl\u00ednica para el pie - MVZ Diabeteszentrum Dr. Tews GmbH","robots":{"index":"index","follow":"follow","max-snippet":"max-snippet:-1","max-image-preview":"max-image-preview:large","max-video-preview":"max-video-preview:-1"},"canonical":"https:\/\/www.tews-diabetes.de\/es\/clinica-para-el-pie\/","og_locale":"es_ES","og_type":"article","og_title":"Cl\u00ednica para el pie - MVZ Diabeteszentrum Dr. Tews GmbH","og_description":"Nuestra cl\u00ednica para el pie diab\u00e9tico est\u00e1 certificada por la Asociaci\u00f3n Alemana de Diabetes (Deutsche Diabetes Gesellschaft DDG) para el tratamiento y manejo del pie diab\u00e9tico. En nuestra cl\u00ednica para el pie diab\u00e9tico nos especializamos en el tratamiento de heridas y lesiones agudas y cr\u00f3nicas en pacientes diab\u00e9ticos. Una complicaci\u00f3n de la diabetes mellitus es &hellip;","og_url":"https:\/\/www.tews-diabetes.de\/es\/clinica-para-el-pie\/","og_site_name":"MVZ Diabeteszentrum Dr. Tews GmbH","article_modified_time":"2019-06-17T11:21:13+00:00","twitter_card":"summary_large_image","twitter_misc":{"Tiempo de lectura":"2 minutos"},"schema":{"@context":"https:\/\/schema.org","@graph":[{"@type":"WebPage","@id":"https:\/\/www.tews-diabetes.de\/es\/clinica-para-el-pie\/","url":"https:\/\/www.tews-diabetes.de\/es\/clinica-para-el-pie\/","name":"Cl\u00ednica para el pie - MVZ Diabeteszentrum Dr. Tews GmbH","isPartOf":{"@id":"https:\/\/www.tews-diabetes.de\/es\/#website"},"datePublished":"2019-04-24T08:05:34+00:00","dateModified":"2019-06-17T11:21:13+00:00","breadcrumb":{"@id":"https:\/\/www.tews-diabetes.de\/es\/clinica-para-el-pie\/#breadcrumb"},"inLanguage":"es","potentialAction":[{"@type":"ReadAction","target":["https:\/\/www.tews-diabetes.de\/es\/clinica-para-el-pie\/"]}]},{"@type":"BreadcrumbList","@id":"https:\/\/www.tews-diabetes.de\/es\/clinica-para-el-pie\/#breadcrumb","itemListElement":[{"@type":"ListItem","position":1,"name":"Startseite","item":"https:\/\/www.tews-diabetes.de\/es\/"},{"@type":"ListItem","position":2,"name":"Cl\u00ednica para el pie"}]},{"@type":"WebSite","@id":"https:\/\/www.tews-diabetes.de\/es\/#website","url":"https:\/\/www.tews-diabetes.de\/es\/","name":"MVZ Diabeteszentrum Dr. Tews GmbH","description":"","potentialAction":[{"@type":"SearchAction","target":{"@type":"EntryPoint","urlTemplate":"https:\/\/www.tews-diabetes.de\/es\/?s={search_term_string}"},"query-input":{"@type":"PropertyValueSpecification","valueRequired":true,"valueName":"search_term_string"}}],"inLanguage":"es"}]}},"_links":{"self":[{"href":"https:\/\/www.tews-diabetes.de\/es\/wp-json\/wp\/v2\/pages\/2574","targetHints":{"allow":["GET"]}}],"collection":[{"href":"https:\/\/www.tews-diabetes.de\/es\/wp-json\/wp\/v2\/pages"}],"about":[{"href":"https:\/\/www.tews-diabetes.de\/es\/wp-json\/wp\/v2\/types\/page"}],"author":[{"embeddable":true,"href":"https:\/\/www.tews-diabetes.de\/es\/wp-json\/wp\/v2\/users\/1"}],"replies":[{"embeddable":true,"href":"https:\/\/www.tews-diabetes.de\/es\/wp-json\/wp\/v2\/comments?post=2574"}],"version-history":[{"count":8,"href":"https:\/\/www.tews-diabetes.de\/es\/wp-json\/wp\/v2\/pages\/2574\/revisions"}],"predecessor-version":[{"id":3557,"href":"https:\/\/www.tews-diabetes.de\/es\/wp-json\/wp\/v2\/pages\/2574\/revisions\/3557"}],"wp:attachment":[{"href":"https:\/\/www.tews-diabetes.de\/es\/wp-json\/wp\/v2\/media?parent=2574"}],"curies":[{"name":"wp","href":"https:\/\/api.w.org\/{rel}","templated":true}]}}