{"id":1234,"date":"2016-07-09T18:03:09","date_gmt":"2016-07-09T16:03:09","guid":{"rendered":"https:\/\/www.tews-diabetes.de\/diabetologia\/studien\/"},"modified":"2017-05-10T21:29:56","modified_gmt":"2017-05-10T19:29:56","slug":"estudios-clinicos","status":"publish","type":"page","link":"https:\/\/www.tews-diabetes.de\/es\/estudios-clinicos\/","title":{"rendered":"Estudios cl\u00ednicos"},"content":{"rendered":"<div id=\"pl-1234\"  class=\"panel-layout\" ><div id=\"pg-1234-0\"  class=\"panel-grid panel-no-style\" ><div id=\"pgc-1234-0-0\"  class=\"panel-grid-cell\" ><div id=\"panel-1234-0-0-0\" class=\"so-panel widget widget_sow-editor panel-first-child panel-last-child\" data-index=\"0\" ><div\n\t\t\t\n\t\t\tclass=\"so-widget-sow-editor so-widget-sow-editor-base\"\n\t\t\t\n\t\t><h2 class=\"widget-title\">Estudios cl\u00ednicos relacionados con diabetes<\/h2>\n<div class=\"siteorigin-widget-tinymce textwidget\">\n\t<h3>La investigaci\u00f3n cient\u00edfica brinda m\u00e1s calidad de vida al mejorar el diagn\u00f3stico de diabetes mellitus.<\/h3>\n<\/div>\n<\/div><\/div><\/div><\/div><div id=\"pg-1234-1\"  class=\"panel-grid panel-no-style\" ><div id=\"pgc-1234-1-0\"  class=\"panel-grid-cell\" ><div id=\"panel-1234-1-0-0\" class=\"so-panel widget widget_sow-editor panel-first-child panel-last-child\" data-index=\"1\" ><div\n\t\t\t\n\t\t\tclass=\"so-widget-sow-editor so-widget-sow-editor-base\"\n\t\t\t\n\t\t>\n<div class=\"siteorigin-widget-tinymce textwidget\">\n\t<p>La diabetes mellitus afecta entre 7 a 8 millones de personas en Alemania. Una buena asistencia m\u00e9dica conlleva un control integral y no \u00fanicamente la toma de medicamentos. En nuestros cursos de diabetes le informamos acerca de las opciones en la vida cotidiana y le ense\u00f1amos el efecto y el uso de sus medicamentos. Las opciones de tratamiento han mejorado considerablemente en los a\u00f1os recientes, a trav\u00e9s de nuevos medicamentos que pueden ser empleados en un tratamiento individual. Es por eso que queremos apoyar tambi\u00e9n el desarrollo cient\u00edfico, para en un futuro mejorar a\u00fan m\u00e1s la calidad de vida de nuestros pacientes. En nuestra cl\u00ednica, en conjunto con diferentes compa\u00f1\u00edas farmac\u00e9uticas, se llevan a cabo estudios cl\u00ednicos en diferentes \u00e1mbitos de diabetes. El objetivo de esta investigaci\u00f3n es una completa mejor\u00eda del estado de salud de cada paciente que participa, a trav\u00e9s de la creaci\u00f3n de nuevos m\u00e9todos de tratamiento. Adem\u00e1s esto brinda una aportaci\u00f3n valiosa a la investigaci\u00f3n en el \u00e1mbito de diabetes. La decisi\u00f3n para que usted sea candidato para participar en un estudio depende de su tratamiento actual y frecuentemente del nivel de la hemoglobina glucosilada (HbA1c) actual.<\/p>\n<\/div>\n<\/div><\/div><\/div><div id=\"pgc-1234-1-1\"  class=\"panel-grid-cell\" ><div id=\"panel-1234-1-1-0\" class=\"so-panel widget widget_sow-image panel-first-child panel-last-child\" data-index=\"2\" ><div\n\t\t\t\n\t\t\tclass=\"so-widget-sow-image so-widget-sow-image-default-dbf295114b96-1234\"\n\t\t\t\n\t\t>\n<div class=\"sow-image-container\">\n\t\t<img \n\tsrc=\"https:\/\/www.tews-diabetes.de\/wp-content\/uploads\/tews-diabetes-didi-studie.jpg\" width=\"1280\" height=\"853\" srcset=\"https:\/\/www.tews-diabetes.de\/wp-content\/uploads\/tews-diabetes-didi-studie.jpg 1280w, https:\/\/www.tews-diabetes.de\/wp-content\/uploads\/tews-diabetes-didi-studie-300x200.jpg 300w, https:\/\/www.tews-diabetes.de\/wp-content\/uploads\/tews-diabetes-didi-studie-1030x686.jpg 1030w, https:\/\/www.tews-diabetes.de\/wp-content\/uploads\/tews-diabetes-didi-studie-360x240.jpg 360w, https:\/\/www.tews-diabetes.de\/wp-content\/uploads\/tews-diabetes-didi-studie-555x370.jpg 555w, https:\/\/www.tews-diabetes.de\/wp-content\/uploads\/tews-diabetes-didi-studie-272x182.jpg 272w\" sizes=\"(max-width: 1280px) 100vw, 1280px\" alt=\"\" \t\tclass=\"so-widget-image\"\/>\n\t<\/div>\n\n<\/div><\/div><\/div><\/div><div id=\"pg-1234-2\"  class=\"panel-grid panel-no-style\" ><div id=\"pgc-1234-2-0\"  class=\"panel-grid-cell\" ><div id=\"panel-1234-2-0-0\" class=\"so-panel widget widget_sow-editor panel-first-child panel-last-child\" data-index=\"3\" ><div\n\t\t\t\n\t\t\tclass=\"so-widget-sow-editor so-widget-sow-editor-base\"\n\t\t\t\n\t\t><h2 class=\"widget-title\">Participaci\u00f3n en un estudio cl\u00ednico - Ventajas como paciente<\/h2>\n<div class=\"siteorigin-widget-tinymce textwidget\">\n\t<\/div>\n<\/div><\/div><\/div><\/div><div id=\"pg-1234-3\"  class=\"panel-grid panel-no-style\" ><div id=\"pgc-1234-3-0\"  class=\"panel-grid-cell\" ><div id=\"panel-1234-3-0-0\" class=\"so-panel widget widget_sow-editor panel-first-child panel-last-child\" data-index=\"4\" ><div\n\t\t\t\n\t\t\tclass=\"so-widget-sow-editor so-widget-sow-editor-base\"\n\t\t\t\n\t\t>\n<div class=\"siteorigin-widget-tinymce textwidget\">\n\t<p>Con su participaci\u00f3n en un estudio cl\u00ednico usted brinda una aportaci\u00f3n al desarrollo de nuevas opciones de tratamiento, as\u00ed como un avance y progreso en el \u00e1mbito m\u00e9dico. Con esto tiene usted acceso a nuevos m\u00e9todos de tratamiento y puede probar nuevos medicamentos antes de su lanzamiento al mercado, pudiendo as\u00ed posiblemente aplazar el inicio de un tratamiento con insulina.<\/p>\n<p>Durante la duraci\u00f3n del estudio ser\u00e1 atendido por personal m\u00e9dico especializado de manera profesional. Los an\u00e1lisis y tratamientos dentro del estudio que no est\u00e9n contemplados en el control m\u00e9dico de rutina, son gratuitos para usted y para el seguro m\u00e9dico.<\/p>\n<p>Las tiras reactivas para el control gluc\u00e9mico as\u00ed como cualquier material de ayuda se le proporcionan de manera gratuita. Usted recibir\u00e1 una remuneraci\u00f3n econ\u00f3mica, cuyo valor es estimado de acuerdo al tipo de estudio y a la importancia y dimensi\u00f3n del mismo.<\/p>\n<p><strong>En caso de estar interesado en participar en un estudio, h\u00e1ganoslo saber en su pr\u00f3xima visita en la cl\u00ednica.<br \/><\/strong><\/p>\n<\/div>\n<\/div><\/div><\/div><div id=\"pgc-1234-3-1\"  class=\"panel-grid-cell\" ><div id=\"panel-1234-3-1-0\" class=\"so-panel widget widget_sow-image panel-first-child panel-last-child\" data-index=\"5\" ><div\n\t\t\t\n\t\t\tclass=\"so-widget-sow-image so-widget-sow-image-default-dbf295114b96-1234\"\n\t\t\t\n\t\t>\n<div class=\"sow-image-container\">\n\t\t<img \n\tsrc=\"https:\/\/www.tews-diabetes.de\/wp-content\/uploads\/tews-diabetes-blutzucker.jpg\" width=\"1280\" height=\"853\" srcset=\"https:\/\/www.tews-diabetes.de\/wp-content\/uploads\/tews-diabetes-blutzucker.jpg 1280w, https:\/\/www.tews-diabetes.de\/wp-content\/uploads\/tews-diabetes-blutzucker-300x200.jpg 300w, https:\/\/www.tews-diabetes.de\/wp-content\/uploads\/tews-diabetes-blutzucker-1030x686.jpg 1030w, https:\/\/www.tews-diabetes.de\/wp-content\/uploads\/tews-diabetes-blutzucker-360x240.jpg 360w, https:\/\/www.tews-diabetes.de\/wp-content\/uploads\/tews-diabetes-blutzucker-555x370.jpg 555w, https:\/\/www.tews-diabetes.de\/wp-content\/uploads\/tews-diabetes-blutzucker-272x182.jpg 272w\" sizes=\"(max-width: 1280px) 100vw, 1280px\" alt=\"\" \t\tclass=\"so-widget-image\"\/>\n\t<\/div>\n\n<\/div><\/div><\/div><\/div><div id=\"pg-1234-4\"  class=\"panel-grid panel-no-style\" ><div id=\"pgc-1234-4-0\"  class=\"panel-grid-cell\" ><div id=\"panel-1234-4-0-0\" class=\"so-panel widget widget_sow-editor panel-first-child panel-last-child\" data-index=\"6\" ><div\n\t\t\t\n\t\t\tclass=\"so-widget-sow-editor so-widget-sow-editor-base\"\n\t\t\t\n\t\t><h2 class=\"widget-title\">Fases de los estudios cl\u00ednicos<\/h2>\n<div class=\"siteorigin-widget-tinymce textwidget\">\n\t<h3>Fase I:<\/h3>\n<p>El medicamento en estudio es administrado a personas sanas, mismos que son voluntarios para la prueba de sustancias activas nuevas o en su defecto, a\u00fan no aprobadas en Alemania, dentro de un estudio cl\u00ednico. El objetivo de esta fase I es brindar informaci\u00f3n acerca de la tolerancia, seguridad farmacol\u00f3gica, farmacocin\u00e9tica (absorci\u00f3n y eliminaci\u00f3n del medicamento en la sangre), as\u00ed como la farmacodin\u00e1mica (inicio y fin de la acci\u00f3n del medicamento).<\/p>\n<h3>Fase II:<\/h3>\n<p>En la fase II se administra el medicamento por primera vez a pacientes que tengan la enfermedad para la que fue concebido el medicamento. El objetivo de esta fase es brindar informaci\u00f3n sobre la eficiencia, seguridad y dosis adecuada del medicamento a evaluar. <\/p>\n<h3>Fase III - Participaci\u00f3n en la cl\u00ednica :<\/h3>\n<p>En esta fase el medicamento es probado en un n\u00famero mayor de pacientes. La eficiencia, tolerancia y seguridad del mecanismo de acci\u00f3n del medicamento son estudiados y analizados. <\/p>\n<h3>Fase IV - Participaci\u00f3n en la cl\u00ednica:<\/h3>\n<p>Esta fase es llevada a cabo despu\u00e9s de una exitosa aprobaci\u00f3n del medicamento por parte de las autoridades de salud. Aqu\u00ed son observados diversos aspectos cl\u00ednicos, como por ejemplo la protecci\u00f3n para enfermedades cardiovasculares o la frecuencia de hipoglucemias.\u00a0<\/p>\n<\/div>\n<\/div><\/div><\/div><\/div><\/div>","protected":false},"excerpt":{"rendered":"<p>La investigaci\u00f3n cient\u00edfica brinda m\u00e1s calidad de vida al mejorar el diagn\u00f3stico de diabetes mellitus. La diabetes mellitus afecta entre 7 a 8 millones de personas en Alemania. Una buena asistencia m\u00e9dica conlleva un control integral y no \u00fanicamente la toma de medicamentos. En nuestros cursos de diabetes le informamos acerca de las opciones en &hellip;<\/p>\n","protected":false},"author":1,"featured_media":0,"parent":0,"menu_order":2,"comment_status":"closed","ping_status":"closed","template":"template-builder-page.php","meta":{"_acf_changed":false,"footnotes":""},"class_list":["post-1234","page","type-page","status-publish","hentry"],"acf":[],"yoast_head":"<!-- This site is optimized with the Yoast SEO plugin v27.5 - https:\/\/yoast.com\/product\/yoast-seo-wordpress\/ -->\n<title>Estudios cl\u00ednicos - MVZ Diabeteszentrum Dr. Tews GmbH<\/title>\n<meta name=\"robots\" content=\"index, follow, max-snippet:-1, max-image-preview:large, max-video-preview:-1\" \/>\n<link rel=\"canonical\" href=\"https:\/\/www.tews-diabetes.de\/es\/estudios-clinicos\/\" \/>\n<meta property=\"og:locale\" content=\"es_ES\" \/>\n<meta property=\"og:type\" content=\"article\" \/>\n<meta property=\"og:title\" content=\"Estudios cl\u00ednicos - MVZ Diabeteszentrum Dr. Tews GmbH\" \/>\n<meta property=\"og:description\" content=\"La investigaci\u00f3n cient\u00edfica brinda m\u00e1s calidad de vida al mejorar el diagn\u00f3stico de diabetes mellitus. La diabetes mellitus afecta entre 7 a 8 millones de personas en Alemania. Una buena asistencia m\u00e9dica conlleva un control integral y no \u00fanicamente la toma de medicamentos. En nuestros cursos de diabetes le informamos acerca de las opciones en &hellip;\" \/>\n<meta property=\"og:url\" content=\"https:\/\/www.tews-diabetes.de\/es\/estudios-clinicos\/\" \/>\n<meta property=\"og:site_name\" content=\"MVZ Diabeteszentrum Dr. Tews GmbH\" \/>\n<meta property=\"article:modified_time\" content=\"2017-05-10T19:29:56+00:00\" \/>\n<meta name=\"twitter:card\" content=\"summary_large_image\" \/>\n<meta name=\"twitter:label1\" content=\"Tiempo de lectura\" \/>\n\t<meta name=\"twitter:data1\" content=\"3 minutos\" \/>\n<script type=\"application\/ld+json\" class=\"yoast-schema-graph\">{\"@context\":\"https:\\\/\\\/schema.org\",\"@graph\":[{\"@type\":\"WebPage\",\"@id\":\"https:\\\/\\\/www.tews-diabetes.de\\\/es\\\/estudios-clinicos\\\/\",\"url\":\"https:\\\/\\\/www.tews-diabetes.de\\\/es\\\/estudios-clinicos\\\/\",\"name\":\"Estudios cl\u00ednicos - MVZ Diabeteszentrum Dr. Tews GmbH\",\"isPartOf\":{\"@id\":\"https:\\\/\\\/www.tews-diabetes.de\\\/es\\\/#website\"},\"datePublished\":\"2016-07-09T16:03:09+00:00\",\"dateModified\":\"2017-05-10T19:29:56+00:00\",\"breadcrumb\":{\"@id\":\"https:\\\/\\\/www.tews-diabetes.de\\\/es\\\/estudios-clinicos\\\/#breadcrumb\"},\"inLanguage\":\"es\",\"potentialAction\":[{\"@type\":\"ReadAction\",\"target\":[\"https:\\\/\\\/www.tews-diabetes.de\\\/es\\\/estudios-clinicos\\\/\"]}]},{\"@type\":\"BreadcrumbList\",\"@id\":\"https:\\\/\\\/www.tews-diabetes.de\\\/es\\\/estudios-clinicos\\\/#breadcrumb\",\"itemListElement\":[{\"@type\":\"ListItem\",\"position\":1,\"name\":\"Startseite\",\"item\":\"https:\\\/\\\/www.tews-diabetes.de\\\/es\\\/\"},{\"@type\":\"ListItem\",\"position\":2,\"name\":\"Diabetolog\u00eda\",\"item\":\"https:\\\/\\\/www.tews-diabetes.de\\\/es\\\/diabetologia\\\/\"},{\"@type\":\"ListItem\",\"position\":3,\"name\":\"Estudios cl\u00ednicos\"}]},{\"@type\":\"WebSite\",\"@id\":\"https:\\\/\\\/www.tews-diabetes.de\\\/es\\\/#website\",\"url\":\"https:\\\/\\\/www.tews-diabetes.de\\\/es\\\/\",\"name\":\"MVZ Diabeteszentrum Dr. Tews GmbH\",\"description\":\"\",\"potentialAction\":[{\"@type\":\"SearchAction\",\"target\":{\"@type\":\"EntryPoint\",\"urlTemplate\":\"https:\\\/\\\/www.tews-diabetes.de\\\/es\\\/?s={search_term_string}\"},\"query-input\":{\"@type\":\"PropertyValueSpecification\",\"valueRequired\":true,\"valueName\":\"search_term_string\"}}],\"inLanguage\":\"es\"}]}<\/script>\n<!-- \/ Yoast SEO plugin. -->","yoast_head_json":{"title":"Estudios cl\u00ednicos - MVZ Diabeteszentrum Dr. Tews GmbH","robots":{"index":"index","follow":"follow","max-snippet":"max-snippet:-1","max-image-preview":"max-image-preview:large","max-video-preview":"max-video-preview:-1"},"canonical":"https:\/\/www.tews-diabetes.de\/es\/estudios-clinicos\/","og_locale":"es_ES","og_type":"article","og_title":"Estudios cl\u00ednicos - MVZ Diabeteszentrum Dr. Tews GmbH","og_description":"La investigaci\u00f3n cient\u00edfica brinda m\u00e1s calidad de vida al mejorar el diagn\u00f3stico de diabetes mellitus. La diabetes mellitus afecta entre 7 a 8 millones de personas en Alemania. Una buena asistencia m\u00e9dica conlleva un control integral y no \u00fanicamente la toma de medicamentos. En nuestros cursos de diabetes le informamos acerca de las opciones en &hellip;","og_url":"https:\/\/www.tews-diabetes.de\/es\/estudios-clinicos\/","og_site_name":"MVZ Diabeteszentrum Dr. Tews GmbH","article_modified_time":"2017-05-10T19:29:56+00:00","twitter_card":"summary_large_image","twitter_misc":{"Tiempo de lectura":"3 minutos"},"schema":{"@context":"https:\/\/schema.org","@graph":[{"@type":"WebPage","@id":"https:\/\/www.tews-diabetes.de\/es\/estudios-clinicos\/","url":"https:\/\/www.tews-diabetes.de\/es\/estudios-clinicos\/","name":"Estudios cl\u00ednicos - MVZ Diabeteszentrum Dr. Tews GmbH","isPartOf":{"@id":"https:\/\/www.tews-diabetes.de\/es\/#website"},"datePublished":"2016-07-09T16:03:09+00:00","dateModified":"2017-05-10T19:29:56+00:00","breadcrumb":{"@id":"https:\/\/www.tews-diabetes.de\/es\/estudios-clinicos\/#breadcrumb"},"inLanguage":"es","potentialAction":[{"@type":"ReadAction","target":["https:\/\/www.tews-diabetes.de\/es\/estudios-clinicos\/"]}]},{"@type":"BreadcrumbList","@id":"https:\/\/www.tews-diabetes.de\/es\/estudios-clinicos\/#breadcrumb","itemListElement":[{"@type":"ListItem","position":1,"name":"Startseite","item":"https:\/\/www.tews-diabetes.de\/es\/"},{"@type":"ListItem","position":2,"name":"Diabetolog\u00eda","item":"https:\/\/www.tews-diabetes.de\/es\/diabetologia\/"},{"@type":"ListItem","position":3,"name":"Estudios cl\u00ednicos"}]},{"@type":"WebSite","@id":"https:\/\/www.tews-diabetes.de\/es\/#website","url":"https:\/\/www.tews-diabetes.de\/es\/","name":"MVZ Diabeteszentrum Dr. Tews GmbH","description":"","potentialAction":[{"@type":"SearchAction","target":{"@type":"EntryPoint","urlTemplate":"https:\/\/www.tews-diabetes.de\/es\/?s={search_term_string}"},"query-input":{"@type":"PropertyValueSpecification","valueRequired":true,"valueName":"search_term_string"}}],"inLanguage":"es"}]}},"_links":{"self":[{"href":"https:\/\/www.tews-diabetes.de\/es\/wp-json\/wp\/v2\/pages\/1234","targetHints":{"allow":["GET"]}}],"collection":[{"href":"https:\/\/www.tews-diabetes.de\/es\/wp-json\/wp\/v2\/pages"}],"about":[{"href":"https:\/\/www.tews-diabetes.de\/es\/wp-json\/wp\/v2\/types\/page"}],"author":[{"embeddable":true,"href":"https:\/\/www.tews-diabetes.de\/es\/wp-json\/wp\/v2\/users\/1"}],"replies":[{"embeddable":true,"href":"https:\/\/www.tews-diabetes.de\/es\/wp-json\/wp\/v2\/comments?post=1234"}],"version-history":[{"count":8,"href":"https:\/\/www.tews-diabetes.de\/es\/wp-json\/wp\/v2\/pages\/1234\/revisions"}],"predecessor-version":[{"id":1311,"href":"https:\/\/www.tews-diabetes.de\/es\/wp-json\/wp\/v2\/pages\/1234\/revisions\/1311"}],"wp:attachment":[{"href":"https:\/\/www.tews-diabetes.de\/es\/wp-json\/wp\/v2\/media?parent=1234"}],"curies":[{"name":"wp","href":"https:\/\/api.w.org\/{rel}","templated":true}]}}