{"id":1219,"date":"2016-06-28T20:34:20","date_gmt":"2016-06-28T18:34:20","guid":{"rendered":"https:\/\/www.tews-diabetes.de\/diabetologia\/leistungen\/"},"modified":"2017-05-10T21:21:15","modified_gmt":"2017-05-10T19:21:15","slug":"servicios-medicos","status":"publish","type":"page","link":"https:\/\/www.tews-diabetes.de\/es\/diabetologia\/servicios-medicos\/","title":{"rendered":"Servicios m\u00e9dicos"},"content":{"rendered":"<div id=\"pl-1219\"  class=\"panel-layout\" ><div id=\"pg-1219-0\"  class=\"panel-grid panel-no-style\" ><div id=\"pgc-1219-0-0\"  class=\"panel-grid-cell\" ><div id=\"panel-1219-0-0-0\" class=\"so-panel widget widget_sow-editor panel-first-child\" data-index=\"0\" ><div\n\t\t\t\n\t\t\tclass=\"so-widget-sow-editor so-widget-sow-editor-base\"\n\t\t\t\n\t\t><h2 class=\"widget-title\"> Servicios disponibles \/ Diagn\u00f3stico<\/h2>\n<div class=\"siteorigin-widget-tinymce textwidget\">\n\t<p>Le ofrecemos una gama amplia de estudios y m\u00e9todos diagn\u00f3sticos a trav\u00e9s de criterios cient\u00edficos y m\u00e9dicos para proteger y cuidar de su salud.\u00a0<\/p>\n<h3>Diagn\u00f3stico de inicio \/ Diabetes de reci\u00e9n diagn\u00f3stico:<\/h3>\n<ul>\n<li>Amplios estudios diferenciales con exploraci\u00f3n f\u00edsica de los miembros inferiores basados en est\u00e1ndares cient\u00edficos.<\/li>\n<li>Resultados inmediatos de laboratorio con glucosa, hemoglobina glucosilada (HbA1c), an\u00e1lisis de orina (microalbuminuria).<\/li>\n<li>En caso necesario contamos tambi\u00e9n con an\u00e1lisis de laboratorio del \u00e1rea de medicina interna.<\/li>\n<\/ul>\n<p><strong>Para un mejor control y valoraci\u00f3n continua de su diabetes, recomendamos un control m\u00e9dico trimestral y un chequeo complementario anual.<br \/><\/strong><\/p>\n<\/div>\n<\/div><\/div><div id=\"panel-1219-0-0-1\" class=\"so-panel widget widget_sow-simple-masonry\" data-index=\"1\" ><div\n\t\t\t\n\t\t\tclass=\"so-widget-sow-simple-masonry so-widget-sow-simple-masonry-default-d75171398898-1219\"\n\t\t\t\n\t\t>\n\n<div class=\"sow-masonry-grid\"\n\tdata-layouts=\"{&quot;desktop&quot;:{&quot;numColumns&quot;:4,&quot;rowHeight&quot;:0,&quot;gutter&quot;:10},&quot;tablet&quot;:{&quot;breakPoint&quot;:768,&quot;numColumns&quot;:2,&quot;rowHeight&quot;:0,&quot;gutter&quot;:0},&quot;mobile&quot;:{&quot;breakPoint&quot;:480,&quot;numColumns&quot;:1,&quot;rowHeight&quot;:0,&quot;gutter&quot;:0}}\" data-layout-origin-left=\"true\" >\n\t\t\t\t<div class=\"sow-masonry-grid-item\" data-col-span=\"1\"\n\t\t\t\tdata-row-span=\"1\">\n\t\t\t\t\n\t\t\t\t\n\t\t\t\t<img loading=\"lazy\" decoding=\"async\" width=\"1280\" height=\"853\" src=\"https:\/\/www.tews-diabetes.de\/wp-content\/uploads\/tews-diabetes-labor-diagnostik-1.jpg\" class=\"sow-masonry-grid-image\" alt=\"\" title=\"\" srcset=\"https:\/\/www.tews-diabetes.de\/wp-content\/uploads\/tews-diabetes-labor-diagnostik-1.jpg 1280w, https:\/\/www.tews-diabetes.de\/wp-content\/uploads\/tews-diabetes-labor-diagnostik-1-300x200.jpg 300w, https:\/\/www.tews-diabetes.de\/wp-content\/uploads\/tews-diabetes-labor-diagnostik-1-1030x686.jpg 1030w, https:\/\/www.tews-diabetes.de\/wp-content\/uploads\/tews-diabetes-labor-diagnostik-1-360x240.jpg 360w, https:\/\/www.tews-diabetes.de\/wp-content\/uploads\/tews-diabetes-labor-diagnostik-1-555x370.jpg 555w, https:\/\/www.tews-diabetes.de\/wp-content\/uploads\/tews-diabetes-labor-diagnostik-1-272x182.jpg 272w\" sizes=\"auto, (max-width: 1280px) 100vw, 1280px\" \/>\n\t\t\t\t\n\t\t\t\t\t\t\t<\/div>\n\t\t\t\t\t\t<div class=\"sow-masonry-grid-item\" data-col-span=\"1\"\n\t\t\t\tdata-row-span=\"1\">\n\t\t\t\t\n\t\t\t\t\n\t\t\t\t<img loading=\"lazy\" decoding=\"async\" width=\"1280\" height=\"853\" src=\"https:\/\/www.tews-diabetes.de\/wp-content\/uploads\/tews-diabetes-labor-diagnostik-2.jpg\" class=\"sow-masonry-grid-image\" alt=\"\" title=\"\" srcset=\"https:\/\/www.tews-diabetes.de\/wp-content\/uploads\/tews-diabetes-labor-diagnostik-2.jpg 1280w, https:\/\/www.tews-diabetes.de\/wp-content\/uploads\/tews-diabetes-labor-diagnostik-2-300x200.jpg 300w, https:\/\/www.tews-diabetes.de\/wp-content\/uploads\/tews-diabetes-labor-diagnostik-2-1030x686.jpg 1030w, https:\/\/www.tews-diabetes.de\/wp-content\/uploads\/tews-diabetes-labor-diagnostik-2-360x240.jpg 360w, https:\/\/www.tews-diabetes.de\/wp-content\/uploads\/tews-diabetes-labor-diagnostik-2-555x370.jpg 555w, https:\/\/www.tews-diabetes.de\/wp-content\/uploads\/tews-diabetes-labor-diagnostik-2-272x182.jpg 272w\" sizes=\"auto, (max-width: 1280px) 100vw, 1280px\" \/>\n\t\t\t\t\n\t\t\t\t\t\t\t<\/div>\n\t\t\t\t\t\t<div class=\"sow-masonry-grid-item\" data-col-span=\"1\"\n\t\t\t\tdata-row-span=\"1\">\n\t\t\t\t\n\t\t\t\t\n\t\t\t\t<img loading=\"lazy\" decoding=\"async\" width=\"1280\" height=\"853\" src=\"https:\/\/www.tews-diabetes.de\/wp-content\/uploads\/tews-diabetes-labor-diagnostik-3.jpg\" class=\"sow-masonry-grid-image\" alt=\"\" title=\"\" srcset=\"https:\/\/www.tews-diabetes.de\/wp-content\/uploads\/tews-diabetes-labor-diagnostik-3.jpg 1280w, https:\/\/www.tews-diabetes.de\/wp-content\/uploads\/tews-diabetes-labor-diagnostik-3-300x200.jpg 300w, https:\/\/www.tews-diabetes.de\/wp-content\/uploads\/tews-diabetes-labor-diagnostik-3-1030x686.jpg 1030w, https:\/\/www.tews-diabetes.de\/wp-content\/uploads\/tews-diabetes-labor-diagnostik-3-360x240.jpg 360w, https:\/\/www.tews-diabetes.de\/wp-content\/uploads\/tews-diabetes-labor-diagnostik-3-555x370.jpg 555w, https:\/\/www.tews-diabetes.de\/wp-content\/uploads\/tews-diabetes-labor-diagnostik-3-272x182.jpg 272w\" sizes=\"auto, (max-width: 1280px) 100vw, 1280px\" \/>\n\t\t\t\t\n\t\t\t\t\t\t\t<\/div>\n\t\t\t\t\t\t<div class=\"sow-masonry-grid-item\" data-col-span=\"1\"\n\t\t\t\tdata-row-span=\"1\">\n\t\t\t\t\n\t\t\t\t\n\t\t\t\t<img loading=\"lazy\" decoding=\"async\" width=\"1280\" height=\"853\" src=\"https:\/\/www.tews-diabetes.de\/wp-content\/uploads\/tews-diabetes-diagnostik-behandlung-5.jpg\" class=\"sow-masonry-grid-image\" alt=\"\" title=\"\" srcset=\"https:\/\/www.tews-diabetes.de\/wp-content\/uploads\/tews-diabetes-diagnostik-behandlung-5.jpg 1280w, https:\/\/www.tews-diabetes.de\/wp-content\/uploads\/tews-diabetes-diagnostik-behandlung-5-300x200.jpg 300w, https:\/\/www.tews-diabetes.de\/wp-content\/uploads\/tews-diabetes-diagnostik-behandlung-5-1030x686.jpg 1030w, https:\/\/www.tews-diabetes.de\/wp-content\/uploads\/tews-diabetes-diagnostik-behandlung-5-360x240.jpg 360w, https:\/\/www.tews-diabetes.de\/wp-content\/uploads\/tews-diabetes-diagnostik-behandlung-5-555x370.jpg 555w, https:\/\/www.tews-diabetes.de\/wp-content\/uploads\/tews-diabetes-diagnostik-behandlung-5-272x182.jpg 272w\" sizes=\"auto, (max-width: 1280px) 100vw, 1280px\" \/>\n\t\t\t\t\n\t\t\t\t\t\t\t<\/div>\n\t\t\t\n<\/div>\n<\/div><\/div><div id=\"panel-1219-0-0-2\" class=\"so-panel widget widget_sow-editor\" data-index=\"2\" ><div\n\t\t\t\n\t\t\tclass=\"so-widget-sow-editor so-widget-sow-editor-base\"\n\t\t\t\n\t\t><h2 class=\"widget-title\">Controles regulares<\/h2>\n<div class=\"siteorigin-widget-tinymce textwidget\">\n\t<h4>Control m\u00e9dico trimestral:<\/h4>\n<ul>\n<li>An\u00e1lisis de laboratorio inmediatos para glucosa, hemoglobina glucosilada (HbA1c), microalbuminuria, examen general de orina.<\/li>\n<li>En caso necesario, an\u00e1lisis general de laboratorio del \u00e1rea de medicina interna. <\/li>\n<\/ul>\n<h4>Chequeo anual:<\/h4>\n<ul>\n<li>An\u00e1lisis de laboratorio inmediatos para glucosa, hemoglobina glucosilada (HbA1c), microalbuminuria, examen general de orina.<\/li>\n<li>An\u00e1lisis de laboratorio (funci\u00f3n renal, perfil de l\u00edpidos, en caso necesario funci\u00f3n hep\u00e1tica y tiroidea).<\/li>\n<li>Exploraci\u00f3n f\u00edsica general.<\/li>\n<li>Exploraci\u00f3n de miembros inferiores \/ control del pie diab\u00e9tico. <\/li>\n<\/ul>\n<h4>Estudios complementarios: <\/h4>\n<ul>\n<li>Ultrasonido (abdominal, tiroideo, etc.)<\/li>\n<li>Ecocardiograf\u00eda<\/li>\n<li>Medici\u00f3n de presi\u00f3n arterial ambulatoria (24 horas)<\/li>\n<li>Monitoreo Holter (electrocardiograma de 24 horas)<\/li>\n<li>Test de tolerancia oral a la glucosa<\/li>\n<li>Prueba de funci\u00f3n respiratoria (espirometr\u00eda)<\/li>\n<li>Ultrasonido doppler vascular<\/li>\n<\/ul>\n<\/div>\n<\/div><\/div><div id=\"panel-1219-0-0-3\" class=\"so-panel widget widget_sow-simple-masonry\" data-index=\"3\" ><div\n\t\t\t\n\t\t\tclass=\"so-widget-sow-simple-masonry so-widget-sow-simple-masonry-default-d75171398898-1219\"\n\t\t\t\n\t\t>\n\n<div class=\"sow-masonry-grid\"\n\tdata-layouts=\"{&quot;desktop&quot;:{&quot;numColumns&quot;:4,&quot;rowHeight&quot;:0,&quot;gutter&quot;:10},&quot;tablet&quot;:{&quot;breakPoint&quot;:768,&quot;numColumns&quot;:2,&quot;rowHeight&quot;:0,&quot;gutter&quot;:0},&quot;mobile&quot;:{&quot;breakPoint&quot;:480,&quot;numColumns&quot;:1,&quot;rowHeight&quot;:0,&quot;gutter&quot;:0}}\" data-layout-origin-left=\"true\" >\n\t\t\t\t<div class=\"sow-masonry-grid-item\" data-col-span=\"1\"\n\t\t\t\tdata-row-span=\"1\">\n\t\t\t\t\n\t\t\t\t\n\t\t\t\t<img loading=\"lazy\" decoding=\"async\" width=\"1280\" height=\"853\" src=\"https:\/\/www.tews-diabetes.de\/wp-content\/uploads\/tews-diabetes-diagnostik-behandlung-4.jpg\" class=\"sow-masonry-grid-image\" alt=\"\" title=\"\" srcset=\"https:\/\/www.tews-diabetes.de\/wp-content\/uploads\/tews-diabetes-diagnostik-behandlung-4.jpg 1280w, https:\/\/www.tews-diabetes.de\/wp-content\/uploads\/tews-diabetes-diagnostik-behandlung-4-300x200.jpg 300w, https:\/\/www.tews-diabetes.de\/wp-content\/uploads\/tews-diabetes-diagnostik-behandlung-4-1030x686.jpg 1030w, https:\/\/www.tews-diabetes.de\/wp-content\/uploads\/tews-diabetes-diagnostik-behandlung-4-360x240.jpg 360w, https:\/\/www.tews-diabetes.de\/wp-content\/uploads\/tews-diabetes-diagnostik-behandlung-4-555x370.jpg 555w, https:\/\/www.tews-diabetes.de\/wp-content\/uploads\/tews-diabetes-diagnostik-behandlung-4-272x182.jpg 272w\" sizes=\"auto, (max-width: 1280px) 100vw, 1280px\" \/>\n\t\t\t\t\n\t\t\t\t\t\t\t<\/div>\n\t\t\t\t\t\t<div class=\"sow-masonry-grid-item\" data-col-span=\"1\"\n\t\t\t\tdata-row-span=\"1\">\n\t\t\t\t\n\t\t\t\t\n\t\t\t\t<img loading=\"lazy\" decoding=\"async\" width=\"1280\" height=\"853\" src=\"https:\/\/www.tews-diabetes.de\/wp-content\/uploads\/tews-diabetes-diagnostik-behandlung-3.jpg\" class=\"sow-masonry-grid-image\" alt=\"\" title=\"\" srcset=\"https:\/\/www.tews-diabetes.de\/wp-content\/uploads\/tews-diabetes-diagnostik-behandlung-3.jpg 1280w, https:\/\/www.tews-diabetes.de\/wp-content\/uploads\/tews-diabetes-diagnostik-behandlung-3-300x200.jpg 300w, https:\/\/www.tews-diabetes.de\/wp-content\/uploads\/tews-diabetes-diagnostik-behandlung-3-1030x686.jpg 1030w, https:\/\/www.tews-diabetes.de\/wp-content\/uploads\/tews-diabetes-diagnostik-behandlung-3-360x240.jpg 360w, https:\/\/www.tews-diabetes.de\/wp-content\/uploads\/tews-diabetes-diagnostik-behandlung-3-555x370.jpg 555w, https:\/\/www.tews-diabetes.de\/wp-content\/uploads\/tews-diabetes-diagnostik-behandlung-3-272x182.jpg 272w\" sizes=\"auto, (max-width: 1280px) 100vw, 1280px\" \/>\n\t\t\t\t\n\t\t\t\t\t\t\t<\/div>\n\t\t\t\t\t\t<div class=\"sow-masonry-grid-item\" data-col-span=\"1\"\n\t\t\t\tdata-row-span=\"1\">\n\t\t\t\t\n\t\t\t\t\n\t\t\t\t<img loading=\"lazy\" decoding=\"async\" width=\"1280\" height=\"853\" src=\"https:\/\/www.tews-diabetes.de\/wp-content\/uploads\/tews-diabetes-diagnostik-behandlung-2.jpg\" class=\"sow-masonry-grid-image\" alt=\"\" title=\"\" srcset=\"https:\/\/www.tews-diabetes.de\/wp-content\/uploads\/tews-diabetes-diagnostik-behandlung-2.jpg 1280w, https:\/\/www.tews-diabetes.de\/wp-content\/uploads\/tews-diabetes-diagnostik-behandlung-2-300x200.jpg 300w, https:\/\/www.tews-diabetes.de\/wp-content\/uploads\/tews-diabetes-diagnostik-behandlung-2-1030x686.jpg 1030w, https:\/\/www.tews-diabetes.de\/wp-content\/uploads\/tews-diabetes-diagnostik-behandlung-2-360x240.jpg 360w, https:\/\/www.tews-diabetes.de\/wp-content\/uploads\/tews-diabetes-diagnostik-behandlung-2-555x370.jpg 555w, https:\/\/www.tews-diabetes.de\/wp-content\/uploads\/tews-diabetes-diagnostik-behandlung-2-272x182.jpg 272w\" sizes=\"auto, (max-width: 1280px) 100vw, 1280px\" \/>\n\t\t\t\t\n\t\t\t\t\t\t\t<\/div>\n\t\t\t\t\t\t<div class=\"sow-masonry-grid-item\" data-col-span=\"1\"\n\t\t\t\tdata-row-span=\"1\">\n\t\t\t\t\n\t\t\t\t\n\t\t\t\t<img loading=\"lazy\" decoding=\"async\" width=\"1280\" height=\"853\" src=\"https:\/\/www.tews-diabetes.de\/wp-content\/uploads\/tews-diabetes-diagnostik-behandlung-1.jpg\" class=\"sow-masonry-grid-image\" alt=\"\" title=\"\" srcset=\"https:\/\/www.tews-diabetes.de\/wp-content\/uploads\/tews-diabetes-diagnostik-behandlung-1.jpg 1280w, https:\/\/www.tews-diabetes.de\/wp-content\/uploads\/tews-diabetes-diagnostik-behandlung-1-300x200.jpg 300w, https:\/\/www.tews-diabetes.de\/wp-content\/uploads\/tews-diabetes-diagnostik-behandlung-1-1030x686.jpg 1030w, https:\/\/www.tews-diabetes.de\/wp-content\/uploads\/tews-diabetes-diagnostik-behandlung-1-360x240.jpg 360w, https:\/\/www.tews-diabetes.de\/wp-content\/uploads\/tews-diabetes-diagnostik-behandlung-1-555x370.jpg 555w, https:\/\/www.tews-diabetes.de\/wp-content\/uploads\/tews-diabetes-diagnostik-behandlung-1-272x182.jpg 272w\" sizes=\"auto, (max-width: 1280px) 100vw, 1280px\" \/>\n\t\t\t\t\n\t\t\t\t\t\t\t<\/div>\n\t\t\t\n<\/div>\n<\/div><\/div><div id=\"panel-1219-0-0-4\" class=\"so-panel widget widget_sow-editor\" data-index=\"4\" ><div\n\t\t\t\n\t\t\tclass=\"so-widget-sow-editor so-widget-sow-editor-base\"\n\t\t\t\n\t\t><h2 class=\"widget-title\">Servicios en la cl\u00ednica del pie diab\u00e9tico<\/h2>\n<div class=\"siteorigin-widget-tinymce textwidget\">\n\t<ul>\n<li>Medici\u00f3n de la presi\u00f3n de apoyo (podobarometr\u00eda din\u00e1mica)<\/li>\n<li>Curaci\u00f3n de heridas y \u00falceras<\/li>\n<li>Estimulaci\u00f3n el\u00e9ctrica transcut\u00e1nea de los nervios en la neuropat\u00eda diab\u00e9tica<\/li>\n<\/ul>\n<\/div>\n<\/div><\/div><div id=\"panel-1219-0-0-5\" class=\"so-panel widget widget_sow-editor panel-last-child\" data-index=\"5\" ><div\n\t\t\t\n\t\t\tclass=\"so-widget-sow-editor so-widget-sow-editor-base\"\n\t\t\t\n\t\t><h2 class=\"widget-title\">Estudios individuales con cargo adicional<\/h2>\n<div class=\"siteorigin-widget-tinymce textwidget\">\n\t<ul>\n<li>Ultrasonido card\u00edaco<\/li>\n<li>Ultrasonido de las arterias car\u00f3tidas (medici\u00f3n del grosor de la capa \u00edntima y media)<\/li>\n<li>Asesoramiento nutricional (cita individual)<\/li>\n<li>Curso de cocina saludable<\/li>\n<li>Seminarios de temporada, por ejemplo hornear galletas<\/li>\n<li>Monitoreo continuo de glucosa \/ Sensor Freestyle Libre\n<ul>\n<li>Capacitaci\u00f3n para el monitoreo continuo de glucosa (Freestyle Libre), cuando el seguro m\u00e9dico no cubra los costos<\/li>\n<\/ul>\n<\/li>\n<li>Curso del pie diab\u00e9tico, cuidados en el s\u00edndrome del pie diab\u00e9tico<\/li>\n<li>Vacunas para viajar<\/li>\n<li>Ex\u00e1menes preventivos (fuera de la consulta de diabetes)<\/li>\n<\/ul>\n<p>\u00a0<\/p>\n<\/div>\n<\/div><\/div><\/div><\/div><\/div>","protected":false},"excerpt":{"rendered":"<p>Le ofrecemos una gama amplia de estudios y m\u00e9todos diagn\u00f3sticos a trav\u00e9s de criterios cient\u00edficos y m\u00e9dicos para proteger y cuidar de su salud.\u00a0Diagn\u00f3stico de inicio \/ Diabetes de reci\u00e9n diagn\u00f3stico:Amplios estudios diferenciales con exploraci\u00f3n f\u00edsica de los miembros inferiores basados en est\u00e1ndares cient\u00edficos.Resultados inmediatos de laboratorio con glucosa, hemoglobina glucosilada (HbA1c), an\u00e1lisis de orina &hellip;<\/p>\n","protected":false},"author":1,"featured_media":0,"parent":1167,"menu_order":1,"comment_status":"closed","ping_status":"closed","template":"template-builder-page.php","meta":{"_acf_changed":false,"footnotes":""},"class_list":["post-1219","page","type-page","status-publish","hentry"],"acf":[],"yoast_head":"<!-- This site is optimized with the Yoast SEO plugin v27.5 - https:\/\/yoast.com\/product\/yoast-seo-wordpress\/ -->\n<title>Servicios m\u00e9dicos - MVZ Diabeteszentrum Dr. Tews GmbH<\/title>\n<meta name=\"robots\" content=\"index, follow, max-snippet:-1, max-image-preview:large, max-video-preview:-1\" \/>\n<link rel=\"canonical\" href=\"https:\/\/www.tews-diabetes.de\/es\/diabetologia\/servicios-medicos\/\" \/>\n<meta property=\"og:locale\" content=\"es_ES\" \/>\n<meta property=\"og:type\" content=\"article\" \/>\n<meta property=\"og:title\" content=\"Servicios m\u00e9dicos - MVZ Diabeteszentrum Dr. Tews GmbH\" \/>\n<meta property=\"og:description\" content=\"Le ofrecemos una gama amplia de estudios y m\u00e9todos diagn\u00f3sticos a trav\u00e9s de criterios cient\u00edficos y m\u00e9dicos para proteger y cuidar de su salud.\u00a0Diagn\u00f3stico de inicio \/ Diabetes de reci\u00e9n diagn\u00f3stico:Amplios estudios diferenciales con exploraci\u00f3n f\u00edsica de los miembros inferiores basados en est\u00e1ndares cient\u00edficos.Resultados inmediatos de laboratorio con glucosa, hemoglobina glucosilada (HbA1c), an\u00e1lisis de orina &hellip;\" \/>\n<meta property=\"og:url\" content=\"https:\/\/www.tews-diabetes.de\/es\/diabetologia\/servicios-medicos\/\" \/>\n<meta property=\"og:site_name\" content=\"MVZ Diabeteszentrum Dr. Tews GmbH\" \/>\n<meta property=\"article:modified_time\" content=\"2017-05-10T19:21:15+00:00\" \/>\n<meta name=\"twitter:card\" content=\"summary_large_image\" \/>\n<meta name=\"twitter:label1\" content=\"Tiempo de lectura\" \/>\n\t<meta name=\"twitter:data1\" content=\"2 minutos\" \/>\n<script type=\"application\/ld+json\" class=\"yoast-schema-graph\">{\"@context\":\"https:\\\/\\\/schema.org\",\"@graph\":[{\"@type\":\"WebPage\",\"@id\":\"https:\\\/\\\/www.tews-diabetes.de\\\/es\\\/diabetologia\\\/servicios-medicos\\\/\",\"url\":\"https:\\\/\\\/www.tews-diabetes.de\\\/es\\\/diabetologia\\\/servicios-medicos\\\/\",\"name\":\"Servicios m\u00e9dicos - MVZ Diabeteszentrum Dr. Tews GmbH\",\"isPartOf\":{\"@id\":\"https:\\\/\\\/www.tews-diabetes.de\\\/es\\\/#website\"},\"datePublished\":\"2016-06-28T18:34:20+00:00\",\"dateModified\":\"2017-05-10T19:21:15+00:00\",\"breadcrumb\":{\"@id\":\"https:\\\/\\\/www.tews-diabetes.de\\\/es\\\/diabetologia\\\/servicios-medicos\\\/#breadcrumb\"},\"inLanguage\":\"es\",\"potentialAction\":[{\"@type\":\"ReadAction\",\"target\":[\"https:\\\/\\\/www.tews-diabetes.de\\\/es\\\/diabetologia\\\/servicios-medicos\\\/\"]}]},{\"@type\":\"BreadcrumbList\",\"@id\":\"https:\\\/\\\/www.tews-diabetes.de\\\/es\\\/diabetologia\\\/servicios-medicos\\\/#breadcrumb\",\"itemListElement\":[{\"@type\":\"ListItem\",\"position\":1,\"name\":\"Startseite\",\"item\":\"https:\\\/\\\/www.tews-diabetes.de\\\/es\\\/\"},{\"@type\":\"ListItem\",\"position\":2,\"name\":\"Diabetolog\u00eda\",\"item\":\"https:\\\/\\\/www.tews-diabetes.de\\\/es\\\/diabetologia\\\/\"},{\"@type\":\"ListItem\",\"position\":3,\"name\":\"Servicios m\u00e9dicos\"}]},{\"@type\":\"WebSite\",\"@id\":\"https:\\\/\\\/www.tews-diabetes.de\\\/es\\\/#website\",\"url\":\"https:\\\/\\\/www.tews-diabetes.de\\\/es\\\/\",\"name\":\"MVZ Diabeteszentrum Dr. Tews GmbH\",\"description\":\"\",\"potentialAction\":[{\"@type\":\"SearchAction\",\"target\":{\"@type\":\"EntryPoint\",\"urlTemplate\":\"https:\\\/\\\/www.tews-diabetes.de\\\/es\\\/?s={search_term_string}\"},\"query-input\":{\"@type\":\"PropertyValueSpecification\",\"valueRequired\":true,\"valueName\":\"search_term_string\"}}],\"inLanguage\":\"es\"}]}<\/script>\n<!-- \/ Yoast SEO plugin. -->","yoast_head_json":{"title":"Servicios m\u00e9dicos - MVZ Diabeteszentrum Dr. Tews GmbH","robots":{"index":"index","follow":"follow","max-snippet":"max-snippet:-1","max-image-preview":"max-image-preview:large","max-video-preview":"max-video-preview:-1"},"canonical":"https:\/\/www.tews-diabetes.de\/es\/diabetologia\/servicios-medicos\/","og_locale":"es_ES","og_type":"article","og_title":"Servicios m\u00e9dicos - MVZ Diabeteszentrum Dr. Tews GmbH","og_description":"Le ofrecemos una gama amplia de estudios y m\u00e9todos diagn\u00f3sticos a trav\u00e9s de criterios cient\u00edficos y m\u00e9dicos para proteger y cuidar de su salud.\u00a0Diagn\u00f3stico de inicio \/ Diabetes de reci\u00e9n diagn\u00f3stico:Amplios estudios diferenciales con exploraci\u00f3n f\u00edsica de los miembros inferiores basados en est\u00e1ndares cient\u00edficos.Resultados inmediatos de laboratorio con glucosa, hemoglobina glucosilada (HbA1c), an\u00e1lisis de orina &hellip;","og_url":"https:\/\/www.tews-diabetes.de\/es\/diabetologia\/servicios-medicos\/","og_site_name":"MVZ Diabeteszentrum Dr. Tews GmbH","article_modified_time":"2017-05-10T19:21:15+00:00","twitter_card":"summary_large_image","twitter_misc":{"Tiempo de lectura":"2 minutos"},"schema":{"@context":"https:\/\/schema.org","@graph":[{"@type":"WebPage","@id":"https:\/\/www.tews-diabetes.de\/es\/diabetologia\/servicios-medicos\/","url":"https:\/\/www.tews-diabetes.de\/es\/diabetologia\/servicios-medicos\/","name":"Servicios m\u00e9dicos - MVZ Diabeteszentrum Dr. Tews GmbH","isPartOf":{"@id":"https:\/\/www.tews-diabetes.de\/es\/#website"},"datePublished":"2016-06-28T18:34:20+00:00","dateModified":"2017-05-10T19:21:15+00:00","breadcrumb":{"@id":"https:\/\/www.tews-diabetes.de\/es\/diabetologia\/servicios-medicos\/#breadcrumb"},"inLanguage":"es","potentialAction":[{"@type":"ReadAction","target":["https:\/\/www.tews-diabetes.de\/es\/diabetologia\/servicios-medicos\/"]}]},{"@type":"BreadcrumbList","@id":"https:\/\/www.tews-diabetes.de\/es\/diabetologia\/servicios-medicos\/#breadcrumb","itemListElement":[{"@type":"ListItem","position":1,"name":"Startseite","item":"https:\/\/www.tews-diabetes.de\/es\/"},{"@type":"ListItem","position":2,"name":"Diabetolog\u00eda","item":"https:\/\/www.tews-diabetes.de\/es\/diabetologia\/"},{"@type":"ListItem","position":3,"name":"Servicios m\u00e9dicos"}]},{"@type":"WebSite","@id":"https:\/\/www.tews-diabetes.de\/es\/#website","url":"https:\/\/www.tews-diabetes.de\/es\/","name":"MVZ Diabeteszentrum Dr. Tews GmbH","description":"","potentialAction":[{"@type":"SearchAction","target":{"@type":"EntryPoint","urlTemplate":"https:\/\/www.tews-diabetes.de\/es\/?s={search_term_string}"},"query-input":{"@type":"PropertyValueSpecification","valueRequired":true,"valueName":"search_term_string"}}],"inLanguage":"es"}]}},"_links":{"self":[{"href":"https:\/\/www.tews-diabetes.de\/es\/wp-json\/wp\/v2\/pages\/1219","targetHints":{"allow":["GET"]}}],"collection":[{"href":"https:\/\/www.tews-diabetes.de\/es\/wp-json\/wp\/v2\/pages"}],"about":[{"href":"https:\/\/www.tews-diabetes.de\/es\/wp-json\/wp\/v2\/types\/page"}],"author":[{"embeddable":true,"href":"https:\/\/www.tews-diabetes.de\/es\/wp-json\/wp\/v2\/users\/1"}],"replies":[{"embeddable":true,"href":"https:\/\/www.tews-diabetes.de\/es\/wp-json\/wp\/v2\/comments?post=1219"}],"version-history":[{"count":10,"href":"https:\/\/www.tews-diabetes.de\/es\/wp-json\/wp\/v2\/pages\/1219\/revisions"}],"predecessor-version":[{"id":1305,"href":"https:\/\/www.tews-diabetes.de\/es\/wp-json\/wp\/v2\/pages\/1219\/revisions\/1305"}],"up":[{"embeddable":true,"href":"https:\/\/www.tews-diabetes.de\/es\/wp-json\/wp\/v2\/pages\/1167"}],"wp:attachment":[{"href":"https:\/\/www.tews-diabetes.de\/es\/wp-json\/wp\/v2\/media?parent=1219"}],"curies":[{"name":"wp","href":"https:\/\/api.w.org\/{rel}","templated":true}]}}