{"id":1215,"date":"2016-06-28T20:43:49","date_gmt":"2016-06-28T18:43:49","guid":{"rendered":"https:\/\/www.tews-diabetes.de\/servicios\/nuetzliche-links\/"},"modified":"2023-11-23T10:23:48","modified_gmt":"2023-11-23T09:23:48","slug":"enlaces-de-interes","status":"publish","type":"page","link":"https:\/\/www.tews-diabetes.de\/es\/servicios\/enlaces-de-interes\/","title":{"rendered":"Enlaces de inter\u00e9s"},"content":{"rendered":"<div id=\"pl-1215\"  class=\"panel-layout\" ><div id=\"pg-1215-0\"  class=\"panel-grid panel-no-style\" ><div id=\"pgc-1215-0-0\"  class=\"panel-grid-cell\" ><div id=\"panel-1215-0-0-0\" class=\"so-panel widget widget_sow-editor panel-first-child panel-last-child\" data-index=\"0\" ><div\n\t\t\t\n\t\t\tclass=\"so-widget-sow-editor so-widget-sow-editor-base\"\n\t\t\t\n\t\t><h2 class=\"widget-title\">Enlaces de inter\u00e9s<\/h2>\n<div class=\"siteorigin-widget-tinymce textwidget\">\n\t<h3>En los siguientes enlaces podr\u00e1 encontrar sitios de internet recomendados acerca de diabetes:<\/h3>\n<p><a href=\"http:\/\/www.diabetesde.org\" target=\"blank\" rel=\"noopener\">www.diabetesde.org<\/a> Asociaci\u00f3n para la ayuda de pacientes diab\u00e9ticos<\/p>\n<p><a href=\"http:\/\/www.diabetes-deutschland.de\" target=\"blank\" rel=\"noopener\">www.diabetes-deutschland.de<\/a> Informaci\u00f3n acerca de diabetes<\/p>\n<p><a href=\"http:\/\/www.diabetikerbund.de\" target=\"blank\" rel=\"noopener\">www.diabetikerbund.de<\/a> Asociaci\u00f3n de diab\u00e9ticos alemanes (grupos de ayuda)<\/p>\n<p><a href=\"http:\/\/www.diabetologen-hessen.de\" target=\"blank\" rel=\"noopener\">www.diabetologen-hessen.de<\/a> Diabetologen eG Hessen<\/p>\n<p><a href=\"http:\/\/www.diabetes-forum.de\" target=\"blank\" rel=\"noopener\">www.diabetes-forum.de<\/a> Informaci\u00f3n para pacientes con diabetes tipo 1 y 2<\/p>\n<p><a href=\"http:\/\/www.dge.de\" target=\"blank\" rel=\"noopener\">www.dge.de<\/a> Asociaci\u00f3n alemana de alimentaci\u00f3n<\/p>\n<p><a href=\"https:\/\/sekosgelnhausen.de\/selbsthilfe-finden\/gruppe-finden\/\" target=\"_blank\" rel=\"noopener\">www.sekosgelnhausen.de<\/a> Grupos de autoayuda para diab\u00e9ticos y otras enfermedades<\/p>\n<p><a href=\"http:\/\/www.augen.de\" target=\"blank\" rel=\"noopener\">www.augen.de<\/a> Informaci\u00f3n y servicios sobre la vista y los ojos<\/p>\n<p><a href=\"http:\/\/www.hdg-info.de\/\" target=\"_blank\" rel=\"noopener\">www.hdg-info.de<\/a> Hessische Diabetesgesellschaft der DDG<\/p>\n<p><a href=\"https:\/\/www.aerzteblatt.de\/archiv\/210802\/Arzneimittelbehandlung-der-Schwangeren\">www.aerzteblatt.de<\/a> Tratamiento farmacol\u00f3gico de mujeres embarazadas<\/p>\n<p><a href=\"https:\/\/www.deutsche-diabetes-gesellschaft.de\/presse\/ob-gestationsdiabetes-typ-1-oder-typ-2-schwangere-frauen-mit-diabetes-benoetigen-engmaschige-betreuung\" target=\"_blank\" rel=\"noopener\">www.gestationsdiabetes.de<\/a> Portal de informaci\u00f3n para mujeres embarazadas<\/p>\n<\/div>\n<\/div><\/div><\/div><\/div><\/div>","protected":false},"excerpt":{"rendered":"<p>En los siguientes enlaces podr\u00e1 encontrar sitios de internet recomendados acerca de diabetes: www.diabetesde.org Asociaci\u00f3n para la ayuda de pacientes diab\u00e9ticos www.diabetes-deutschland.de Informaci\u00f3n acerca de diabetes www.diabetikerbund.de Asociaci\u00f3n de diab\u00e9ticos alemanes (grupos de ayuda) www.diabetologen-hessen.de Diabetologen eG Hessen www.diabetes-forum.de Informaci\u00f3n para pacientes con diabetes tipo 1 y 2 www.dge.de Asociaci\u00f3n alemana de alimentaci\u00f3n www.sekosgelnhausen.de Grupos &hellip;<\/p>\n","protected":false},"author":1,"featured_media":0,"parent":1177,"menu_order":0,"comment_status":"closed","ping_status":"closed","template":"template-builder-page.php","meta":{"_acf_changed":false,"footnotes":""},"class_list":["post-1215","page","type-page","status-publish","hentry"],"acf":[],"yoast_head":"<!-- This site is optimized with the Yoast SEO plugin v27.5 - https:\/\/yoast.com\/product\/yoast-seo-wordpress\/ -->\n<title>Enlaces de inter\u00e9s - MVZ Diabeteszentrum Dr. Tews GmbH<\/title>\n<meta name=\"robots\" content=\"index, follow, max-snippet:-1, max-image-preview:large, max-video-preview:-1\" \/>\n<link rel=\"canonical\" href=\"https:\/\/www.tews-diabetes.de\/es\/servicios\/enlaces-de-interes\/\" \/>\n<meta property=\"og:locale\" content=\"es_ES\" \/>\n<meta property=\"og:type\" content=\"article\" \/>\n<meta property=\"og:title\" content=\"Enlaces de inter\u00e9s - MVZ Diabeteszentrum Dr. Tews GmbH\" \/>\n<meta property=\"og:description\" content=\"En los siguientes enlaces podr\u00e1 encontrar sitios de internet recomendados acerca de diabetes: www.diabetesde.org Asociaci\u00f3n para la ayuda de pacientes diab\u00e9ticos www.diabetes-deutschland.de Informaci\u00f3n acerca de diabetes www.diabetikerbund.de Asociaci\u00f3n de diab\u00e9ticos alemanes (grupos de ayuda) www.diabetologen-hessen.de Diabetologen eG Hessen www.diabetes-forum.de Informaci\u00f3n para pacientes con diabetes tipo 1 y 2 www.dge.de Asociaci\u00f3n alemana de alimentaci\u00f3n www.sekosgelnhausen.de Grupos &hellip;\" \/>\n<meta property=\"og:url\" content=\"https:\/\/www.tews-diabetes.de\/es\/servicios\/enlaces-de-interes\/\" \/>\n<meta property=\"og:site_name\" content=\"MVZ Diabeteszentrum Dr. Tews GmbH\" \/>\n<meta property=\"article:modified_time\" content=\"2023-11-23T09:23:48+00:00\" \/>\n<meta name=\"twitter:card\" content=\"summary_large_image\" \/>\n<meta name=\"twitter:label1\" content=\"Tiempo de lectura\" \/>\n\t<meta name=\"twitter:data1\" content=\"1 minuto\" \/>\n<script type=\"application\/ld+json\" class=\"yoast-schema-graph\">{\"@context\":\"https:\\\/\\\/schema.org\",\"@graph\":[{\"@type\":\"WebPage\",\"@id\":\"https:\\\/\\\/www.tews-diabetes.de\\\/es\\\/servicios\\\/enlaces-de-interes\\\/\",\"url\":\"https:\\\/\\\/www.tews-diabetes.de\\\/es\\\/servicios\\\/enlaces-de-interes\\\/\",\"name\":\"Enlaces de inter\u00e9s - MVZ Diabeteszentrum Dr. Tews GmbH\",\"isPartOf\":{\"@id\":\"https:\\\/\\\/www.tews-diabetes.de\\\/es\\\/#website\"},\"datePublished\":\"2016-06-28T18:43:49+00:00\",\"dateModified\":\"2023-11-23T09:23:48+00:00\",\"breadcrumb\":{\"@id\":\"https:\\\/\\\/www.tews-diabetes.de\\\/es\\\/servicios\\\/enlaces-de-interes\\\/#breadcrumb\"},\"inLanguage\":\"es\",\"potentialAction\":[{\"@type\":\"ReadAction\",\"target\":[\"https:\\\/\\\/www.tews-diabetes.de\\\/es\\\/servicios\\\/enlaces-de-interes\\\/\"]}]},{\"@type\":\"BreadcrumbList\",\"@id\":\"https:\\\/\\\/www.tews-diabetes.de\\\/es\\\/servicios\\\/enlaces-de-interes\\\/#breadcrumb\",\"itemListElement\":[{\"@type\":\"ListItem\",\"position\":1,\"name\":\"Startseite\",\"item\":\"https:\\\/\\\/www.tews-diabetes.de\\\/es\\\/\"},{\"@type\":\"ListItem\",\"position\":2,\"name\":\"Servicios\",\"item\":\"https:\\\/\\\/www.tews-diabetes.de\\\/es\\\/servicios\\\/\"},{\"@type\":\"ListItem\",\"position\":3,\"name\":\"Enlaces de inter\u00e9s\"}]},{\"@type\":\"WebSite\",\"@id\":\"https:\\\/\\\/www.tews-diabetes.de\\\/es\\\/#website\",\"url\":\"https:\\\/\\\/www.tews-diabetes.de\\\/es\\\/\",\"name\":\"MVZ Diabeteszentrum Dr. Tews GmbH\",\"description\":\"\",\"potentialAction\":[{\"@type\":\"SearchAction\",\"target\":{\"@type\":\"EntryPoint\",\"urlTemplate\":\"https:\\\/\\\/www.tews-diabetes.de\\\/es\\\/?s={search_term_string}\"},\"query-input\":{\"@type\":\"PropertyValueSpecification\",\"valueRequired\":true,\"valueName\":\"search_term_string\"}}],\"inLanguage\":\"es\"}]}<\/script>\n<!-- \/ Yoast SEO plugin. -->","yoast_head_json":{"title":"Enlaces de inter\u00e9s - MVZ Diabeteszentrum Dr. Tews GmbH","robots":{"index":"index","follow":"follow","max-snippet":"max-snippet:-1","max-image-preview":"max-image-preview:large","max-video-preview":"max-video-preview:-1"},"canonical":"https:\/\/www.tews-diabetes.de\/es\/servicios\/enlaces-de-interes\/","og_locale":"es_ES","og_type":"article","og_title":"Enlaces de inter\u00e9s - MVZ Diabeteszentrum Dr. Tews GmbH","og_description":"En los siguientes enlaces podr\u00e1 encontrar sitios de internet recomendados acerca de diabetes: www.diabetesde.org Asociaci\u00f3n para la ayuda de pacientes diab\u00e9ticos www.diabetes-deutschland.de Informaci\u00f3n acerca de diabetes www.diabetikerbund.de Asociaci\u00f3n de diab\u00e9ticos alemanes (grupos de ayuda) www.diabetologen-hessen.de Diabetologen eG Hessen www.diabetes-forum.de Informaci\u00f3n para pacientes con diabetes tipo 1 y 2 www.dge.de Asociaci\u00f3n alemana de alimentaci\u00f3n www.sekosgelnhausen.de Grupos &hellip;","og_url":"https:\/\/www.tews-diabetes.de\/es\/servicios\/enlaces-de-interes\/","og_site_name":"MVZ Diabeteszentrum Dr. Tews GmbH","article_modified_time":"2023-11-23T09:23:48+00:00","twitter_card":"summary_large_image","twitter_misc":{"Tiempo de lectura":"1 minuto"},"schema":{"@context":"https:\/\/schema.org","@graph":[{"@type":"WebPage","@id":"https:\/\/www.tews-diabetes.de\/es\/servicios\/enlaces-de-interes\/","url":"https:\/\/www.tews-diabetes.de\/es\/servicios\/enlaces-de-interes\/","name":"Enlaces de inter\u00e9s - MVZ Diabeteszentrum Dr. Tews GmbH","isPartOf":{"@id":"https:\/\/www.tews-diabetes.de\/es\/#website"},"datePublished":"2016-06-28T18:43:49+00:00","dateModified":"2023-11-23T09:23:48+00:00","breadcrumb":{"@id":"https:\/\/www.tews-diabetes.de\/es\/servicios\/enlaces-de-interes\/#breadcrumb"},"inLanguage":"es","potentialAction":[{"@type":"ReadAction","target":["https:\/\/www.tews-diabetes.de\/es\/servicios\/enlaces-de-interes\/"]}]},{"@type":"BreadcrumbList","@id":"https:\/\/www.tews-diabetes.de\/es\/servicios\/enlaces-de-interes\/#breadcrumb","itemListElement":[{"@type":"ListItem","position":1,"name":"Startseite","item":"https:\/\/www.tews-diabetes.de\/es\/"},{"@type":"ListItem","position":2,"name":"Servicios","item":"https:\/\/www.tews-diabetes.de\/es\/servicios\/"},{"@type":"ListItem","position":3,"name":"Enlaces de inter\u00e9s"}]},{"@type":"WebSite","@id":"https:\/\/www.tews-diabetes.de\/es\/#website","url":"https:\/\/www.tews-diabetes.de\/es\/","name":"MVZ Diabeteszentrum Dr. Tews GmbH","description":"","potentialAction":[{"@type":"SearchAction","target":{"@type":"EntryPoint","urlTemplate":"https:\/\/www.tews-diabetes.de\/es\/?s={search_term_string}"},"query-input":{"@type":"PropertyValueSpecification","valueRequired":true,"valueName":"search_term_string"}}],"inLanguage":"es"}]}},"_links":{"self":[{"href":"https:\/\/www.tews-diabetes.de\/es\/wp-json\/wp\/v2\/pages\/1215","targetHints":{"allow":["GET"]}}],"collection":[{"href":"https:\/\/www.tews-diabetes.de\/es\/wp-json\/wp\/v2\/pages"}],"about":[{"href":"https:\/\/www.tews-diabetes.de\/es\/wp-json\/wp\/v2\/types\/page"}],"author":[{"embeddable":true,"href":"https:\/\/www.tews-diabetes.de\/es\/wp-json\/wp\/v2\/users\/1"}],"replies":[{"embeddable":true,"href":"https:\/\/www.tews-diabetes.de\/es\/wp-json\/wp\/v2\/comments?post=1215"}],"version-history":[{"count":6,"href":"https:\/\/www.tews-diabetes.de\/es\/wp-json\/wp\/v2\/pages\/1215\/revisions"}],"predecessor-version":[{"id":6384,"href":"https:\/\/www.tews-diabetes.de\/es\/wp-json\/wp\/v2\/pages\/1215\/revisions\/6384"}],"up":[{"embeddable":true,"href":"https:\/\/www.tews-diabetes.de\/es\/wp-json\/wp\/v2\/pages\/1177"}],"wp:attachment":[{"href":"https:\/\/www.tews-diabetes.de\/es\/wp-json\/wp\/v2\/media?parent=1215"}],"curies":[{"name":"wp","href":"https:\/\/api.w.org\/{rel}","templated":true}]}}