{"id":1207,"date":"2016-07-09T21:38:37","date_gmt":"2016-07-09T19:38:37","guid":{"rendered":"https:\/\/www.tews-diabetes.de\/diabetologia\/therapie\/"},"modified":"2017-05-10T21:05:21","modified_gmt":"2017-05-10T19:05:21","slug":"tratamiento","status":"publish","type":"page","link":"https:\/\/www.tews-diabetes.de\/es\/diabetologia\/tratamiento\/","title":{"rendered":"Tratamiento"},"content":{"rendered":"<div id=\"pl-1207\"  class=\"panel-layout\" ><div id=\"pg-1207-0\"  class=\"panel-grid panel-no-style\" ><div id=\"pgc-1207-0-0\"  class=\"panel-grid-cell\" ><div id=\"panel-1207-0-0-0\" class=\"so-panel widget widget_sow-editor panel-first-child panel-last-child\" data-index=\"0\" ><div\n\t\t\t\n\t\t\tclass=\"so-widget-sow-editor so-widget-sow-editor-base\"\n\t\t\t\n\t\t><h2 class=\"widget-title\">Opciones de tratamiento para diabetes<\/h2>\n<div class=\"siteorigin-widget-tinymce textwidget\">\n\t<h3>Actividad f\u00edsica<\/h3>\n<p>La actividad f\u00edsica estimula los sentidos y lo mantiene en mejor condici\u00f3n. A trav\u00e9s de un incremento en la acci\u00f3n de la insulina, la actividad f\u00edsica reduce los niveles de glucosa; el mismo efecto produce si realiza una caminata, corta el c\u00e9sped o limpia las ventanas; lo que importa es la intensidad y la duraci\u00f3n de la actividad f\u00edsica. Una caminata diaria de 30 minutos mejora los niveles de glucosa y con eso la calidad de vida a largo plazo. As\u00ed mismo la presi\u00f3n arterial y los niveles de l\u00edpidos disminuyen a trav\u00e9s de una actividad f\u00edsica regular, frecuentemente son necesarios tambi\u00e9n menos medicamentos.<\/p>\n<p>A trav\u00e9s de la actividad f\u00edsica el aumento de peso es menor, y para diab\u00e9ticos tipo 2 es una buena opci\u00f3n para conservar su peso. Con la actividad f\u00edsica debe de poder conversar sin falta de aire, pero tambi\u00e9n notar que comienza a sudar un poco, es entonces cuando habr\u00e1 encontrado un buen equilibrio en la intensidad de la actividad f\u00edsica, rep\u00edtalo de preferencia diariamente. En caso de no ser posible realizar alguna actividad f\u00edsica diario, use el tiempo durante los fines de semana o cuando haya buen clima para realizar un recorrido en bicicleta o una caminata m\u00e1s extensa. Durante el invierno una caminadora puede ser una buena opci\u00f3n, utilice buena m\u00fasica para hacer m\u00e1s sencillo el entrenamiento.<\/p>\n<p>En los cursos de diabetes observamos el nivel de glucosa durante un paseo de 30 minutos. En el tratamiento con insulina recibir\u00e1n consejos de mucha ayuda para realizar un ajuste en la dosis de insulina.<\/p>\n<h3>Comida saludable<\/h3>\n<p><img loading=\"lazy\" decoding=\"async\" class=\"alignright size-medium wp-image-313\" src=\"\/wp-content\/uploads\/tews-diabetes-kochkurs-09-300x200.jpg\" sizes=\"auto, (max-width: 300px) 100vw, 300px\" srcset=\"\/wp-content\/uploads\/tews-diabetes-kochkurs-09-300x200.jpg 300w, \/wp-content\/uploads\/tews-diabetes-kochkurs-09-1030x686.jpg 1030w, \/wp-content\/uploads\/tews-diabetes-kochkurs-09-360x240.jpg 360w, \/wp-content\/uploads\/tews-diabetes-kochkurs-09-555x370.jpg 555w, \/wp-content\/uploads\/tews-diabetes-kochkurs-09-272x182.jpg 272w, \/wp-content\/uploads\/tews-diabetes-kochkurs-09.jpg 1280w\" alt=\"tews-diabetes-kochkurs-09\" width=\"300\" height=\"200\" \/>Una comida variada con carne, pescado, verdura, productos l\u00e1cteos, nueces y productos ricos en almid\u00f3n como legumbres, papas, arroz y pasta es saludable para usted. Al realizar 3 comidas al d\u00eda puede mantener su peso y quedar\u00e1 satisfecho, sobre todo acompa\u00f1ado de muchas verduras y ensalada. La carne asada, filetes rellenos, estofado de carne o bistec son ricos al paladar y mejor que los embutidos o salchichas. Si desea acompa\u00f1ar su comida con una salsa, ase diversas verduras como por ejemplo zanahoria, cebolla y apio, y prepare con eso una deliciosa salsa.<\/p>\n<p>Para muchos es de gran ayuda evitar bebidas endulzadas o entrecomidas con alimentos dulces o postres, de esta forma el apetito se estimular\u00e1 menos. La fruta es mejor que cualquier jugo, lo recomendable son dos porciones de fruta al d\u00eda, una porci\u00f3n puede ser medida como un manojo. En nuestra secci\u00f3n de descargas puede encontrar algunos consejos y recetas. En los cursos de diabetes podr\u00e1 observar el efecto de las comidas en el perfil gluc\u00e9mico; el intercambio de experiencias entre los asistentes puede a su vez brindar buenas ideas para la vida cotidiana.<\/p>\n<h3>Medicamentos<\/h3>\n<p>Para la selecci\u00f3n del tratamiento nos regimos por los est\u00e1ndares actuales cient\u00edficos, as\u00ed mismo se toma en cuenta la seguridad de los medicamentos (protecci\u00f3n contra efectos adversos no deseados).<\/p>\n<p>En el caso de diabetes tipo 1 se requiere siempre insulina debido a la falta de secreci\u00f3n de insulina. En conjunto con usted seleccionamos la insulina de corta y larga acci\u00f3n que m\u00e1s se adapte a su estilo de vida y comportamiento metab\u00f3lico. En caso de ser necesario, una bomba de insulina puede ser una opci\u00f3n de tratamiento.\u00a0<\/p>\n<p>En diabetes tipo 2 las opciones de tratamiento disponibles comprenden tabletas, medicamentos inyectables y en caso necesario insulina. Para ello ponemos a su disposici\u00f3n nuestra experiencia para seleccionar el tratamiento o la combinaci\u00f3n de medicamentos que mejor se adec\u00fae a usted. En caso de intolerancia a alg\u00fan medicamento, buscamos alguna alternativa apropiada.\u00a0<\/p>\n<\/div>\n<\/div><\/div><\/div><\/div><\/div>","protected":false},"excerpt":{"rendered":"<p>Actividad f\u00edsicaLa actividad f\u00edsica estimula los sentidos y lo mantiene en mejor condici\u00f3n. A trav\u00e9s de un incremento en la acci\u00f3n de la insulina, la actividad f\u00edsica reduce los niveles de glucosa; el mismo efecto produce si realiza una caminata, corta el c\u00e9sped o limpia las ventanas; lo que importa es la intensidad y la &hellip;<\/p>\n","protected":false},"author":1,"featured_media":0,"parent":1167,"menu_order":0,"comment_status":"closed","ping_status":"closed","template":"template-builder-page.php","meta":{"_acf_changed":false,"footnotes":""},"class_list":["post-1207","page","type-page","status-publish","hentry"],"acf":[],"yoast_head":"<!-- This site is optimized with the Yoast SEO plugin v27.5 - https:\/\/yoast.com\/product\/yoast-seo-wordpress\/ -->\n<title>Tratamiento - MVZ Diabeteszentrum Dr. Tews GmbH<\/title>\n<meta name=\"robots\" content=\"index, follow, max-snippet:-1, max-image-preview:large, max-video-preview:-1\" \/>\n<link rel=\"canonical\" href=\"https:\/\/www.tews-diabetes.de\/es\/diabetologia\/tratamiento\/\" \/>\n<meta property=\"og:locale\" content=\"es_ES\" \/>\n<meta property=\"og:type\" content=\"article\" \/>\n<meta property=\"og:title\" content=\"Tratamiento - MVZ Diabeteszentrum Dr. Tews GmbH\" \/>\n<meta property=\"og:description\" content=\"Actividad f\u00edsicaLa actividad f\u00edsica estimula los sentidos y lo mantiene en mejor condici\u00f3n. A trav\u00e9s de un incremento en la acci\u00f3n de la insulina, la actividad f\u00edsica reduce los niveles de glucosa; el mismo efecto produce si realiza una caminata, corta el c\u00e9sped o limpia las ventanas; lo que importa es la intensidad y la &hellip;\" \/>\n<meta property=\"og:url\" content=\"https:\/\/www.tews-diabetes.de\/es\/diabetologia\/tratamiento\/\" \/>\n<meta property=\"og:site_name\" content=\"MVZ Diabeteszentrum Dr. Tews GmbH\" \/>\n<meta property=\"article:modified_time\" content=\"2017-05-10T19:05:21+00:00\" \/>\n<meta property=\"og:image\" content=\"https:\/\/www.tews-diabetes.de\/wp-content\/uploads\/tews-diabetes-kochkurs-09-300x200.jpg\" \/>\n<meta name=\"twitter:card\" content=\"summary_large_image\" \/>\n<meta name=\"twitter:label1\" content=\"Tiempo de lectura\" \/>\n\t<meta name=\"twitter:data1\" content=\"3 minutos\" \/>\n<script type=\"application\/ld+json\" class=\"yoast-schema-graph\">{\"@context\":\"https:\\\/\\\/schema.org\",\"@graph\":[{\"@type\":\"WebPage\",\"@id\":\"https:\\\/\\\/www.tews-diabetes.de\\\/es\\\/diabetologia\\\/tratamiento\\\/\",\"url\":\"https:\\\/\\\/www.tews-diabetes.de\\\/es\\\/diabetologia\\\/tratamiento\\\/\",\"name\":\"Tratamiento - MVZ Diabeteszentrum Dr. Tews GmbH\",\"isPartOf\":{\"@id\":\"https:\\\/\\\/www.tews-diabetes.de\\\/es\\\/#website\"},\"datePublished\":\"2016-07-09T19:38:37+00:00\",\"dateModified\":\"2017-05-10T19:05:21+00:00\",\"breadcrumb\":{\"@id\":\"https:\\\/\\\/www.tews-diabetes.de\\\/es\\\/diabetologia\\\/tratamiento\\\/#breadcrumb\"},\"inLanguage\":\"es\",\"potentialAction\":[{\"@type\":\"ReadAction\",\"target\":[\"https:\\\/\\\/www.tews-diabetes.de\\\/es\\\/diabetologia\\\/tratamiento\\\/\"]}]},{\"@type\":\"BreadcrumbList\",\"@id\":\"https:\\\/\\\/www.tews-diabetes.de\\\/es\\\/diabetologia\\\/tratamiento\\\/#breadcrumb\",\"itemListElement\":[{\"@type\":\"ListItem\",\"position\":1,\"name\":\"Startseite\",\"item\":\"https:\\\/\\\/www.tews-diabetes.de\\\/es\\\/\"},{\"@type\":\"ListItem\",\"position\":2,\"name\":\"Diabetolog\u00eda\",\"item\":\"https:\\\/\\\/www.tews-diabetes.de\\\/es\\\/diabetologia\\\/\"},{\"@type\":\"ListItem\",\"position\":3,\"name\":\"Tratamiento\"}]},{\"@type\":\"WebSite\",\"@id\":\"https:\\\/\\\/www.tews-diabetes.de\\\/es\\\/#website\",\"url\":\"https:\\\/\\\/www.tews-diabetes.de\\\/es\\\/\",\"name\":\"MVZ Diabeteszentrum Dr. Tews GmbH\",\"description\":\"\",\"potentialAction\":[{\"@type\":\"SearchAction\",\"target\":{\"@type\":\"EntryPoint\",\"urlTemplate\":\"https:\\\/\\\/www.tews-diabetes.de\\\/es\\\/?s={search_term_string}\"},\"query-input\":{\"@type\":\"PropertyValueSpecification\",\"valueRequired\":true,\"valueName\":\"search_term_string\"}}],\"inLanguage\":\"es\"}]}<\/script>\n<!-- \/ Yoast SEO plugin. -->","yoast_head_json":{"title":"Tratamiento - MVZ Diabeteszentrum Dr. Tews GmbH","robots":{"index":"index","follow":"follow","max-snippet":"max-snippet:-1","max-image-preview":"max-image-preview:large","max-video-preview":"max-video-preview:-1"},"canonical":"https:\/\/www.tews-diabetes.de\/es\/diabetologia\/tratamiento\/","og_locale":"es_ES","og_type":"article","og_title":"Tratamiento - MVZ Diabeteszentrum Dr. Tews GmbH","og_description":"Actividad f\u00edsicaLa actividad f\u00edsica estimula los sentidos y lo mantiene en mejor condici\u00f3n. A trav\u00e9s de un incremento en la acci\u00f3n de la insulina, la actividad f\u00edsica reduce los niveles de glucosa; el mismo efecto produce si realiza una caminata, corta el c\u00e9sped o limpia las ventanas; lo que importa es la intensidad y la &hellip;","og_url":"https:\/\/www.tews-diabetes.de\/es\/diabetologia\/tratamiento\/","og_site_name":"MVZ Diabeteszentrum Dr. Tews GmbH","article_modified_time":"2017-05-10T19:05:21+00:00","og_image":[{"url":"https:\/\/www.tews-diabetes.de\/wp-content\/uploads\/tews-diabetes-kochkurs-09-300x200.jpg","type":"","width":"","height":""}],"twitter_card":"summary_large_image","twitter_misc":{"Tiempo de lectura":"3 minutos"},"schema":{"@context":"https:\/\/schema.org","@graph":[{"@type":"WebPage","@id":"https:\/\/www.tews-diabetes.de\/es\/diabetologia\/tratamiento\/","url":"https:\/\/www.tews-diabetes.de\/es\/diabetologia\/tratamiento\/","name":"Tratamiento - MVZ Diabeteszentrum Dr. Tews GmbH","isPartOf":{"@id":"https:\/\/www.tews-diabetes.de\/es\/#website"},"datePublished":"2016-07-09T19:38:37+00:00","dateModified":"2017-05-10T19:05:21+00:00","breadcrumb":{"@id":"https:\/\/www.tews-diabetes.de\/es\/diabetologia\/tratamiento\/#breadcrumb"},"inLanguage":"es","potentialAction":[{"@type":"ReadAction","target":["https:\/\/www.tews-diabetes.de\/es\/diabetologia\/tratamiento\/"]}]},{"@type":"BreadcrumbList","@id":"https:\/\/www.tews-diabetes.de\/es\/diabetologia\/tratamiento\/#breadcrumb","itemListElement":[{"@type":"ListItem","position":1,"name":"Startseite","item":"https:\/\/www.tews-diabetes.de\/es\/"},{"@type":"ListItem","position":2,"name":"Diabetolog\u00eda","item":"https:\/\/www.tews-diabetes.de\/es\/diabetologia\/"},{"@type":"ListItem","position":3,"name":"Tratamiento"}]},{"@type":"WebSite","@id":"https:\/\/www.tews-diabetes.de\/es\/#website","url":"https:\/\/www.tews-diabetes.de\/es\/","name":"MVZ Diabeteszentrum Dr. Tews GmbH","description":"","potentialAction":[{"@type":"SearchAction","target":{"@type":"EntryPoint","urlTemplate":"https:\/\/www.tews-diabetes.de\/es\/?s={search_term_string}"},"query-input":{"@type":"PropertyValueSpecification","valueRequired":true,"valueName":"search_term_string"}}],"inLanguage":"es"}]}},"_links":{"self":[{"href":"https:\/\/www.tews-diabetes.de\/es\/wp-json\/wp\/v2\/pages\/1207","targetHints":{"allow":["GET"]}}],"collection":[{"href":"https:\/\/www.tews-diabetes.de\/es\/wp-json\/wp\/v2\/pages"}],"about":[{"href":"https:\/\/www.tews-diabetes.de\/es\/wp-json\/wp\/v2\/types\/page"}],"author":[{"embeddable":true,"href":"https:\/\/www.tews-diabetes.de\/es\/wp-json\/wp\/v2\/users\/1"}],"replies":[{"embeddable":true,"href":"https:\/\/www.tews-diabetes.de\/es\/wp-json\/wp\/v2\/comments?post=1207"}],"version-history":[{"count":4,"href":"https:\/\/www.tews-diabetes.de\/es\/wp-json\/wp\/v2\/pages\/1207\/revisions"}],"predecessor-version":[{"id":1297,"href":"https:\/\/www.tews-diabetes.de\/es\/wp-json\/wp\/v2\/pages\/1207\/revisions\/1297"}],"up":[{"embeddable":true,"href":"https:\/\/www.tews-diabetes.de\/es\/wp-json\/wp\/v2\/pages\/1167"}],"wp:attachment":[{"href":"https:\/\/www.tews-diabetes.de\/es\/wp-json\/wp\/v2\/media?parent=1207"}],"curies":[{"name":"wp","href":"https:\/\/api.w.org\/{rel}","templated":true}]}}