{"id":1203,"date":"2016-06-28T20:33:57","date_gmt":"2016-06-28T18:33:57","guid":{"rendered":"https:\/\/www.tews-diabetes.de\/clinica\/qualitaet\/"},"modified":"2023-11-20T12:18:23","modified_gmt":"2023-11-20T11:18:23","slug":"calidad","status":"publish","type":"page","link":"https:\/\/www.tews-diabetes.de\/es\/clinica\/calidad\/","title":{"rendered":"Calidad"},"content":{"rendered":"<div id=\"pl-1203\"  class=\"panel-layout\" ><div id=\"pg-1203-0\"  class=\"panel-grid panel-no-style\" ><div id=\"pgc-1203-0-0\"  class=\"panel-grid-cell\" ><div id=\"panel-1203-0-0-0\" class=\"so-panel widget widget_sow-editor panel-first-child panel-last-child\" data-index=\"0\" ><div\n\t\t\t\n\t\t\tclass=\"so-widget-sow-editor so-widget-sow-editor-base\"\n\t\t\t\n\t\t><h2 class=\"widget-title\">Aplicando una buena calidad con pasi\u00f3n<\/h2>\n<div class=\"siteorigin-widget-tinymce textwidget\">\n\t<p>Esto significa para nosotros la constante informaci\u00f3n sobre las novedades cient\u00edficas actuales en congresos y cursos de formaci\u00f3n, as\u00ed como el intercambio regular de conocimientos dentro de nuestro equipo. A trav\u00e9s de ello podemos garantizar el tratamiento seguro e innovador, as\u00ed como cumplir las exigencias del tratamiento diab\u00e9tico.<\/p>\n<\/div>\n<\/div><\/div><\/div><\/div><div id=\"pg-1203-1\"  class=\"panel-grid panel-no-style\" ><div id=\"pgc-1203-1-0\"  class=\"panel-grid-cell\" ><div id=\"panel-1203-1-0-0\" class=\"so-panel widget widget_sow-editor panel-first-child panel-last-child\" data-index=\"1\" ><div\n\t\t\t\n\t\t\tclass=\"so-widget-sow-editor so-widget-sow-editor-base\"\n\t\t\t\n\t\t>\n<div class=\"siteorigin-widget-tinymce textwidget\">\n\t<h3>Certificaciones<\/h3>\n<p>La cl\u00ednica est\u00e1 certificada desde el 2009 como Centro de Diabetes para el tratamiento ambulatorio de pacientes con diabetes tipo 1 y tipo 2, y cumple con los criterios de calidad establecidos por la Asociaci\u00f3n Alemana de Diabetes (DDG), dentro de los siguientes puntos:<\/p>\n<ul>\n<li>Diagn\u00f3stico<\/li>\n<li>Tratamiento<\/li>\n<li>Cursos de diabetes<\/li>\n<li>Seguimiento m\u00e9dico<\/li>\n<li>Cooperaci\u00f3n con otros m\u00e9dicos especialistas<\/li>\n<\/ul>\n<p>Desde el 2011 cumplimos con los requisitos de calidad en la cl\u00ednica para el pie diab\u00e9tico y estamos certificados como Cl\u00ednica para el tratamiento ambulante del pie diab\u00e9tico.<\/p>\n<p>En los pacientes diab\u00e9ticos las heridas requieren un tratamiento y cuidado especial; sobretodo heridas en los pies exigen un tratamiento especializado. En nuestra cl\u00ednica del pie diab\u00e9tico se encuentran especialistas en heridas que se encargan de la r\u00e1pida curaci\u00f3n para as\u00ed evitar una posible amputaci\u00f3n.<\/p>\n<\/div>\n<\/div><\/div><\/div><div id=\"pgc-1203-1-1\"  class=\"panel-grid-cell\" ><div id=\"panel-1203-1-1-0\" class=\"so-panel widget widget_sow-editor panel-first-child\" data-index=\"2\" ><div\n\t\t\t\n\t\t\tclass=\"so-widget-sow-editor so-widget-sow-editor-base\"\n\t\t\t\n\t\t>\n<div class=\"siteorigin-widget-tinymce textwidget\">\n\t<p><a href=\"\/wp-content\/uploads\/Urkunde-DDG-bis-03.03.2025.pdf\" target=\"_blank\" rel=\"noopener\"><img loading=\"lazy\" decoding=\"async\" class=\"alignnone size-full wp-image-5378\" src=\"https:\/\/www.tews-diabetes.de\/wp-content\/uploads\/DDG-Urkunde-bis-03.03.2025.jpg\" alt=\"\" width=\"584\" height=\"827\" srcset=\"https:\/\/www.tews-diabetes.de\/wp-content\/uploads\/DDG-Urkunde-bis-03.03.2025.jpg 584w, https:\/\/www.tews-diabetes.de\/wp-content\/uploads\/DDG-Urkunde-bis-03.03.2025-212x300.jpg 212w, https:\/\/www.tews-diabetes.de\/wp-content\/uploads\/DDG-Urkunde-bis-03.03.2025-392x555.jpg 392w\" sizes=\"auto, (max-width: 584px) 100vw, 584px\" \/><\/a><\/p>\n<\/div>\n<\/div><\/div><div id=\"panel-1203-1-1-1\" class=\"so-panel widget widget_sow-editor panel-last-child\" data-index=\"3\" ><div\n\t\t\t\n\t\t\tclass=\"so-widget-sow-editor so-widget-sow-editor-base\"\n\t\t\t\n\t\t>\n<div class=\"siteorigin-widget-tinymce textwidget\">\n\t<p><a  href=\"https:\/\/www.tews-diabetes.de\/wp-content\/uploads\/Evrsense-Zertifikat.jpg\" data-rel=\"lightbox-gallery-0\" data-rl_title=\"\" data-rl_caption=\"\" title=\"\"><img loading=\"lazy\" decoding=\"async\" class=\"alignnone wp-image-4153 size-medium\" src=\"https:\/\/www.tews-diabetes.de\/wp-content\/uploads\/Evrsense-Zertifikat-300x231.jpg\" alt=\"\" width=\"300\" height=\"231\" srcset=\"https:\/\/www.tews-diabetes.de\/wp-content\/uploads\/Evrsense-Zertifikat-300x231.jpg 300w, https:\/\/www.tews-diabetes.de\/wp-content\/uploads\/Evrsense-Zertifikat-1030x792.jpg 1030w, https:\/\/www.tews-diabetes.de\/wp-content\/uploads\/Evrsense-Zertifikat-555x427.jpg 555w, https:\/\/www.tews-diabetes.de\/wp-content\/uploads\/Evrsense-Zertifikat.jpg 1184w\" sizes=\"auto, (max-width: 300px) 100vw, 300px\" \/><\/a><\/p>\n<\/div>\n<\/div><\/div><\/div><div id=\"pgc-1203-1-2\"  class=\"panel-grid-cell\" ><div id=\"panel-1203-1-2-0\" class=\"so-panel widget widget_sow-editor panel-first-child\" data-index=\"4\" ><div\n\t\t\t\n\t\t\tclass=\"so-widget-sow-editor so-widget-sow-editor-base\"\n\t\t\t\n\t\t>\n<div class=\"siteorigin-widget-tinymce textwidget\">\n\t<p><a href=\"https:\/\/www.tews-diabetes.de\/wp-content\/uploads\/Urkunde-Fuss-20222.png\" data-rel=\"lightbox-gallery-0\" data-rl_title=\"\" data-rl_caption=\"\" title=\"\"><img loading=\"lazy\" decoding=\"async\" class=\"alignnone size-full wp-image-5378\" src=\"https:\/\/www.tews-diabetes.de\/wp-content\/uploads\/Urkunde-Fuss-20222.png\" alt=\"\" width=\"607\" height=\"863\" \/><\/a><\/p>\n<\/div>\n<\/div><\/div><div id=\"panel-1203-1-2-1\" class=\"so-panel widget widget_sow-editor panel-last-child\" data-index=\"5\" ><div\n\t\t\t\n\t\t\tclass=\"so-widget-sow-editor so-widget-sow-editor-base\"\n\t\t\t\n\t\t>\n<div class=\"siteorigin-widget-tinymce textwidget\">\n\t<p><a  href=\"https:\/\/www.tews-diabetes.de\/wp-content\/uploads\/Lehrpraxis-bearbeitet.jpg\" data-rel=\"lightbox-gallery-0\" data-rl_title=\"\" data-rl_caption=\"\" title=\"\"><img loading=\"lazy\" decoding=\"async\" class=\"alignnone wp-image-6260 size-medium\" src=\"https:\/\/www.tews-diabetes.de\/wp-content\/uploads\/Lehrpraxis-bearbeitet-212x300.jpg\" alt=\"\" width=\"212\" height=\"300\" srcset=\"https:\/\/www.tews-diabetes.de\/wp-content\/uploads\/Lehrpraxis-bearbeitet-212x300.jpg 212w, https:\/\/www.tews-diabetes.de\/wp-content\/uploads\/Lehrpraxis-bearbeitet-392x555.jpg 392w, https:\/\/www.tews-diabetes.de\/wp-content\/uploads\/Lehrpraxis-bearbeitet.jpg 613w\" sizes=\"auto, (max-width: 212px) 100vw, 212px\" \/><\/a><\/p>\n<\/div>\n<\/div><\/div><\/div><\/div><div id=\"pg-1203-2\"  class=\"panel-grid panel-has-style\" ><div id=\"qualitaetssicherung\" class=\"panel-row-style panel-row-style-for-1203-2\" ><div id=\"pgc-1203-2-0\"  class=\"panel-grid-cell\" ><div id=\"panel-1203-2-0-0\" class=\"so-panel widget widget_sow-editor panel-first-child panel-last-child\" data-index=\"6\" ><div\n\t\t\t\n\t\t\tclass=\"so-widget-sow-editor so-widget-sow-editor-base\"\n\t\t\t\n\t\t>\n<div class=\"siteorigin-widget-tinymce textwidget\">\n\t<h3>Control de calidad<\/h3>\n<p>Nuestros medios diagn\u00f3sticos, por ejemplo para medici\u00f3n de glucosa, hemoglobina glucosilada (HbA1c) o presi\u00f3n arterial, son constantemente controlados seg\u00fan los est\u00e1ndares m\u00e9dicos y legales. Capacitaciones en urgencias y <img loading=\"lazy\" decoding=\"async\" class=\"size-medium wp-image-4626 alignright\" src=\"https:\/\/www.tews-diabetes.de\/wp-content\/uploads\/Odete-2-207x300.jpg\" alt=\"\" width=\"207\" height=\"300\" srcset=\"https:\/\/www.tews-diabetes.de\/wp-content\/uploads\/Odete-2-207x300.jpg 207w, https:\/\/www.tews-diabetes.de\/wp-content\/uploads\/Odete-2-711x1030.jpg 711w, https:\/\/www.tews-diabetes.de\/wp-content\/uploads\/Odete-2-1060x1536.jpg 1060w, https:\/\/www.tews-diabetes.de\/wp-content\/uploads\/Odete-2-1413x2048.jpg 1413w, https:\/\/www.tews-diabetes.de\/wp-content\/uploads\/Odete-2-383x555.jpg 383w, https:\/\/www.tews-diabetes.de\/wp-content\/uploads\/Odete-2-scaled.jpg 1766w\" sizes=\"auto, (max-width: 207px) 100vw, 207px\" \/>primeros auxilios, normas de higiene y diversos temas como la protecci\u00f3n de datos, se llevan a cabo regularmente para la seguridad de nuestros pacientes y trabajadores. Dentro de la cl\u00ednica existe un intercambio peri\u00f3dico para mejorar continuamente nuestro trabajo. Pueden ocurrir errores, sin embargo queremos que no se repitan. Ay\u00fadenos al respecto e inf\u00f3rmenos cuando vea que algo sale mal o fue pasado por alto; tomaremos en serio sus cr\u00edticas para la mejor\u00eda de nuestra cl\u00ednica.<\/p>\n<h3>Pr\u00e1cticas<\/h3>\n<p>Ofrecemos la posibilidad de hacer una pr\u00e1ctica en el marco de certificaciones de la Asociaci\u00f3n Alemana de Diabetes (DDG) y en el \u00e1rea de capacitaci\u00f3n para:<\/p>\n<ul>\n<li>Diabet\u00f3logos DDG<\/li>\n<li>Diabet\u00f3logos L\u00c4K<\/li>\n<li>Asesores de diabetes DDG<\/li>\n<li>Asistentes en diabetes DDG<\/li>\n<li>Pod\u00f3logos<\/li>\n<li>Experto en heridas ICW<\/li>\n<\/ul>\n<h3>Adicionalmente contamos con la autorizaci\u00f3n para la formaci\u00f3n m\u00e9dica en:<\/h3>\n<ul>\n<li>Medicina interna<\/li>\n<li>Diabetolog\u00eda<\/li>\n<\/ul>\n<h3>Programa de cursos de diabetes para personal calificado:<\/h3>\n<ul>\n<li>Seminario de entrenamiento para cursos de diabetes para pacientes geri\u00e1tricos<\/li>\n<li>Seminario de entrenamiento para cursos de hipertensi\u00f3n (Gr\u00fc\u00dfer\/J\u00f6rgens)<\/li>\n<li>Seminario de entrenamiento para cursos con el programa \u201cConversation Map\u201d<\/li>\n<li>Seminario de entrenamiento para cursos en turco con el programa \u201cConversation Map\u201d<\/li>\n<li>Seminario de entrenamiento para diabetes tipo 1 y 2 (Gr\u00fc\u00dfer\/J\u00f6rgens)<\/li>\n<li>Capacitaci\u00f3n para personal de cuidados de la salud<\/li>\n<\/ul>\n<\/div>\n<\/div><\/div><\/div><\/div><\/div><\/div>","protected":false},"excerpt":{"rendered":"<p>Esto significa para nosotros la constante informaci\u00f3n sobre las novedades cient\u00edficas actuales en congresos y cursos de formaci\u00f3n, as\u00ed como el intercambio regular de conocimientos dentro de nuestro equipo. A trav\u00e9s de ello podemos garantizar el tratamiento seguro e innovador, as\u00ed como cumplir las exigencias del tratamiento diab\u00e9tico. Certificaciones La cl\u00ednica est\u00e1 certificada desde el &hellip;<\/p>\n","protected":false},"author":1,"featured_media":0,"parent":1162,"menu_order":2,"comment_status":"closed","ping_status":"closed","template":"template-builder-page.php","meta":{"_acf_changed":false,"footnotes":""},"class_list":["post-1203","page","type-page","status-publish","hentry"],"acf":[],"yoast_head":"<!-- This site is optimized with the Yoast SEO plugin v27.5 - https:\/\/yoast.com\/product\/yoast-seo-wordpress\/ -->\n<title>Calidad - MVZ Diabeteszentrum Dr. Tews GmbH<\/title>\n<meta name=\"robots\" content=\"index, follow, max-snippet:-1, max-image-preview:large, max-video-preview:-1\" \/>\n<link rel=\"canonical\" href=\"https:\/\/www.tews-diabetes.de\/es\/clinica\/calidad\/\" \/>\n<meta property=\"og:locale\" content=\"es_ES\" \/>\n<meta property=\"og:type\" content=\"article\" \/>\n<meta property=\"og:title\" content=\"Calidad - MVZ Diabeteszentrum Dr. Tews GmbH\" \/>\n<meta property=\"og:description\" content=\"Esto significa para nosotros la constante informaci\u00f3n sobre las novedades cient\u00edficas actuales en congresos y cursos de formaci\u00f3n, as\u00ed como el intercambio regular de conocimientos dentro de nuestro equipo. A trav\u00e9s de ello podemos garantizar el tratamiento seguro e innovador, as\u00ed como cumplir las exigencias del tratamiento diab\u00e9tico. Certificaciones La cl\u00ednica est\u00e1 certificada desde el &hellip;\" \/>\n<meta property=\"og:url\" content=\"https:\/\/www.tews-diabetes.de\/es\/clinica\/calidad\/\" \/>\n<meta property=\"og:site_name\" content=\"MVZ Diabeteszentrum Dr. Tews GmbH\" \/>\n<meta property=\"article:modified_time\" content=\"2023-11-20T11:18:23+00:00\" \/>\n<meta property=\"og:image\" content=\"https:\/\/www.tews-diabetes.de\/wp-content\/uploads\/DDG-Urkunde-bis-03.03.2025.jpg\" \/>\n<meta name=\"twitter:card\" content=\"summary_large_image\" \/>\n<meta name=\"twitter:label1\" content=\"Tiempo de lectura\" \/>\n\t<meta name=\"twitter:data1\" content=\"4 minutos\" \/>\n<script type=\"application\/ld+json\" class=\"yoast-schema-graph\">{\"@context\":\"https:\\\/\\\/schema.org\",\"@graph\":[{\"@type\":\"WebPage\",\"@id\":\"https:\\\/\\\/www.tews-diabetes.de\\\/es\\\/clinica\\\/calidad\\\/\",\"url\":\"https:\\\/\\\/www.tews-diabetes.de\\\/es\\\/clinica\\\/calidad\\\/\",\"name\":\"Calidad - MVZ Diabeteszentrum Dr. Tews GmbH\",\"isPartOf\":{\"@id\":\"https:\\\/\\\/www.tews-diabetes.de\\\/es\\\/#website\"},\"primaryImageOfPage\":{\"@id\":\"https:\\\/\\\/www.tews-diabetes.de\\\/es\\\/clinica\\\/calidad\\\/#primaryimage\"},\"image\":{\"@id\":\"https:\\\/\\\/www.tews-diabetes.de\\\/es\\\/clinica\\\/calidad\\\/#primaryimage\"},\"thumbnailUrl\":\"https:\\\/\\\/www.tews-diabetes.de\\\/wp-content\\\/uploads\\\/DDG-Urkunde-bis-03.03.2025.jpg\",\"datePublished\":\"2016-06-28T18:33:57+00:00\",\"dateModified\":\"2023-11-20T11:18:23+00:00\",\"breadcrumb\":{\"@id\":\"https:\\\/\\\/www.tews-diabetes.de\\\/es\\\/clinica\\\/calidad\\\/#breadcrumb\"},\"inLanguage\":\"es\",\"potentialAction\":[{\"@type\":\"ReadAction\",\"target\":[\"https:\\\/\\\/www.tews-diabetes.de\\\/es\\\/clinica\\\/calidad\\\/\"]}]},{\"@type\":\"ImageObject\",\"inLanguage\":\"es\",\"@id\":\"https:\\\/\\\/www.tews-diabetes.de\\\/es\\\/clinica\\\/calidad\\\/#primaryimage\",\"url\":\"https:\\\/\\\/www.tews-diabetes.de\\\/wp-content\\\/uploads\\\/DDG-Urkunde-bis-03.03.2025.jpg\",\"contentUrl\":\"https:\\\/\\\/www.tews-diabetes.de\\\/wp-content\\\/uploads\\\/DDG-Urkunde-bis-03.03.2025.jpg\"},{\"@type\":\"BreadcrumbList\",\"@id\":\"https:\\\/\\\/www.tews-diabetes.de\\\/es\\\/clinica\\\/calidad\\\/#breadcrumb\",\"itemListElement\":[{\"@type\":\"ListItem\",\"position\":1,\"name\":\"Startseite\",\"item\":\"https:\\\/\\\/www.tews-diabetes.de\\\/es\\\/\"},{\"@type\":\"ListItem\",\"position\":2,\"name\":\"Cl\u00ednica\",\"item\":\"https:\\\/\\\/www.tews-diabetes.de\\\/es\\\/clinica\\\/\"},{\"@type\":\"ListItem\",\"position\":3,\"name\":\"Calidad\"}]},{\"@type\":\"WebSite\",\"@id\":\"https:\\\/\\\/www.tews-diabetes.de\\\/es\\\/#website\",\"url\":\"https:\\\/\\\/www.tews-diabetes.de\\\/es\\\/\",\"name\":\"MVZ Diabeteszentrum Dr. Tews GmbH\",\"description\":\"\",\"potentialAction\":[{\"@type\":\"SearchAction\",\"target\":{\"@type\":\"EntryPoint\",\"urlTemplate\":\"https:\\\/\\\/www.tews-diabetes.de\\\/es\\\/?s={search_term_string}\"},\"query-input\":{\"@type\":\"PropertyValueSpecification\",\"valueRequired\":true,\"valueName\":\"search_term_string\"}}],\"inLanguage\":\"es\"}]}<\/script>\n<!-- \/ Yoast SEO plugin. -->","yoast_head_json":{"title":"Calidad - MVZ Diabeteszentrum Dr. Tews GmbH","robots":{"index":"index","follow":"follow","max-snippet":"max-snippet:-1","max-image-preview":"max-image-preview:large","max-video-preview":"max-video-preview:-1"},"canonical":"https:\/\/www.tews-diabetes.de\/es\/clinica\/calidad\/","og_locale":"es_ES","og_type":"article","og_title":"Calidad - MVZ Diabeteszentrum Dr. Tews GmbH","og_description":"Esto significa para nosotros la constante informaci\u00f3n sobre las novedades cient\u00edficas actuales en congresos y cursos de formaci\u00f3n, as\u00ed como el intercambio regular de conocimientos dentro de nuestro equipo. A trav\u00e9s de ello podemos garantizar el tratamiento seguro e innovador, as\u00ed como cumplir las exigencias del tratamiento diab\u00e9tico. Certificaciones La cl\u00ednica est\u00e1 certificada desde el &hellip;","og_url":"https:\/\/www.tews-diabetes.de\/es\/clinica\/calidad\/","og_site_name":"MVZ Diabeteszentrum Dr. Tews GmbH","article_modified_time":"2023-11-20T11:18:23+00:00","og_image":[{"url":"https:\/\/www.tews-diabetes.de\/wp-content\/uploads\/DDG-Urkunde-bis-03.03.2025.jpg","type":"","width":"","height":""}],"twitter_card":"summary_large_image","twitter_misc":{"Tiempo de lectura":"4 minutos"},"schema":{"@context":"https:\/\/schema.org","@graph":[{"@type":"WebPage","@id":"https:\/\/www.tews-diabetes.de\/es\/clinica\/calidad\/","url":"https:\/\/www.tews-diabetes.de\/es\/clinica\/calidad\/","name":"Calidad - MVZ Diabeteszentrum Dr. Tews GmbH","isPartOf":{"@id":"https:\/\/www.tews-diabetes.de\/es\/#website"},"primaryImageOfPage":{"@id":"https:\/\/www.tews-diabetes.de\/es\/clinica\/calidad\/#primaryimage"},"image":{"@id":"https:\/\/www.tews-diabetes.de\/es\/clinica\/calidad\/#primaryimage"},"thumbnailUrl":"https:\/\/www.tews-diabetes.de\/wp-content\/uploads\/DDG-Urkunde-bis-03.03.2025.jpg","datePublished":"2016-06-28T18:33:57+00:00","dateModified":"2023-11-20T11:18:23+00:00","breadcrumb":{"@id":"https:\/\/www.tews-diabetes.de\/es\/clinica\/calidad\/#breadcrumb"},"inLanguage":"es","potentialAction":[{"@type":"ReadAction","target":["https:\/\/www.tews-diabetes.de\/es\/clinica\/calidad\/"]}]},{"@type":"ImageObject","inLanguage":"es","@id":"https:\/\/www.tews-diabetes.de\/es\/clinica\/calidad\/#primaryimage","url":"https:\/\/www.tews-diabetes.de\/wp-content\/uploads\/DDG-Urkunde-bis-03.03.2025.jpg","contentUrl":"https:\/\/www.tews-diabetes.de\/wp-content\/uploads\/DDG-Urkunde-bis-03.03.2025.jpg"},{"@type":"BreadcrumbList","@id":"https:\/\/www.tews-diabetes.de\/es\/clinica\/calidad\/#breadcrumb","itemListElement":[{"@type":"ListItem","position":1,"name":"Startseite","item":"https:\/\/www.tews-diabetes.de\/es\/"},{"@type":"ListItem","position":2,"name":"Cl\u00ednica","item":"https:\/\/www.tews-diabetes.de\/es\/clinica\/"},{"@type":"ListItem","position":3,"name":"Calidad"}]},{"@type":"WebSite","@id":"https:\/\/www.tews-diabetes.de\/es\/#website","url":"https:\/\/www.tews-diabetes.de\/es\/","name":"MVZ Diabeteszentrum Dr. Tews GmbH","description":"","potentialAction":[{"@type":"SearchAction","target":{"@type":"EntryPoint","urlTemplate":"https:\/\/www.tews-diabetes.de\/es\/?s={search_term_string}"},"query-input":{"@type":"PropertyValueSpecification","valueRequired":true,"valueName":"search_term_string"}}],"inLanguage":"es"}]}},"_links":{"self":[{"href":"https:\/\/www.tews-diabetes.de\/es\/wp-json\/wp\/v2\/pages\/1203","targetHints":{"allow":["GET"]}}],"collection":[{"href":"https:\/\/www.tews-diabetes.de\/es\/wp-json\/wp\/v2\/pages"}],"about":[{"href":"https:\/\/www.tews-diabetes.de\/es\/wp-json\/wp\/v2\/types\/page"}],"author":[{"embeddable":true,"href":"https:\/\/www.tews-diabetes.de\/es\/wp-json\/wp\/v2\/users\/1"}],"replies":[{"embeddable":true,"href":"https:\/\/www.tews-diabetes.de\/es\/wp-json\/wp\/v2\/comments?post=1203"}],"version-history":[{"count":17,"href":"https:\/\/www.tews-diabetes.de\/es\/wp-json\/wp\/v2\/pages\/1203\/revisions"}],"predecessor-version":[{"id":6367,"href":"https:\/\/www.tews-diabetes.de\/es\/wp-json\/wp\/v2\/pages\/1203\/revisions\/6367"}],"up":[{"embeddable":true,"href":"https:\/\/www.tews-diabetes.de\/es\/wp-json\/wp\/v2\/pages\/1162"}],"wp:attachment":[{"href":"https:\/\/www.tews-diabetes.de\/es\/wp-json\/wp\/v2\/media?parent=1203"}],"curies":[{"name":"wp","href":"https:\/\/api.w.org\/{rel}","templated":true}]}}