{"id":1177,"date":"2016-06-06T19:41:10","date_gmt":"2016-06-06T17:41:10","guid":{"rendered":"https:\/\/www.tews-diabetes.de\/service\/"},"modified":"2024-12-19T10:21:09","modified_gmt":"2024-12-19T09:21:09","slug":"servicios","status":"publish","type":"page","link":"https:\/\/www.tews-diabetes.de\/es\/servicios\/","title":{"rendered":"Servicios"},"content":{"rendered":"<div id=\"pl-1177\"  class=\"panel-layout\" ><div id=\"pg-1177-0\"  class=\"panel-grid panel-no-style\" ><div id=\"pgc-1177-0-0\"  class=\"panel-grid-cell\" ><div id=\"panel-1177-0-0-0\" class=\"so-panel widget widget_sow-editor panel-first-child panel-last-child\" data-index=\"0\" ><div\n\t\t\t\n\t\t\tclass=\"so-widget-sow-editor so-widget-sow-editor-base\"\n\t\t\t\n\t\t><h2 class=\"widget-title\">Servicios y descargas<\/h2>\n<div class=\"siteorigin-widget-tinymce textwidget\">\n\t<h3>Descargas (actualmente informaci\u00f3n disponible \u00fanicamente en alem\u00e1n)<\/h3>\n<p><a href=\"https:\/\/www.tews-diabetes.de\/wp-content\/uploads\/px_5_1_1_23_FO_Neupatienten_Terminvergabe_20220831.pdf\" target=\"_blank\" rel=\"noopener\">Lista de verificaci\u00f3n para nuevos pacientes \u00bb<\/a><\/p>\n<p><a href=\"https:\/\/www.tews-diabetes.de\/wp-content\/uploads\/px_2_1_anamnesebogen_diabetes_20210329.pdf\" target=\"_blank\" rel=\"noopener noreferrer\">Historial m\u00e9dico \u00bb<\/a><\/p>\n<p><a href=\"https:\/\/www.tews-diabetes.de\/wp-content\/uploads\/GDM.pdf\" target=\"_blank\" rel=\"noopener noreferrer\">Formulario de anamnesis para diabetes gestacional \u00bb<\/a><\/p>\n<p><a href=\"https:\/\/www.tews-diabetes.de\/wp-content\/uploads\/px_5_1_1_10_FO_Datenschutzerklaerung_20241212.pdf\" target=\"_blank\" rel=\"noopener\">Protecci\u00f3n de Datos\" \u00bb<\/a><\/p>\n<p><a href=\"https:\/\/www.tews-diabetes.de\/wp-content\/uploads\/px_5_1_1_6_FO_Einverstaendniserklaerung-_Videosprechstunde_schulung_20230322.pdf\" target=\"_blank\" rel=\"noopener noreferrer\">Declaraci\u00f3n de consentimiento para la videoconsulta\/videoformaci\u00f3n \u00bb<\/a><\/p>\n<p><a href=\"https:\/\/www.tews-diabetes.de\/wp-content\/uploads\/px_5_1_1_2_FO_OGT_Termin_Merkblatt_20220222.pdf\" target=\"_blank\" rel=\"noopener\">Folleto Prueba de tolerancia oral a la glucosa \u00bb<\/a><\/p>\n<p><a href=\"https:\/\/www.tews-diabetes.de\/wp-content\/uploads\/px_5_1_1_14_FO_Ergometrie_Merkblatt_20220830.pdf\" target=\"_blank\" rel=\"noopener\">Folleto de ergometr\u00eda (ECG de estr\u00e9s) \u00bb<\/a><\/p>\n<p>&nbsp;<\/p>\n<p><a href=\"\/wp-content\/uploads\/BZ-Tagebuch_Schulung.pdf\" target=\"_blank\" rel=\"noopener noreferrer\">Bit\u00e1cora de glucosa para los cursos \u00bb<\/a><\/p>\n<p><a href=\"\/wp-content\/uploads\/Ern\u00e4hrungsprotokoll-mit-BZ.pdf\" target=\"_blank\" rel=\"noopener noreferrer\">Protocolo de alimentaci\u00f3n \u00bb<\/a><\/p>\n<p><a href=\"https:\/\/www.tews-diabetes.de\/wp-content\/uploads\/Informationsblatt-zur-Diabetesbehandlung-mit-Metformin.pdf\">Informaci\u00f3n sobre el tratamiento de diabetes con metformina \u00bb<\/a><\/p>\n<p><a href=\"https:\/\/www.tews-diabetes.de\/wp-content\/uploads\/Informationsblatt-zur-Diabetesbehandlung-mit-SGLT2-Hemmern.pdf\" target=\"_blank\" rel=\"noopener\">Informaci\u00f3n sobre el tratamiento de diabetes con inhibidores del receptor SGLT2 \u00bb<\/a><\/p>\n<p><a href=\"https:\/\/www.tews-diabetes.de\/wp-content\/uploads\/Informationsblatt-zur-Diabetesbehandlung-mit-GLP1-Medikamenten.pdf\" target=\"_blank\" rel=\"noopener\">Informaci\u00f3n sobre el tratamiento de diabetes con agonistas GLP1 \u00bb<\/a><\/p>\n<p><a href=\"https:\/\/www.tews-diabetes.de\/wp-content\/uploads\/Informationsblatt-zur-Diabetesbehandlung-mit-DPP4-Hemmern.pdf\" target=\"_blank\" rel=\"noopener\">Informaci\u00f3n sobre el tratamiento de diabetes con inhibidores de la DPP4 \u00bb<\/a><\/p>\n<p><a href=\"https:\/\/www.tews-diabetes.de\/wp-content\/uploads\/Informationsblatt-zur-Diabetesbehandlung-mit-Sulfonylharnstoffen.pdf\" target=\"_blank\" rel=\"noopener\">Informaci\u00f3n sobre el tratamiento de diabetes con sulfonilureas \u00bb<\/a><\/p>\n<p>&nbsp;<\/p>\n<p>&nbsp;<\/p>\n<h3>Servicio<\/h3>\n<p><a href=\"\/kontakt\/terminanfrage\/\">Solicitud de citas en l\u00ednea \u00bb<\/a><\/p>\n<p><a href=\"\/kontakt\/rezeptbestellung\/\">Servicio de recetas en l\u00ednea \u00bb<\/a><\/p>\n<p><a href=\"\/kontakt\/\">Descripci\u00f3n de c\u00f3mo llegar \u00bb<\/a><\/p>\n<p><a href=\"http:\/\/www.diabetes-risiko.de\" target=\"_blank\" rel=\"noopener noreferrer\">Riesgo de padecer diabetes (Cuestionario FINDRISK) (en alem\u00e1n) \u00bb<\/a><\/p>\n<\/div>\n<\/div><\/div><\/div><\/div><\/div>","protected":false},"excerpt":{"rendered":"<p>Descargas (actualmente informaci\u00f3n disponible \u00fanicamente en alem\u00e1n) Lista de verificaci\u00f3n para nuevos pacientes \u00bb Historial m\u00e9dico \u00bb Formulario de anamnesis para diabetes gestacional \u00bb Protecci\u00f3n de Datos\u00bb \u00bb Declaraci\u00f3n de consentimiento para la videoconsulta\/videoformaci\u00f3n \u00bb Folleto Prueba de tolerancia oral a la glucosa \u00bb Folleto de ergometr\u00eda (ECG de estr\u00e9s) \u00bb &nbsp; Bit\u00e1cora de glucosa &hellip;<\/p>\n","protected":false},"author":1,"featured_media":0,"parent":0,"menu_order":6,"comment_status":"closed","ping_status":"closed","template":"template-builder-page.php","meta":{"_acf_changed":false,"footnotes":""},"class_list":["post-1177","page","type-page","status-publish","hentry"],"acf":[],"yoast_head":"<!-- This site is optimized with the Yoast SEO plugin v27.5 - https:\/\/yoast.com\/product\/yoast-seo-wordpress\/ -->\n<title>Servicios - MVZ Diabeteszentrum Dr. Tews GmbH<\/title>\n<meta name=\"robots\" content=\"index, follow, max-snippet:-1, max-image-preview:large, max-video-preview:-1\" \/>\n<link rel=\"canonical\" href=\"https:\/\/www.tews-diabetes.de\/es\/servicios\/\" \/>\n<meta property=\"og:locale\" content=\"es_ES\" \/>\n<meta property=\"og:type\" content=\"article\" \/>\n<meta property=\"og:title\" content=\"Servicios - MVZ Diabeteszentrum Dr. Tews GmbH\" \/>\n<meta property=\"og:description\" content=\"Descargas (actualmente informaci\u00f3n disponible \u00fanicamente en alem\u00e1n) Lista de verificaci\u00f3n para nuevos pacientes \u00bb Historial m\u00e9dico \u00bb Formulario de anamnesis para diabetes gestacional \u00bb Protecci\u00f3n de Datos&quot; \u00bb Declaraci\u00f3n de consentimiento para la videoconsulta\/videoformaci\u00f3n \u00bb Folleto Prueba de tolerancia oral a la glucosa \u00bb Folleto de ergometr\u00eda (ECG de estr\u00e9s) \u00bb &nbsp; Bit\u00e1cora de glucosa &hellip;\" \/>\n<meta property=\"og:url\" content=\"https:\/\/www.tews-diabetes.de\/es\/servicios\/\" \/>\n<meta property=\"og:site_name\" content=\"MVZ Diabeteszentrum Dr. Tews GmbH\" \/>\n<meta property=\"article:modified_time\" content=\"2024-12-19T09:21:09+00:00\" \/>\n<meta name=\"twitter:card\" content=\"summary_large_image\" \/>\n<meta name=\"twitter:label1\" content=\"Tiempo de lectura\" \/>\n\t<meta name=\"twitter:data1\" content=\"1 minuto\" \/>\n<script type=\"application\/ld+json\" class=\"yoast-schema-graph\">{\"@context\":\"https:\\\/\\\/schema.org\",\"@graph\":[{\"@type\":\"WebPage\",\"@id\":\"https:\\\/\\\/www.tews-diabetes.de\\\/es\\\/servicios\\\/\",\"url\":\"https:\\\/\\\/www.tews-diabetes.de\\\/es\\\/servicios\\\/\",\"name\":\"Servicios - MVZ Diabeteszentrum Dr. Tews GmbH\",\"isPartOf\":{\"@id\":\"https:\\\/\\\/www.tews-diabetes.de\\\/es\\\/#website\"},\"datePublished\":\"2016-06-06T17:41:10+00:00\",\"dateModified\":\"2024-12-19T09:21:09+00:00\",\"breadcrumb\":{\"@id\":\"https:\\\/\\\/www.tews-diabetes.de\\\/es\\\/servicios\\\/#breadcrumb\"},\"inLanguage\":\"es\",\"potentialAction\":[{\"@type\":\"ReadAction\",\"target\":[\"https:\\\/\\\/www.tews-diabetes.de\\\/es\\\/servicios\\\/\"]}]},{\"@type\":\"BreadcrumbList\",\"@id\":\"https:\\\/\\\/www.tews-diabetes.de\\\/es\\\/servicios\\\/#breadcrumb\",\"itemListElement\":[{\"@type\":\"ListItem\",\"position\":1,\"name\":\"Startseite\",\"item\":\"https:\\\/\\\/www.tews-diabetes.de\\\/es\\\/\"},{\"@type\":\"ListItem\",\"position\":2,\"name\":\"Servicios\"}]},{\"@type\":\"WebSite\",\"@id\":\"https:\\\/\\\/www.tews-diabetes.de\\\/es\\\/#website\",\"url\":\"https:\\\/\\\/www.tews-diabetes.de\\\/es\\\/\",\"name\":\"MVZ Diabeteszentrum Dr. Tews GmbH\",\"description\":\"\",\"potentialAction\":[{\"@type\":\"SearchAction\",\"target\":{\"@type\":\"EntryPoint\",\"urlTemplate\":\"https:\\\/\\\/www.tews-diabetes.de\\\/es\\\/?s={search_term_string}\"},\"query-input\":{\"@type\":\"PropertyValueSpecification\",\"valueRequired\":true,\"valueName\":\"search_term_string\"}}],\"inLanguage\":\"es\"}]}<\/script>\n<!-- \/ Yoast SEO plugin. -->","yoast_head_json":{"title":"Servicios - MVZ Diabeteszentrum Dr. Tews GmbH","robots":{"index":"index","follow":"follow","max-snippet":"max-snippet:-1","max-image-preview":"max-image-preview:large","max-video-preview":"max-video-preview:-1"},"canonical":"https:\/\/www.tews-diabetes.de\/es\/servicios\/","og_locale":"es_ES","og_type":"article","og_title":"Servicios - MVZ Diabeteszentrum Dr. Tews GmbH","og_description":"Descargas (actualmente informaci\u00f3n disponible \u00fanicamente en alem\u00e1n) Lista de verificaci\u00f3n para nuevos pacientes \u00bb Historial m\u00e9dico \u00bb Formulario de anamnesis para diabetes gestacional \u00bb Protecci\u00f3n de Datos\" \u00bb Declaraci\u00f3n de consentimiento para la videoconsulta\/videoformaci\u00f3n \u00bb Folleto Prueba de tolerancia oral a la glucosa \u00bb Folleto de ergometr\u00eda (ECG de estr\u00e9s) \u00bb &nbsp; Bit\u00e1cora de glucosa &hellip;","og_url":"https:\/\/www.tews-diabetes.de\/es\/servicios\/","og_site_name":"MVZ Diabeteszentrum Dr. Tews GmbH","article_modified_time":"2024-12-19T09:21:09+00:00","twitter_card":"summary_large_image","twitter_misc":{"Tiempo de lectura":"1 minuto"},"schema":{"@context":"https:\/\/schema.org","@graph":[{"@type":"WebPage","@id":"https:\/\/www.tews-diabetes.de\/es\/servicios\/","url":"https:\/\/www.tews-diabetes.de\/es\/servicios\/","name":"Servicios - MVZ Diabeteszentrum Dr. Tews GmbH","isPartOf":{"@id":"https:\/\/www.tews-diabetes.de\/es\/#website"},"datePublished":"2016-06-06T17:41:10+00:00","dateModified":"2024-12-19T09:21:09+00:00","breadcrumb":{"@id":"https:\/\/www.tews-diabetes.de\/es\/servicios\/#breadcrumb"},"inLanguage":"es","potentialAction":[{"@type":"ReadAction","target":["https:\/\/www.tews-diabetes.de\/es\/servicios\/"]}]},{"@type":"BreadcrumbList","@id":"https:\/\/www.tews-diabetes.de\/es\/servicios\/#breadcrumb","itemListElement":[{"@type":"ListItem","position":1,"name":"Startseite","item":"https:\/\/www.tews-diabetes.de\/es\/"},{"@type":"ListItem","position":2,"name":"Servicios"}]},{"@type":"WebSite","@id":"https:\/\/www.tews-diabetes.de\/es\/#website","url":"https:\/\/www.tews-diabetes.de\/es\/","name":"MVZ Diabeteszentrum Dr. Tews GmbH","description":"","potentialAction":[{"@type":"SearchAction","target":{"@type":"EntryPoint","urlTemplate":"https:\/\/www.tews-diabetes.de\/es\/?s={search_term_string}"},"query-input":{"@type":"PropertyValueSpecification","valueRequired":true,"valueName":"search_term_string"}}],"inLanguage":"es"}]}},"_links":{"self":[{"href":"https:\/\/www.tews-diabetes.de\/es\/wp-json\/wp\/v2\/pages\/1177","targetHints":{"allow":["GET"]}}],"collection":[{"href":"https:\/\/www.tews-diabetes.de\/es\/wp-json\/wp\/v2\/pages"}],"about":[{"href":"https:\/\/www.tews-diabetes.de\/es\/wp-json\/wp\/v2\/types\/page"}],"author":[{"embeddable":true,"href":"https:\/\/www.tews-diabetes.de\/es\/wp-json\/wp\/v2\/users\/1"}],"replies":[{"embeddable":true,"href":"https:\/\/www.tews-diabetes.de\/es\/wp-json\/wp\/v2\/comments?post=1177"}],"version-history":[{"count":10,"href":"https:\/\/www.tews-diabetes.de\/es\/wp-json\/wp\/v2\/pages\/1177\/revisions"}],"predecessor-version":[{"id":6862,"href":"https:\/\/www.tews-diabetes.de\/es\/wp-json\/wp\/v2\/pages\/1177\/revisions\/6862"}],"wp:attachment":[{"href":"https:\/\/www.tews-diabetes.de\/es\/wp-json\/wp\/v2\/media?parent=1177"}],"curies":[{"name":"wp","href":"https:\/\/api.w.org\/{rel}","templated":true}]}}