{"id":1167,"date":"2016-06-06T19:35:48","date_gmt":"2016-06-06T17:35:48","guid":{"rendered":"https:\/\/www.tews-diabetes.de\/?page_id=1167\/"},"modified":"2017-05-10T20:59:30","modified_gmt":"2017-05-10T18:59:30","slug":"diabetologia","status":"publish","type":"page","link":"https:\/\/www.tews-diabetes.de\/es\/diabetologia\/","title":{"rendered":"Diabetolog\u00eda"},"content":{"rendered":"<div id=\"pl-1167\"  class=\"panel-layout\" ><div id=\"pg-1167-0\"  class=\"panel-grid panel-no-style\" ><div id=\"pgc-1167-0-0\"  class=\"panel-grid-cell\" ><div id=\"panel-1167-0-0-0\" class=\"so-panel widget widget_sow-editor panel-first-child panel-last-child\" data-index=\"0\" ><div\n\t\t\t\n\t\t\tclass=\"so-widget-sow-editor so-widget-sow-editor-base\"\n\t\t\t\n\t\t><h2 class=\"widget-title\">Diabetologie<\/h2>\n<div class=\"siteorigin-widget-tinymce textwidget\">\n\t<h2>Diabetes mellitus \u2013 \u201eHonigs\u00fc\u00dfer Durchfluss\u201c<\/h2>\n<\/div>\n<\/div><\/div><\/div><\/div><div id=\"pg-1167-1\"  class=\"panel-grid panel-no-style\" ><div id=\"pgc-1167-1-0\"  class=\"panel-grid-cell\" ><div id=\"panel-1167-1-0-0\" class=\"so-panel widget widget_sow-editor panel-first-child panel-last-child\" data-index=\"1\" ><div\n\t\t\t\n\t\t\tclass=\"so-widget-sow-editor so-widget-sow-editor-base\"\n\t\t\t\n\t\t>\n<div class=\"siteorigin-widget-tinymce textwidget\">\n\t<p>Los pacientes con diabetes mellitus tienen niveles elevados de glucosa (az\u00facar en sangre) debido a una falta de producci\u00f3n de insulina o una falla en el mecanismo de acci\u00f3n de la insulina (resistencia a la insulina).<\/p>\n<p>Las caracter\u00edsticas principales entre los tipos de diabetes son:<\/p>\n<ul>\n<li>Diabetes mellitus tipo 1: Ausencia de insulina<\/li>\n<li>Diabetes mellitus tipo 2: Resistencia a la insulina<\/li>\n<li>Diabetes gestacional: Resistencia a la insulina<\/li>\n<\/ul>\n<p>Sin embargo existen muchos factores individuales que tienen una influencia en el metabolismo, como la presi\u00f3n arterial, los l\u00edpidos o grasas y el peso. Tambi\u00e9n la gen\u00e9tica, la predisposici\u00f3n familiar y factores ambientales juegan un rol importante. Es por eso que cada persona manifiesta el padecimiento de forma diferente. Con ayuda de diferentes m\u00e9todos diagn\u00f3sticos observamos el desarrollo del metabolismo.<\/p>\n<p>Dentro de la consulta m\u00e9dica y el asesoramiento, el equipo en la cl\u00ednica ajusta el tratamiento de acuerdo a su situaci\u00f3n personal y estilo de vida. As\u00ed se le otorga una amplia informaci\u00f3n acerca de qu\u00e9 tratamiento es el m\u00e1s adecuado para usted.<\/p>\n<p>\u00a0<\/p>\n<\/div>\n<\/div><\/div><\/div><div id=\"pgc-1167-1-1\"  class=\"panel-grid-cell\" ><div id=\"panel-1167-1-1-0\" class=\"so-panel widget widget_sow-image panel-first-child panel-last-child\" data-index=\"2\" ><div\n\t\t\t\n\t\t\tclass=\"so-widget-sow-image so-widget-sow-image-default-dbf295114b96-1167\"\n\t\t\t\n\t\t>\n<div class=\"sow-image-container\">\n\t\t<img \n\tsrc=\"https:\/\/www.tews-diabetes.de\/wp-content\/uploads\/tews-diabetes-diabetologie-1.jpg\" width=\"1280\" height=\"853\" srcset=\"https:\/\/www.tews-diabetes.de\/wp-content\/uploads\/tews-diabetes-diabetologie-1.jpg 1280w, https:\/\/www.tews-diabetes.de\/wp-content\/uploads\/tews-diabetes-diabetologie-1-300x200.jpg 300w, https:\/\/www.tews-diabetes.de\/wp-content\/uploads\/tews-diabetes-diabetologie-1-1030x686.jpg 1030w, https:\/\/www.tews-diabetes.de\/wp-content\/uploads\/tews-diabetes-diabetologie-1-360x240.jpg 360w, https:\/\/www.tews-diabetes.de\/wp-content\/uploads\/tews-diabetes-diabetologie-1-555x370.jpg 555w, https:\/\/www.tews-diabetes.de\/wp-content\/uploads\/tews-diabetes-diabetologie-1-272x182.jpg 272w\" sizes=\"(max-width: 1280px) 100vw, 1280px\" alt=\"\" \t\tclass=\"so-widget-image\"\/>\n\t<\/div>\n\n<\/div><\/div><\/div><\/div><div id=\"pg-1167-2\"  class=\"panel-grid panel-no-style\" ><div id=\"pgc-1167-2-0\"  class=\"panel-grid-cell\" ><div id=\"panel-1167-2-0-0\" class=\"so-panel widget widget_sow-editor panel-first-child panel-last-child\" data-index=\"3\" ><div\n\t\t\t\n\t\t\tclass=\"so-widget-sow-editor so-widget-sow-editor-base\"\n\t\t\t\n\t\t><h2 class=\"widget-title\">An\u00e1lisis de control<\/h2>\n<div class=\"siteorigin-widget-tinymce textwidget\">\n\t<h3>Los an\u00e1lisis de control trimestrales ayudan a modificar el tratamiento de acuerdo a la situaci\u00f3n actual de la diabetes.<\/h3>\n<\/div>\n<\/div><\/div><\/div><\/div><div id=\"pg-1167-3\"  class=\"panel-grid panel-no-style\" ><div id=\"pgc-1167-3-0\"  class=\"panel-grid-cell\" ><div id=\"panel-1167-3-0-0\" class=\"so-panel widget widget_sow-editor panel-first-child panel-last-child\" data-index=\"4\" ><div\n\t\t\t\n\t\t\tclass=\"so-widget-sow-editor so-widget-sow-editor-base\"\n\t\t\t\n\t\t>\n<div class=\"siteorigin-widget-tinymce textwidget\">\n\t<p>Estos controles se llevan a cabo dentro de los programas de atenci\u00f3n m\u00e9dica (DMP). La cl\u00ednica est\u00e1 reconocida para los programas de diabetes mellitus tipo 1 y 2 as\u00ed como enfermedades cardiovasculares.\u00a0<\/p>\n<h4>Monitoreo de glucosa<\/h4>\n<p>El monitoreo de glucosa es el reflejo de su situaci\u00f3n actual, \u00e9ste ayuda a encontrar el mejor tratamiento y ajustar la dosis en caso de contar con insulina. Un control regular es la mejor ayuda para evitar niveles elevados y bajos de glucosa, y para brindar el mejor tratamiento.\u00a0Actualmente los seguros m\u00e9dicos cubren los costos del monitoreo de glucosa \u00fanicamente en casos de tratamiento con insulina. Los sistemas que brindan un monitoreo continuo de glucosa a trav\u00e9s de un sensor en la piel (Sistema CGM o FGM) s\u00f3lamente son cubiertos parcialmente por los seguros m\u00e9dicos. En este caso en necesario enviar una solicitud a la aseguradora, con gusto le brindamos ayuda al respecto. En caso de ser autorizado por el seguro m\u00e9dico o si quiere probar el sensor, le ofrecemos un taller para el uso del sistema de monitoreo de glucosa, para que pueda obtener el mejor beneficio.<\/p>\n<p>Preg\u00fantenos al respecto, nuestro equipo le asesorar\u00e1 con gusto.\u00a0<\/p>\n<\/div>\n<\/div><\/div><\/div><div id=\"pgc-1167-3-1\"  class=\"panel-grid-cell\" ><div id=\"panel-1167-3-1-0\" class=\"so-panel widget widget_sow-image panel-first-child panel-last-child\" data-index=\"5\" ><div\n\t\t\t\n\t\t\tclass=\"so-widget-sow-image so-widget-sow-image-default-dbf295114b96-1167\"\n\t\t\t\n\t\t>\n<div class=\"sow-image-container\">\n\t\t<img \n\tsrc=\"https:\/\/www.tews-diabetes.de\/wp-content\/uploads\/tews-diabetes-diabetologie-3.jpg\" width=\"1280\" height=\"853\" srcset=\"https:\/\/www.tews-diabetes.de\/wp-content\/uploads\/tews-diabetes-diabetologie-3.jpg 1280w, https:\/\/www.tews-diabetes.de\/wp-content\/uploads\/tews-diabetes-diabetologie-3-300x200.jpg 300w, https:\/\/www.tews-diabetes.de\/wp-content\/uploads\/tews-diabetes-diabetologie-3-1030x686.jpg 1030w, https:\/\/www.tews-diabetes.de\/wp-content\/uploads\/tews-diabetes-diabetologie-3-360x240.jpg 360w, https:\/\/www.tews-diabetes.de\/wp-content\/uploads\/tews-diabetes-diabetologie-3-555x370.jpg 555w, https:\/\/www.tews-diabetes.de\/wp-content\/uploads\/tews-diabetes-diabetologie-3-272x182.jpg 272w\" sizes=\"(max-width: 1280px) 100vw, 1280px\" alt=\"\" \t\tclass=\"so-widget-image\"\/>\n\t<\/div>\n\n<\/div><\/div><\/div><\/div><\/div>","protected":false},"excerpt":{"rendered":"<p>Diabetes mellitus \u2013 \u201eHonigs\u00fc\u00dfer Durchfluss\u201c Los pacientes con diabetes mellitus tienen niveles elevados de glucosa (az\u00facar en sangre) debido a una falta de producci\u00f3n de insulina o una falla en el mecanismo de acci\u00f3n de la insulina (resistencia a la insulina).Las caracter\u00edsticas principales entre los tipos de diabetes son:Diabetes mellitus tipo 1: Ausencia de insulinaDiabetes &hellip;<\/p>\n","protected":false},"author":1,"featured_media":0,"parent":0,"menu_order":4,"comment_status":"closed","ping_status":"closed","template":"template-builder-page.php","meta":{"_acf_changed":false,"footnotes":""},"class_list":["post-1167","page","type-page","status-publish","hentry"],"acf":[],"yoast_head":"<!-- This site is optimized with the Yoast SEO plugin v27.5 - https:\/\/yoast.com\/product\/yoast-seo-wordpress\/ -->\n<title>Diabetolog\u00eda - MVZ Diabeteszentrum Dr. Tews GmbH<\/title>\n<meta name=\"robots\" content=\"index, follow, max-snippet:-1, max-image-preview:large, max-video-preview:-1\" \/>\n<link rel=\"canonical\" href=\"https:\/\/www.tews-diabetes.de\/es\/diabetologia\/\" \/>\n<meta property=\"og:locale\" content=\"es_ES\" \/>\n<meta property=\"og:type\" content=\"article\" \/>\n<meta property=\"og:title\" content=\"Diabetolog\u00eda - MVZ Diabeteszentrum Dr. Tews GmbH\" \/>\n<meta property=\"og:description\" content=\"Diabetes mellitus \u2013 \u201eHonigs\u00fc\u00dfer Durchfluss\u201c Los pacientes con diabetes mellitus tienen niveles elevados de glucosa (az\u00facar en sangre) debido a una falta de producci\u00f3n de insulina o una falla en el mecanismo de acci\u00f3n de la insulina (resistencia a la insulina).Las caracter\u00edsticas principales entre los tipos de diabetes son:Diabetes mellitus tipo 1: Ausencia de insulinaDiabetes &hellip;\" \/>\n<meta property=\"og:url\" content=\"https:\/\/www.tews-diabetes.de\/es\/diabetologia\/\" \/>\n<meta property=\"og:site_name\" content=\"MVZ Diabeteszentrum Dr. Tews GmbH\" \/>\n<meta property=\"article:modified_time\" content=\"2017-05-10T18:59:30+00:00\" \/>\n<meta name=\"twitter:card\" content=\"summary_large_image\" \/>\n<meta name=\"twitter:label1\" content=\"Tiempo de lectura\" \/>\n\t<meta name=\"twitter:data1\" content=\"2 minutos\" \/>\n<script type=\"application\/ld+json\" class=\"yoast-schema-graph\">{\"@context\":\"https:\\\/\\\/schema.org\",\"@graph\":[{\"@type\":\"WebPage\",\"@id\":\"https:\\\/\\\/www.tews-diabetes.de\\\/es\\\/diabetologia\\\/\",\"url\":\"https:\\\/\\\/www.tews-diabetes.de\\\/es\\\/diabetologia\\\/\",\"name\":\"Diabetolog\u00eda - MVZ Diabeteszentrum Dr. Tews GmbH\",\"isPartOf\":{\"@id\":\"https:\\\/\\\/www.tews-diabetes.de\\\/es\\\/#website\"},\"datePublished\":\"2016-06-06T17:35:48+00:00\",\"dateModified\":\"2017-05-10T18:59:30+00:00\",\"breadcrumb\":{\"@id\":\"https:\\\/\\\/www.tews-diabetes.de\\\/es\\\/diabetologia\\\/#breadcrumb\"},\"inLanguage\":\"es\",\"potentialAction\":[{\"@type\":\"ReadAction\",\"target\":[\"https:\\\/\\\/www.tews-diabetes.de\\\/es\\\/diabetologia\\\/\"]}]},{\"@type\":\"BreadcrumbList\",\"@id\":\"https:\\\/\\\/www.tews-diabetes.de\\\/es\\\/diabetologia\\\/#breadcrumb\",\"itemListElement\":[{\"@type\":\"ListItem\",\"position\":1,\"name\":\"Startseite\",\"item\":\"https:\\\/\\\/www.tews-diabetes.de\\\/es\\\/\"},{\"@type\":\"ListItem\",\"position\":2,\"name\":\"Diabetolog\u00eda\"}]},{\"@type\":\"WebSite\",\"@id\":\"https:\\\/\\\/www.tews-diabetes.de\\\/es\\\/#website\",\"url\":\"https:\\\/\\\/www.tews-diabetes.de\\\/es\\\/\",\"name\":\"MVZ Diabeteszentrum Dr. Tews GmbH\",\"description\":\"\",\"potentialAction\":[{\"@type\":\"SearchAction\",\"target\":{\"@type\":\"EntryPoint\",\"urlTemplate\":\"https:\\\/\\\/www.tews-diabetes.de\\\/es\\\/?s={search_term_string}\"},\"query-input\":{\"@type\":\"PropertyValueSpecification\",\"valueRequired\":true,\"valueName\":\"search_term_string\"}}],\"inLanguage\":\"es\"}]}<\/script>\n<!-- \/ Yoast SEO plugin. -->","yoast_head_json":{"title":"Diabetolog\u00eda - MVZ Diabeteszentrum Dr. Tews GmbH","robots":{"index":"index","follow":"follow","max-snippet":"max-snippet:-1","max-image-preview":"max-image-preview:large","max-video-preview":"max-video-preview:-1"},"canonical":"https:\/\/www.tews-diabetes.de\/es\/diabetologia\/","og_locale":"es_ES","og_type":"article","og_title":"Diabetolog\u00eda - MVZ Diabeteszentrum Dr. Tews GmbH","og_description":"Diabetes mellitus \u2013 \u201eHonigs\u00fc\u00dfer Durchfluss\u201c Los pacientes con diabetes mellitus tienen niveles elevados de glucosa (az\u00facar en sangre) debido a una falta de producci\u00f3n de insulina o una falla en el mecanismo de acci\u00f3n de la insulina (resistencia a la insulina).Las caracter\u00edsticas principales entre los tipos de diabetes son:Diabetes mellitus tipo 1: Ausencia de insulinaDiabetes &hellip;","og_url":"https:\/\/www.tews-diabetes.de\/es\/diabetologia\/","og_site_name":"MVZ Diabeteszentrum Dr. Tews GmbH","article_modified_time":"2017-05-10T18:59:30+00:00","twitter_card":"summary_large_image","twitter_misc":{"Tiempo de lectura":"2 minutos"},"schema":{"@context":"https:\/\/schema.org","@graph":[{"@type":"WebPage","@id":"https:\/\/www.tews-diabetes.de\/es\/diabetologia\/","url":"https:\/\/www.tews-diabetes.de\/es\/diabetologia\/","name":"Diabetolog\u00eda - MVZ Diabeteszentrum Dr. Tews GmbH","isPartOf":{"@id":"https:\/\/www.tews-diabetes.de\/es\/#website"},"datePublished":"2016-06-06T17:35:48+00:00","dateModified":"2017-05-10T18:59:30+00:00","breadcrumb":{"@id":"https:\/\/www.tews-diabetes.de\/es\/diabetologia\/#breadcrumb"},"inLanguage":"es","potentialAction":[{"@type":"ReadAction","target":["https:\/\/www.tews-diabetes.de\/es\/diabetologia\/"]}]},{"@type":"BreadcrumbList","@id":"https:\/\/www.tews-diabetes.de\/es\/diabetologia\/#breadcrumb","itemListElement":[{"@type":"ListItem","position":1,"name":"Startseite","item":"https:\/\/www.tews-diabetes.de\/es\/"},{"@type":"ListItem","position":2,"name":"Diabetolog\u00eda"}]},{"@type":"WebSite","@id":"https:\/\/www.tews-diabetes.de\/es\/#website","url":"https:\/\/www.tews-diabetes.de\/es\/","name":"MVZ Diabeteszentrum Dr. Tews GmbH","description":"","potentialAction":[{"@type":"SearchAction","target":{"@type":"EntryPoint","urlTemplate":"https:\/\/www.tews-diabetes.de\/es\/?s={search_term_string}"},"query-input":{"@type":"PropertyValueSpecification","valueRequired":true,"valueName":"search_term_string"}}],"inLanguage":"es"}]}},"_links":{"self":[{"href":"https:\/\/www.tews-diabetes.de\/es\/wp-json\/wp\/v2\/pages\/1167","targetHints":{"allow":["GET"]}}],"collection":[{"href":"https:\/\/www.tews-diabetes.de\/es\/wp-json\/wp\/v2\/pages"}],"about":[{"href":"https:\/\/www.tews-diabetes.de\/es\/wp-json\/wp\/v2\/types\/page"}],"author":[{"embeddable":true,"href":"https:\/\/www.tews-diabetes.de\/es\/wp-json\/wp\/v2\/users\/1"}],"replies":[{"embeddable":true,"href":"https:\/\/www.tews-diabetes.de\/es\/wp-json\/wp\/v2\/comments?post=1167"}],"version-history":[{"count":14,"href":"https:\/\/www.tews-diabetes.de\/es\/wp-json\/wp\/v2\/pages\/1167\/revisions"}],"predecessor-version":[{"id":1295,"href":"https:\/\/www.tews-diabetes.de\/es\/wp-json\/wp\/v2\/pages\/1167\/revisions\/1295"}],"wp:attachment":[{"href":"https:\/\/www.tews-diabetes.de\/es\/wp-json\/wp\/v2\/media?parent=1167"}],"curies":[{"name":"wp","href":"https:\/\/api.w.org\/{rel}","templated":true}]}}