{"id":1162,"date":"2016-05-31T21:13:57","date_gmt":"2016-05-31T19:13:57","guid":{"rendered":"https:\/\/www.tews-diabetes.de\/praxis\/"},"modified":"2024-07-15T09:46:18","modified_gmt":"2024-07-15T07:46:18","slug":"clinica","status":"publish","type":"page","link":"https:\/\/www.tews-diabetes.de\/es\/clinica\/","title":{"rendered":"Cl\u00ednica"},"content":{"rendered":"<div id=\"pl-1162\"  class=\"panel-layout\" ><div id=\"pg-1162-0\"  class=\"panel-grid panel-no-style\" ><div id=\"pgc-1162-0-0\"  class=\"panel-grid-cell\" ><div id=\"panel-1162-0-0-0\" class=\"so-panel widget widget_sow-editor panel-first-child panel-last-child\" data-index=\"0\" ><div\n\t\t\t\n\t\t\tclass=\"so-widget-sow-editor so-widget-sow-editor-base\"\n\t\t\t\n\t\t><h2 class=\"widget-title\">Acerca de nosotros<\/h2>\n<div class=\"siteorigin-widget-tinymce textwidget\">\n\t<h3>Historia de la Cl\u00ednica especializada en Diabetes Dr. Tews<\/h3>\n<p>El primero de Julio del 2006 Dr. Dietrich Tews abri\u00f3 su cl\u00ednica de diabetes en las instalaciones del Hospital Main-Kinzig, dentro del \u00e1rea de asistencia m\u00e9dica MVZ. Al principio contaba \u00fanicamente con una colaboradora, la demanda creci\u00f3 y diversas ampliaciones en la cl\u00ednica se realizaron en un periodo de 2 a\u00f1os. Posteriormente una doctora se uni\u00f3 al equipo y el personal laborando en la cl\u00ednica fue tambi\u00e9n creciendo.<\/p>\n<p>En el 2009 obtuvo la cl\u00ednica la certificaci\u00f3n de \u201cCentro de Diabetes DDG\u201d(tratamiento orientado para pacientes diab\u00e9ticos tipo 1 y tipo 2).<\/p>\n<p>En el 2011 fue certificada la \u201cCl\u00ednica de tratamiento de heridas ambulante\u201d por la Asociaci\u00f3n Alemana de Diabetes (DDG \u2013 Deutsche Diabetes Gesellschaft).<\/p>\n<p>El primero de abril del 2012 se realiz\u00f3 la separaci\u00f3n legal y econ\u00f3mica del Hospital Man-Kinzig, fundando la \u201cCl\u00ednica de Diabetes Dr. Tews\u201d. La autorizaci\u00f3n para la formaci\u00f3n en medicina interna y diabetolog\u00eda permiten a los m\u00e9dicos realizar su residencia para convertirse en m\u00e9dico especialista en medicina interna o en diabet\u00f3logo DDG. En el 2015 y 2016 dos m\u00e9dicos m\u00e1s reforzaron el equipo en esta formaci\u00f3n para la especialidad.<\/p>\n<p>El tratamiento para ni\u00f1os con diabetes se instaur\u00f3 en el 2010 con la Dra. Sabine Wenzel \u2013 Diabet\u00f3loga para ni\u00f1os DDG, en cooperaci\u00f3n con el Hospital Main-Kinzig, Gelnhausen. La cercana colaboraci\u00f3n con el Hospital Main-Kinzig brinda un continuo crecimiento de nuestra red en distintas \u00e1reas m\u00e9dicas en la regi\u00f3n Main-Kinzig, permitiendo un completo e integral tratamiento de nuestros pacientes diab\u00e9ticos.<\/p>\n<p>La asistencia y tratamiento para los pacientes no m\u00f3viles por medio de visitas a domicilio se impuls\u00f3 en el 2016 a trav\u00e9s de la capacitaci\u00f3n de una de nuestras asistentes especializadas en la salud, como asistente de cuidados m\u00e9dicos. Nos alegramos que a partir del primero de julio del 2016 se realiz\u00f3 una ampliaci\u00f3n de la cl\u00ednica con m\u00e1s espacio disponible para nuestros empleados y el \u00e1rea administrativa de la cl\u00ednica.<\/p>\n<p>En el verano 2016 se celebr\u00f3 el 10\u00ba aniversario de la Cl\u00ednica de Diabetes Dr. Tews con 29 trabajadores.<\/p>\n<h3>La cl\u00ednica es miembro de las siguientes asociaciones:<\/h3>\n<p><a href=\"http:\/\/www.deutsche-diabetes-gesellschaft.de\" target=\"_blank\" rel=\"noopener noreferrer\">Deutsche Diabetes Gesellschaft (DDG) \u00bb<\/a><\/p>\n<p><a href=\"http:\/\/www.diabetesde.org\" target=\"_blank\" rel=\"noopener noreferrer\">Deutsche Diabetes Hilfe \u00bb<\/a><\/p>\n<p><a href=\"http:\/\/www.bvnd.de\" target=\"_blank\" rel=\"noopener noreferrer\">Bundesvereinigung der niedergelassenen Diabetologen (BVND) \u00bb<\/a><\/p>\n<p><a href=\"https:\/\/www.lipid-liga.de\/\" target=\"_blank\" rel=\"noopener\">Deutsche Gesellschaft von Fettstoffwechselst\u00f6rung e.V.\u00a0\u00bb<\/a><\/p>\n<p><a href=\"http:\/\/www.diabetikerbund.de\" target=\"_blank\" rel=\"noopener noreferrer\">Deutscher Diabetiker Bund e.V. \u00bb<\/a><\/p>\n<p><a href=\"https:\/\/www.bdi.de\/startseite\/\" target=\"_blank\" rel=\"noopener noreferrer\">Berufsverband deutscher Internisten (BDI) \u00bb<\/a><\/p>\n<p><a href=\"http:\/\/www.hdg-info.de\/\" target=\"_blank\" rel=\"noopener\">Hessische Diabetiker Gesellschaft (HDG) \u00bb<\/a><\/p>\n<p><a href=\"http:\/\/www.ag-fuss-ddg.de\/\" target=\"_blank\" rel=\"noopener\">AG \"Diabetischer Fu\u00df\" der DDG \u00bb<\/a><\/p>\n<p><a href=\"http:\/\/schwangerschaft.deutsche-diabetes-gesellschaft.de\/\" target=\"_blank\" rel=\"noopener\">AG\u00a0\u201eDiabetes &amp; Schwangerschaft\"\u00a0der DDG \u00bb<\/a><\/p>\n<p><a href=\"https:\/\/diabetes-technologie.de\/\" target=\"_blank\" rel=\"noopener\">AG \"Diabetes &amp; Technologie\" der DDG \u00bb<\/a><\/p>\n<p><a href=\"https:\/\/www.diabetologen-hessen.de\/\" target=\"_blank\" rel=\"noopener\">Diabetologen eG Hessen \u00bb<\/a><\/p>\n<p><a href=\"https:\/\/www.windiab.de\/\" target=\"_blank\" rel=\"noopener\">winDiab GmbH \u00bb<\/a><\/p>\n<\/div>\n<\/div><\/div><\/div><\/div><\/div>","protected":false},"excerpt":{"rendered":"<p>Historia de la Cl\u00ednica especializada en Diabetes Dr. Tews El primero de Julio del 2006 Dr. Dietrich Tews abri\u00f3 su cl\u00ednica de diabetes en las instalaciones del Hospital Main-Kinzig, dentro del \u00e1rea de asistencia m\u00e9dica MVZ. Al principio contaba \u00fanicamente con una colaboradora, la demanda creci\u00f3 y diversas ampliaciones en la cl\u00ednica se realizaron en &hellip;<\/p>\n","protected":false},"author":1,"featured_media":0,"parent":0,"menu_order":3,"comment_status":"closed","ping_status":"closed","template":"template-builder-page.php","meta":{"_acf_changed":false,"footnotes":""},"class_list":["post-1162","page","type-page","status-publish","hentry"],"acf":[],"yoast_head":"<!-- This site is optimized with the Yoast SEO plugin v27.5 - https:\/\/yoast.com\/product\/yoast-seo-wordpress\/ -->\n<title>Cl\u00ednica - MVZ Diabeteszentrum Dr. Tews GmbH<\/title>\n<meta name=\"robots\" content=\"index, follow, max-snippet:-1, max-image-preview:large, max-video-preview:-1\" \/>\n<link rel=\"canonical\" href=\"https:\/\/www.tews-diabetes.de\/es\/clinica\/\" \/>\n<meta property=\"og:locale\" content=\"es_ES\" \/>\n<meta property=\"og:type\" content=\"article\" \/>\n<meta property=\"og:title\" content=\"Cl\u00ednica - MVZ Diabeteszentrum Dr. Tews GmbH\" \/>\n<meta property=\"og:description\" content=\"Historia de la Cl\u00ednica especializada en Diabetes Dr. Tews El primero de Julio del 2006 Dr. Dietrich Tews abri\u00f3 su cl\u00ednica de diabetes en las instalaciones del Hospital Main-Kinzig, dentro del \u00e1rea de asistencia m\u00e9dica MVZ. Al principio contaba \u00fanicamente con una colaboradora, la demanda creci\u00f3 y diversas ampliaciones en la cl\u00ednica se realizaron en &hellip;\" \/>\n<meta property=\"og:url\" content=\"https:\/\/www.tews-diabetes.de\/es\/clinica\/\" \/>\n<meta property=\"og:site_name\" content=\"MVZ Diabeteszentrum Dr. Tews GmbH\" \/>\n<meta property=\"article:modified_time\" content=\"2024-07-15T07:46:18+00:00\" \/>\n<meta name=\"twitter:card\" content=\"summary_large_image\" \/>\n<meta name=\"twitter:label1\" content=\"Tiempo de lectura\" \/>\n\t<meta name=\"twitter:data1\" content=\"3 minutos\" \/>\n<script type=\"application\/ld+json\" class=\"yoast-schema-graph\">{\"@context\":\"https:\\\/\\\/schema.org\",\"@graph\":[{\"@type\":\"WebPage\",\"@id\":\"https:\\\/\\\/www.tews-diabetes.de\\\/es\\\/clinica\\\/\",\"url\":\"https:\\\/\\\/www.tews-diabetes.de\\\/es\\\/clinica\\\/\",\"name\":\"Cl\u00ednica - MVZ Diabeteszentrum Dr. Tews GmbH\",\"isPartOf\":{\"@id\":\"https:\\\/\\\/www.tews-diabetes.de\\\/es\\\/#website\"},\"datePublished\":\"2016-05-31T19:13:57+00:00\",\"dateModified\":\"2024-07-15T07:46:18+00:00\",\"breadcrumb\":{\"@id\":\"https:\\\/\\\/www.tews-diabetes.de\\\/es\\\/clinica\\\/#breadcrumb\"},\"inLanguage\":\"es\",\"potentialAction\":[{\"@type\":\"ReadAction\",\"target\":[\"https:\\\/\\\/www.tews-diabetes.de\\\/es\\\/clinica\\\/\"]}]},{\"@type\":\"BreadcrumbList\",\"@id\":\"https:\\\/\\\/www.tews-diabetes.de\\\/es\\\/clinica\\\/#breadcrumb\",\"itemListElement\":[{\"@type\":\"ListItem\",\"position\":1,\"name\":\"Startseite\",\"item\":\"https:\\\/\\\/www.tews-diabetes.de\\\/es\\\/\"},{\"@type\":\"ListItem\",\"position\":2,\"name\":\"Cl\u00ednica\"}]},{\"@type\":\"WebSite\",\"@id\":\"https:\\\/\\\/www.tews-diabetes.de\\\/es\\\/#website\",\"url\":\"https:\\\/\\\/www.tews-diabetes.de\\\/es\\\/\",\"name\":\"MVZ Diabeteszentrum Dr. Tews GmbH\",\"description\":\"\",\"potentialAction\":[{\"@type\":\"SearchAction\",\"target\":{\"@type\":\"EntryPoint\",\"urlTemplate\":\"https:\\\/\\\/www.tews-diabetes.de\\\/es\\\/?s={search_term_string}\"},\"query-input\":{\"@type\":\"PropertyValueSpecification\",\"valueRequired\":true,\"valueName\":\"search_term_string\"}}],\"inLanguage\":\"es\"}]}<\/script>\n<!-- \/ Yoast SEO plugin. -->","yoast_head_json":{"title":"Cl\u00ednica - MVZ Diabeteszentrum Dr. Tews GmbH","robots":{"index":"index","follow":"follow","max-snippet":"max-snippet:-1","max-image-preview":"max-image-preview:large","max-video-preview":"max-video-preview:-1"},"canonical":"https:\/\/www.tews-diabetes.de\/es\/clinica\/","og_locale":"es_ES","og_type":"article","og_title":"Cl\u00ednica - MVZ Diabeteszentrum Dr. Tews GmbH","og_description":"Historia de la Cl\u00ednica especializada en Diabetes Dr. Tews El primero de Julio del 2006 Dr. Dietrich Tews abri\u00f3 su cl\u00ednica de diabetes en las instalaciones del Hospital Main-Kinzig, dentro del \u00e1rea de asistencia m\u00e9dica MVZ. Al principio contaba \u00fanicamente con una colaboradora, la demanda creci\u00f3 y diversas ampliaciones en la cl\u00ednica se realizaron en &hellip;","og_url":"https:\/\/www.tews-diabetes.de\/es\/clinica\/","og_site_name":"MVZ Diabeteszentrum Dr. Tews GmbH","article_modified_time":"2024-07-15T07:46:18+00:00","twitter_card":"summary_large_image","twitter_misc":{"Tiempo de lectura":"3 minutos"},"schema":{"@context":"https:\/\/schema.org","@graph":[{"@type":"WebPage","@id":"https:\/\/www.tews-diabetes.de\/es\/clinica\/","url":"https:\/\/www.tews-diabetes.de\/es\/clinica\/","name":"Cl\u00ednica - MVZ Diabeteszentrum Dr. Tews GmbH","isPartOf":{"@id":"https:\/\/www.tews-diabetes.de\/es\/#website"},"datePublished":"2016-05-31T19:13:57+00:00","dateModified":"2024-07-15T07:46:18+00:00","breadcrumb":{"@id":"https:\/\/www.tews-diabetes.de\/es\/clinica\/#breadcrumb"},"inLanguage":"es","potentialAction":[{"@type":"ReadAction","target":["https:\/\/www.tews-diabetes.de\/es\/clinica\/"]}]},{"@type":"BreadcrumbList","@id":"https:\/\/www.tews-diabetes.de\/es\/clinica\/#breadcrumb","itemListElement":[{"@type":"ListItem","position":1,"name":"Startseite","item":"https:\/\/www.tews-diabetes.de\/es\/"},{"@type":"ListItem","position":2,"name":"Cl\u00ednica"}]},{"@type":"WebSite","@id":"https:\/\/www.tews-diabetes.de\/es\/#website","url":"https:\/\/www.tews-diabetes.de\/es\/","name":"MVZ Diabeteszentrum Dr. Tews GmbH","description":"","potentialAction":[{"@type":"SearchAction","target":{"@type":"EntryPoint","urlTemplate":"https:\/\/www.tews-diabetes.de\/es\/?s={search_term_string}"},"query-input":{"@type":"PropertyValueSpecification","valueRequired":true,"valueName":"search_term_string"}}],"inLanguage":"es"}]}},"_links":{"self":[{"href":"https:\/\/www.tews-diabetes.de\/es\/wp-json\/wp\/v2\/pages\/1162","targetHints":{"allow":["GET"]}}],"collection":[{"href":"https:\/\/www.tews-diabetes.de\/es\/wp-json\/wp\/v2\/pages"}],"about":[{"href":"https:\/\/www.tews-diabetes.de\/es\/wp-json\/wp\/v2\/types\/page"}],"author":[{"embeddable":true,"href":"https:\/\/www.tews-diabetes.de\/es\/wp-json\/wp\/v2\/users\/1"}],"replies":[{"embeddable":true,"href":"https:\/\/www.tews-diabetes.de\/es\/wp-json\/wp\/v2\/comments?post=1162"}],"version-history":[{"count":9,"href":"https:\/\/www.tews-diabetes.de\/es\/wp-json\/wp\/v2\/pages\/1162\/revisions"}],"predecessor-version":[{"id":6674,"href":"https:\/\/www.tews-diabetes.de\/es\/wp-json\/wp\/v2\/pages\/1162\/revisions\/6674"}],"wp:attachment":[{"href":"https:\/\/www.tews-diabetes.de\/es\/wp-json\/wp\/v2\/media?parent=1162"}],"curies":[{"name":"wp","href":"https:\/\/api.w.org\/{rel}","templated":true}]}}