{"id":1155,"date":"2016-03-21T21:06:03","date_gmt":"2016-03-21T20:06:03","guid":{"rendered":"https:\/\/www.tews-diabetes.de\/startseite\/"},"modified":"2024-01-02T08:08:18","modified_gmt":"2024-01-02T07:08:18","slug":"startseite","status":"publish","type":"page","link":"https:\/\/www.tews-diabetes.de\/es\/","title":{"rendered":"Inicio"},"content":{"rendered":"<div id=\"pl-1155\"  class=\"panel-layout\" ><div id=\"pg-1155-0\"  class=\"panel-grid panel-no-style\" ><div id=\"pgc-1155-0-0\"  class=\"panel-grid-cell\" ><div id=\"panel-1155-0-0-0\" class=\"so-panel widget widget_sow-editor panel-first-child\" data-index=\"0\" ><div\n\t\t\t\n\t\t\tclass=\"so-widget-sow-editor so-widget-sow-editor-base\"\n\t\t\t\n\t\t><h2 class=\"widget-title\">Cl\u00ednica de Diabetes<\/h2>\n<div class=\"siteorigin-widget-tinymce textwidget\">\n\t<h3 style=\"text-align: left;\">Su salud a largo plazo y su calidad de vida son para nosotros de suma importancia.<\/h3>\n<p><img loading=\"lazy\" decoding=\"async\" class=\"wp-image-3946 alignleft\" src=\"https:\/\/www.tews-diabetes.de\/wp-content\/uploads\/ChefIMG_9702-225x300.jpg\" alt=\"\" width=\"217\" height=\"289\" srcset=\"https:\/\/www.tews-diabetes.de\/wp-content\/uploads\/ChefIMG_9702-225x300.jpg 225w, https:\/\/www.tews-diabetes.de\/wp-content\/uploads\/ChefIMG_9702-773x1030.jpg 773w, https:\/\/www.tews-diabetes.de\/wp-content\/uploads\/ChefIMG_9702-1152x1536.jpg 1152w, https:\/\/www.tews-diabetes.de\/wp-content\/uploads\/ChefIMG_9702-1536x2048.jpg 1536w, https:\/\/www.tews-diabetes.de\/wp-content\/uploads\/ChefIMG_9702-416x555.jpg 416w, https:\/\/www.tews-diabetes.de\/wp-content\/uploads\/ChefIMG_9702.jpg 1769w\" sizes=\"auto, (max-width: 217px) 100vw, 217px\" \/><\/p>\n<p style=\"text-align: left;\">Como especialistas en diabetes sabemos que no siempre es f\u00e1cil tratar con temas de Diabetes. Es por eso que queremos brindarle soporte con nuestros conocimientos especializados as\u00ed como nuestra experiencia, con el objetivo de que pueda sobrellevar los retos que representa padecer diabetes.<\/p>\n<p style=\"text-align: left;\">En conjunto con su m\u00e9dico de cabecera y sus m\u00e9dicos especialistas planificamos para usted un tratamiento personalizado e individualizado basado en conocimientos cient\u00edficos, tomando en cuenta as\u00ed mismo sus deseos y peticiones, y modificando el tratamiento continuamente acorde a su situaci\u00f3n de vida y necesidades. Mientras el programa de tratamiento se ajuste m\u00e1s a su estilo de vida, le ser\u00e1 m\u00e1s f\u00e1cil gozar de su vida cotidiana sin preocupaciones.<\/p>\n<p><img loading=\"lazy\" decoding=\"async\" class=\" wp-image-484 alignleft\" src=\"https:\/\/www.tews-diabetes.de\/wp-content\/uploads\/unterschrift_tews.jpg\" alt=\"\" width=\"244\" height=\"32\" \/><\/p>\n<\/div>\n<\/div><\/div><div id=\"panel-1155-0-0-1\" class=\"so-panel widget widget_sow-editor panel-last-child\" data-index=\"1\" ><div\n\t\t\t\n\t\t\tclass=\"so-widget-sow-editor so-widget-sow-editor-base\"\n\t\t\t\n\t\t><h2 class=\"widget-title\">Nuestros servicios en resumen<\/h2>\n<div class=\"siteorigin-widget-tinymce textwidget\">\n\t<h4><a href=\"\/wp-content\/uploads\/dr-tews-beratung.jpg\" data-rel=\"lightbox-gallery-0\" data-rl_title=\"\" data-rl_caption=\"\" title=\"\"><img loading=\"lazy\" decoding=\"async\" class=\"alignleft wp-image-481 size-medium\" src=\"https:\/\/www.tews-diabetes.de\/wp-content\/uploads\/dr-tews-beratung-300x268.jpg\" alt=\"dr-tews-beratung\" width=\"300\" height=\"268\" srcset=\"https:\/\/www.tews-diabetes.de\/wp-content\/uploads\/dr-tews-beratung-300x268.jpg 300w, https:\/\/www.tews-diabetes.de\/wp-content\/uploads\/dr-tews-beratung-555x496.jpg 555w, https:\/\/www.tews-diabetes.de\/wp-content\/uploads\/dr-tews-beratung.jpg 1012w\" sizes=\"auto, (max-width: 300px) 100vw, 300px\" \/><\/a>Estudios de Diabetes<\/h4>\n<p>En la Cl\u00ednica de MVZ Diabetes Dr. Tews GmbH llevamos a cabo un amplio espectro de estudios relacionados con diabetes. Un control trimestral ayuda a conservar su salud y su calidad de vida a largo plazo.<\/p>\n<h4>Asesor\u00eda integral<\/h4>\n<p>Nuestro equipo conformado por diabet\u00f3logos, asesores en diabetes y asistentes en diabetes, le brinda ayuda a trav\u00e9s de un asesoramiento completo sobre el tratamiento, alimentaci\u00f3n y estilo de vida.<\/p>\n<h4>An\u00e1lisis de laboratorio<\/h4>\n<p>Nuestro equipo de asistentes especializados en la salud se encarga de la buena organizaci\u00f3n en la cl\u00ednica, as\u00ed como de llevar a cabo an\u00e1lisis cl\u00ednicos acorde a los est\u00e1ndares de calidad.<\/p>\n<h4>Cursos de Diabetes<\/h4>\n<p>A trav\u00e9s de cursos dise\u00f1ado especialmente para diab\u00e9ticos como parte del tratamiento, podr\u00e1 entender y aprender c\u00f3mo vivir mejor con diabetes.<\/p>\n<h4>Cl\u00ednica certificada para el pie diab\u00e9tico<\/h4>\n<p>Expertos en heridas con preparaci\u00f3n especial atienden las lesiones en la cl\u00ednica certificada para el pie diab\u00e9tico, con el objetivo de conservar en buen estado sus extremidades y dar tratamiento a las heridas ocasionadas por diabetes.<\/p>\n<h4>Capacitaci\u00f3n profesional<\/h4>\n<p>Nuestro equipo asiste frecuentemente a congresos y capacitaciones para conservar un alto nivel cient\u00edfico actual. Los nuevos conocimientos como por ejemplo nuevas tecnolog\u00edas en el \u00e1rea del control gluc\u00e9mico, las bombas de insulina y el an\u00e1lisis de datos, favorecen al tratamiento..<\/p>\n<h4>Participaci\u00f3n en estudios cl\u00ednicos<\/h4>\n<p>En conjunto con otros centros nacionales e internacionales y con la industria farmac\u00e9utica llevamos a cabo estudios relacionados con diabetes, mismos que proporcionan un avance cient\u00edfico en el tratamiento de diabetes.<\/p>\n<h4>Formaci\u00f3n profesional y cursos de formaci\u00f3n continua<\/h4>\n<p>Nuestro objetivo es compartir nuestro conocimiento y la experiencia adquirida. Como una cl\u00ednica de diabetes certificada por la Asociaci\u00f3n Alemana de Diabetes (Deutsche Diabetes Gesellschaft) estamos capacitados y habilitados para formar m\u00e9dicos como diabet\u00f3logos. Adem\u00e1s contamos con la autorizaci\u00f3n por parte de la Asociaci\u00f3n de M\u00e9dicos de Hessen (Landes\u00e4rztekammer Hessen) para la formaci\u00f3n profesional en medicina interna.<\/p>\n<p>Ofrecemos la posibilidad de hacer una pr\u00e1ctica en el marco de certificaciones y cursos de formaci\u00f3n continua en el \u00e1rea de diabetes, as\u00ed como en el \u00e1rea de control de heridas.<\/p>\n<p>Constantemente entrenamos y capacitamos a asistentes especializados en la salud. Si desea conocer m\u00e1s acerca de la formaci\u00f3n profesional en nuestra cl\u00ednica especializada, puede hacer click aqu\u00ed.<\/p>\n<\/div>\n<\/div><\/div><\/div><\/div><\/div>","protected":false},"excerpt":{"rendered":"<p>Su salud a largo plazo y su calidad de vida son para nosotros de suma importancia. Como especialistas en diabetes sabemos que no siempre es f\u00e1cil tratar con temas de Diabetes. Es por eso que queremos brindarle soporte con nuestros conocimientos especializados as\u00ed como nuestra experiencia, con el objetivo de que pueda sobrellevar los retos &hellip;<\/p>\n","protected":false},"author":1,"featured_media":0,"parent":0,"menu_order":1,"comment_status":"closed","ping_status":"open","template":"template-front-page-slider.php","meta":{"_acf_changed":false,"footnotes":""},"class_list":["post-1155","page","type-page","status-publish","hentry"],"acf":[],"yoast_head":"<!-- This site is optimized with the Yoast SEO plugin v27.5 - https:\/\/yoast.com\/product\/yoast-seo-wordpress\/ -->\n<title>Inicio - MVZ Diabeteszentrum Dr. Tews GmbH<\/title>\n<meta name=\"description\" content=\"Das Diabetes Zentrum Dr. Tews in Gelnhausen ist Ihr Spezialist f\u00fcr Diabetologie bei dem Ihre langfristige Gesundheit an erster Stelle steht.\" \/>\n<meta name=\"robots\" content=\"index, follow, max-snippet:-1, max-image-preview:large, max-video-preview:-1\" \/>\n<link rel=\"canonical\" href=\"https:\/\/www.tews-diabetes.de\/es\/\" \/>\n<meta property=\"og:locale\" content=\"es_ES\" \/>\n<meta property=\"og:type\" content=\"article\" \/>\n<meta property=\"og:title\" content=\"Inicio - MVZ Diabeteszentrum Dr. Tews GmbH\" \/>\n<meta property=\"og:description\" content=\"Das Diabetes Zentrum Dr. Tews in Gelnhausen ist Ihr Spezialist f\u00fcr Diabetologie bei dem Ihre langfristige Gesundheit an erster Stelle steht.\" \/>\n<meta property=\"og:url\" content=\"https:\/\/www.tews-diabetes.de\/es\/\" \/>\n<meta property=\"og:site_name\" content=\"MVZ Diabeteszentrum Dr. Tews GmbH\" \/>\n<meta property=\"article:modified_time\" content=\"2024-01-02T07:08:18+00:00\" \/>\n<meta property=\"og:image\" content=\"https:\/\/www.tews-diabetes.de\/wp-content\/uploads\/ChefIMG_9702-225x300.jpg\" \/>\n<meta name=\"twitter:card\" content=\"summary_large_image\" \/>\n<meta name=\"twitter:label1\" content=\"Tiempo de lectura\" \/>\n\t<meta name=\"twitter:data1\" content=\"4 minutos\" \/>\n<script type=\"application\/ld+json\" class=\"yoast-schema-graph\">{\"@context\":\"https:\\\/\\\/schema.org\",\"@graph\":[{\"@type\":\"WebPage\",\"@id\":\"https:\\\/\\\/www.tews-diabetes.de\\\/es\\\/\",\"url\":\"https:\\\/\\\/www.tews-diabetes.de\\\/es\\\/\",\"name\":\"Inicio - MVZ Diabeteszentrum Dr. Tews GmbH\",\"isPartOf\":{\"@id\":\"https:\\\/\\\/www.tews-diabetes.de\\\/es\\\/#website\"},\"primaryImageOfPage\":{\"@id\":\"https:\\\/\\\/www.tews-diabetes.de\\\/es\\\/#primaryimage\"},\"image\":{\"@id\":\"https:\\\/\\\/www.tews-diabetes.de\\\/es\\\/#primaryimage\"},\"thumbnailUrl\":\"https:\\\/\\\/www.tews-diabetes.de\\\/wp-content\\\/uploads\\\/ChefIMG_9702-225x300.jpg\",\"datePublished\":\"2016-03-21T20:06:03+00:00\",\"dateModified\":\"2024-01-02T07:08:18+00:00\",\"description\":\"Das Diabetes Zentrum Dr. Tews in Gelnhausen ist Ihr Spezialist f\u00fcr Diabetologie bei dem Ihre langfristige Gesundheit an erster Stelle steht.\",\"breadcrumb\":{\"@id\":\"https:\\\/\\\/www.tews-diabetes.de\\\/es\\\/#breadcrumb\"},\"inLanguage\":\"es\",\"potentialAction\":[{\"@type\":\"ReadAction\",\"target\":[\"https:\\\/\\\/www.tews-diabetes.de\\\/es\\\/\"]}]},{\"@type\":\"ImageObject\",\"inLanguage\":\"es\",\"@id\":\"https:\\\/\\\/www.tews-diabetes.de\\\/es\\\/#primaryimage\",\"url\":\"https:\\\/\\\/www.tews-diabetes.de\\\/wp-content\\\/uploads\\\/ChefIMG_9702-225x300.jpg\",\"contentUrl\":\"https:\\\/\\\/www.tews-diabetes.de\\\/wp-content\\\/uploads\\\/ChefIMG_9702-225x300.jpg\"},{\"@type\":\"BreadcrumbList\",\"@id\":\"https:\\\/\\\/www.tews-diabetes.de\\\/es\\\/#breadcrumb\",\"itemListElement\":[{\"@type\":\"ListItem\",\"position\":1,\"name\":\"Startseite\",\"item\":\"https:\\\/\\\/www.tews-diabetes.de\\\/es\\\/\"},{\"@type\":\"ListItem\",\"position\":2,\"name\":\"Inicio\"}]},{\"@type\":\"WebSite\",\"@id\":\"https:\\\/\\\/www.tews-diabetes.de\\\/es\\\/#website\",\"url\":\"https:\\\/\\\/www.tews-diabetes.de\\\/es\\\/\",\"name\":\"MVZ Diabeteszentrum Dr. Tews GmbH\",\"description\":\"\",\"potentialAction\":[{\"@type\":\"SearchAction\",\"target\":{\"@type\":\"EntryPoint\",\"urlTemplate\":\"https:\\\/\\\/www.tews-diabetes.de\\\/es\\\/?s={search_term_string}\"},\"query-input\":{\"@type\":\"PropertyValueSpecification\",\"valueRequired\":true,\"valueName\":\"search_term_string\"}}],\"inLanguage\":\"es\"}]}<\/script>\n<!-- \/ Yoast SEO plugin. -->","yoast_head_json":{"title":"Inicio - MVZ Diabeteszentrum Dr. Tews GmbH","description":"Das Diabetes Zentrum Dr. Tews in Gelnhausen ist Ihr Spezialist f\u00fcr Diabetologie bei dem Ihre langfristige Gesundheit an erster Stelle steht.","robots":{"index":"index","follow":"follow","max-snippet":"max-snippet:-1","max-image-preview":"max-image-preview:large","max-video-preview":"max-video-preview:-1"},"canonical":"https:\/\/www.tews-diabetes.de\/es\/","og_locale":"es_ES","og_type":"article","og_title":"Inicio - MVZ Diabeteszentrum Dr. Tews GmbH","og_description":"Das Diabetes Zentrum Dr. Tews in Gelnhausen ist Ihr Spezialist f\u00fcr Diabetologie bei dem Ihre langfristige Gesundheit an erster Stelle steht.","og_url":"https:\/\/www.tews-diabetes.de\/es\/","og_site_name":"MVZ Diabeteszentrum Dr. Tews GmbH","article_modified_time":"2024-01-02T07:08:18+00:00","og_image":[{"url":"https:\/\/www.tews-diabetes.de\/wp-content\/uploads\/ChefIMG_9702-225x300.jpg","type":"","width":"","height":""}],"twitter_card":"summary_large_image","twitter_misc":{"Tiempo de lectura":"4 minutos"},"schema":{"@context":"https:\/\/schema.org","@graph":[{"@type":"WebPage","@id":"https:\/\/www.tews-diabetes.de\/es\/","url":"https:\/\/www.tews-diabetes.de\/es\/","name":"Inicio - MVZ Diabeteszentrum Dr. Tews GmbH","isPartOf":{"@id":"https:\/\/www.tews-diabetes.de\/es\/#website"},"primaryImageOfPage":{"@id":"https:\/\/www.tews-diabetes.de\/es\/#primaryimage"},"image":{"@id":"https:\/\/www.tews-diabetes.de\/es\/#primaryimage"},"thumbnailUrl":"https:\/\/www.tews-diabetes.de\/wp-content\/uploads\/ChefIMG_9702-225x300.jpg","datePublished":"2016-03-21T20:06:03+00:00","dateModified":"2024-01-02T07:08:18+00:00","description":"Das Diabetes Zentrum Dr. Tews in Gelnhausen ist Ihr Spezialist f\u00fcr Diabetologie bei dem Ihre langfristige Gesundheit an erster Stelle steht.","breadcrumb":{"@id":"https:\/\/www.tews-diabetes.de\/es\/#breadcrumb"},"inLanguage":"es","potentialAction":[{"@type":"ReadAction","target":["https:\/\/www.tews-diabetes.de\/es\/"]}]},{"@type":"ImageObject","inLanguage":"es","@id":"https:\/\/www.tews-diabetes.de\/es\/#primaryimage","url":"https:\/\/www.tews-diabetes.de\/wp-content\/uploads\/ChefIMG_9702-225x300.jpg","contentUrl":"https:\/\/www.tews-diabetes.de\/wp-content\/uploads\/ChefIMG_9702-225x300.jpg"},{"@type":"BreadcrumbList","@id":"https:\/\/www.tews-diabetes.de\/es\/#breadcrumb","itemListElement":[{"@type":"ListItem","position":1,"name":"Startseite","item":"https:\/\/www.tews-diabetes.de\/es\/"},{"@type":"ListItem","position":2,"name":"Inicio"}]},{"@type":"WebSite","@id":"https:\/\/www.tews-diabetes.de\/es\/#website","url":"https:\/\/www.tews-diabetes.de\/es\/","name":"MVZ Diabeteszentrum Dr. Tews GmbH","description":"","potentialAction":[{"@type":"SearchAction","target":{"@type":"EntryPoint","urlTemplate":"https:\/\/www.tews-diabetes.de\/es\/?s={search_term_string}"},"query-input":{"@type":"PropertyValueSpecification","valueRequired":true,"valueName":"search_term_string"}}],"inLanguage":"es"}]}},"_links":{"self":[{"href":"https:\/\/www.tews-diabetes.de\/es\/wp-json\/wp\/v2\/pages\/1155","targetHints":{"allow":["GET"]}}],"collection":[{"href":"https:\/\/www.tews-diabetes.de\/es\/wp-json\/wp\/v2\/pages"}],"about":[{"href":"https:\/\/www.tews-diabetes.de\/es\/wp-json\/wp\/v2\/types\/page"}],"author":[{"embeddable":true,"href":"https:\/\/www.tews-diabetes.de\/es\/wp-json\/wp\/v2\/users\/1"}],"replies":[{"embeddable":true,"href":"https:\/\/www.tews-diabetes.de\/es\/wp-json\/wp\/v2\/comments?post=1155"}],"version-history":[{"count":13,"href":"https:\/\/www.tews-diabetes.de\/es\/wp-json\/wp\/v2\/pages\/1155\/revisions"}],"predecessor-version":[{"id":6440,"href":"https:\/\/www.tews-diabetes.de\/es\/wp-json\/wp\/v2\/pages\/1155\/revisions\/6440"}],"wp:attachment":[{"href":"https:\/\/www.tews-diabetes.de\/es\/wp-json\/wp\/v2\/media?parent=1155"}],"curies":[{"name":"wp","href":"https:\/\/api.w.org\/{rel}","templated":true}]}}